{"id":678,"date":"2020-07-31T11:02:05","date_gmt":"2020-07-31T09:02:05","guid":{"rendered":"http:\/\/localhost:8888\/neo\/accueil\/"},"modified":"2020-10-08T10:15:04","modified_gmt":"2020-10-08T08:15:04","slug":"accueil","status":"publish","type":"page","link":"https:\/\/neobrussels.com\/nl\/","title":{"rendered":"Onthaal"},"content":{"rendered":"\n<h2 class=\"wp-block-heading\">NEO heeft als doel de 68 hectare van het Heizelplateau te herontwikkelen tot een stadsdeel waar zowel de inwoners als de bezoekers zich toe aangetrokken voelen en dat bovendien uitstekend is aangesloten op de omliggende wijken en het Brusselse stadscentrum.<\/h2>\n\n\n\n<p>NEO is vernieuwend, ambitieus en multifunctioneel. Het plateau wordt zodanig heringericht dat de bestaande monumenten, zoals het Atomium en de Tentoonstellingspaleizen die voor de Wereldtentoonstelling van 1935 werden gebouwd, de toekomst tegemoet kunnen gaan in harmonie met de aan de levenskwaliteit gewijde functies (wonen, cultuur, recreatie, sport \u2026), de economische ontwikkeling en de internationale uitstraling van Brussel. Deze herinrichting gaat gepaard met een groenvoorziening die wel 40% extra groene ruimte zal opleveren.&nbsp;<\/p>\n\n\n\n<p>De reorganisatie van de functies en de activiteiten komt de openbare ruimten en de toegankelijkheid van de site ten goede. De transformatie van het Heizelplateau verloopt in meerdere fasen.<\/p>\n","protected":false},"excerpt":{"rendered":"<p>NEO heeft als doel de 68 hectare van het Heizelplateau te herontwikkelen tot een stadsdeel waar zowel de inwoners als de bezoekers zich toe aangetrokken&#8230; <a class=\"more\" href=\"https:\/\/neobrussels.com\/nl\/\">Doorgaan<\/a><\/p>\n","protected":false},"author":1,"featured_media":0,"parent":0,"menu_order":0,"comment_status":"closed","ping_status":"closed","template":"front-page.php","meta":{"_acf_changed":false,"footnotes":""},"class_list":["post-678","page","type-page","status-publish","hentry"],"acf":[],"yoast_head":"<!-- This site is optimized with the Yoast SEO plugin v24.2 - https:\/\/yoast.com\/wordpress\/plugins\/seo\/ -->\n<title>Onthaal - NEO<\/title>\n<meta name=\"robots\" content=\"index, follow, max-snippet:-1, max-image-preview:large, max-video-preview:-1\" \/>\n<link rel=\"canonical\" href=\"https:\/\/neobrussels.com\/nl\/\" \/>\n<meta property=\"og:locale\" content=\"nl_NL\" \/>\n<meta property=\"og:type\" content=\"article\" \/>\n<meta property=\"og:title\" content=\"Onthaal - NEO\" \/>\n<meta property=\"og:description\" content=\"NEO heeft als doel de 68 hectare van het Heizelplateau te herontwikkelen tot een stadsdeel waar zowel de inwoners als de bezoekers zich toe aangetrokken... Doorgaan\" \/>\n<meta property=\"og:url\" content=\"https:\/\/neobrussels.com\/nl\/\" \/>\n<meta property=\"og:site_name\" content=\"NEO\" \/>\n<meta property=\"article:modified_time\" content=\"2020-10-08T08:15:04+00:00\" \/>\n<meta name=\"twitter:card\" content=\"summary_large_image\" \/>\n<meta name=\"twitter:label1\" content=\"Geschatte leestijd\" \/>\n\t<meta name=\"twitter:data1\" content=\"1 minuut\" \/>\n<script type=\"application\/ld+json\" class=\"yoast-schema-graph\">{\"@context\":\"https:\/\/schema.org\",\"@graph\":[{\"@type\":\"WebPage\",\"@id\":\"https:\/\/neobrussels.com\/nl\/\",\"url\":\"https:\/\/neobrussels.com\/nl\/\",\"name\":\"Onthaal - NEO\",\"isPartOf\":{\"@id\":\"https:\/\/neobrussels.com\/nl\/#website\"},\"datePublished\":\"2020-07-31T09:02:05+00:00\",\"dateModified\":\"2020-10-08T08:15:04+00:00\",\"breadcrumb\":{\"@id\":\"https:\/\/neobrussels.com\/nl\/#breadcrumb\"},\"inLanguage\":\"nl-NL\",\"potentialAction\":[{\"@type\":\"ReadAction\",\"target\":[\"https:\/\/neobrussels.com\/nl\/\"]}]},{\"@type\":\"BreadcrumbList\",\"@id\":\"https:\/\/neobrussels.com\/nl\/#breadcrumb\",\"itemListElement\":[{\"@type\":\"ListItem\",\"position\":1,\"name\":\"Accueil\",\"item\":\"https:\/\/neobrussels.com\/nl\/\"},{\"@type\":\"ListItem\",\"position\":2,\"name\":\"Onthaal\"}]},{\"@type\":\"WebSite\",\"@id\":\"https:\/\/neobrussels.com\/nl\/#website\",\"url\":\"https:\/\/neobrussels.com\/nl\/\",\"name\":\"NEO Brussels\",\"description\":\"D\u00e9veloppement et r\u00e9am\u00e9nagement du plateau du Heysel. Une nouvelle ambition pour Bruxelles.\",\"publisher\":{\"@id\":\"https:\/\/neobrussels.com\/nl\/#organization\"},\"potentialAction\":[{\"@type\":\"SearchAction\",\"target\":{\"@type\":\"EntryPoint\",\"urlTemplate\":\"https:\/\/neobrussels.com\/nl\/?s={search_term_string}\"},\"query-input\":{\"@type\":\"PropertyValueSpecification\",\"valueRequired\":true,\"valueName\":\"search_term_string\"}}],\"inLanguage\":\"nl-NL\"},{\"@type\":\"Organization\",\"@id\":\"https:\/\/neobrussels.com\/nl\/#organization\",\"name\":\"NEO\",\"url\":\"https:\/\/neobrussels.com\/nl\/\",\"logo\":{\"@type\":\"ImageObject\",\"inLanguage\":\"nl-NL\",\"@id\":\"https:\/\/neobrussels.com\/nl\/#\/schema\/logo\/image\/\",\"url\":\"https:\/\/neobrussels.com\/wp-content\/uploads\/2025\/01\/Sans-titre-2.png\",\"contentUrl\":\"https:\/\/neobrussels.com\/wp-content\/uploads\/2025\/01\/Sans-titre-2.png\",\"width\":186,\"height\":228,\"caption\":\"NEO\"},\"image\":{\"@id\":\"https:\/\/neobrussels.com\/nl\/#\/schema\/logo\/image\/\"},\"sameAs\":[\"https:\/\/www.linkedin.com\/company\/103968427\/admin\/dashboard\/\"]}]}<\/script>\n<!-- \/ Yoast SEO plugin. -->","yoast_head_json":{"title":"Onthaal - NEO","robots":{"index":"index","follow":"follow","max-snippet":"max-snippet:-1","max-image-preview":"max-image-preview:large","max-video-preview":"max-video-preview:-1"},"canonical":"https:\/\/neobrussels.com\/nl\/","og_locale":"nl_NL","og_type":"article","og_title":"Onthaal - NEO","og_description":"NEO heeft als doel de 68 hectare van het Heizelplateau te herontwikkelen tot een stadsdeel waar zowel de inwoners als de bezoekers zich toe aangetrokken... Doorgaan","og_url":"https:\/\/neobrussels.com\/nl\/","og_site_name":"NEO","article_modified_time":"2020-10-08T08:15:04+00:00","twitter_card":"summary_large_image","twitter_misc":{"Geschatte leestijd":"1 minuut"},"schema":{"@context":"https:\/\/schema.org","@graph":[{"@type":"WebPage","@id":"https:\/\/neobrussels.com\/nl\/","url":"https:\/\/neobrussels.com\/nl\/","name":"Onthaal - NEO","isPartOf":{"@id":"https:\/\/neobrussels.com\/nl\/#website"},"datePublished":"2020-07-31T09:02:05+00:00","dateModified":"2020-10-08T08:15:04+00:00","breadcrumb":{"@id":"https:\/\/neobrussels.com\/nl\/#breadcrumb"},"inLanguage":"nl-NL","potentialAction":[{"@type":"ReadAction","target":["https:\/\/neobrussels.com\/nl\/"]}]},{"@type":"BreadcrumbList","@id":"https:\/\/neobrussels.com\/nl\/#breadcrumb","itemListElement":[{"@type":"ListItem","position":1,"name":"Accueil","item":"https:\/\/neobrussels.com\/nl\/"},{"@type":"ListItem","position":2,"name":"Onthaal"}]},{"@type":"WebSite","@id":"https:\/\/neobrussels.com\/nl\/#website","url":"https:\/\/neobrussels.com\/nl\/","name":"NEO Brussels","description":"D\u00e9veloppement et r\u00e9am\u00e9nagement du plateau du Heysel. Une nouvelle ambition pour Bruxelles.","publisher":{"@id":"https:\/\/neobrussels.com\/nl\/#organization"},"potentialAction":[{"@type":"SearchAction","target":{"@type":"EntryPoint","urlTemplate":"https:\/\/neobrussels.com\/nl\/?s={search_term_string}"},"query-input":{"@type":"PropertyValueSpecification","valueRequired":true,"valueName":"search_term_string"}}],"inLanguage":"nl-NL"},{"@type":"Organization","@id":"https:\/\/neobrussels.com\/nl\/#organization","name":"NEO","url":"https:\/\/neobrussels.com\/nl\/","logo":{"@type":"ImageObject","inLanguage":"nl-NL","@id":"https:\/\/neobrussels.com\/nl\/#\/schema\/logo\/image\/","url":"https:\/\/neobrussels.com\/wp-content\/uploads\/2025\/01\/Sans-titre-2.png","contentUrl":"https:\/\/neobrussels.com\/wp-content\/uploads\/2025\/01\/Sans-titre-2.png","width":186,"height":228,"caption":"NEO"},"image":{"@id":"https:\/\/neobrussels.com\/nl\/#\/schema\/logo\/image\/"},"sameAs":["https:\/\/www.linkedin.com\/company\/103968427\/admin\/dashboard\/"]}]}},"_links":{"self":[{"href":"https:\/\/neobrussels.com\/nl\/wp-json\/wp\/v2\/pages\/678","targetHints":{"allow":["GET"]}}],"collection":[{"href":"https:\/\/neobrussels.com\/nl\/wp-json\/wp\/v2\/pages"}],"about":[{"href":"https:\/\/neobrussels.com\/nl\/wp-json\/wp\/v2\/types\/page"}],"author":[{"embeddable":true,"href":"https:\/\/neobrussels.com\/nl\/wp-json\/wp\/v2\/users\/1"}],"replies":[{"embeddable":true,"href":"https:\/\/neobrussels.com\/nl\/wp-json\/wp\/v2\/comments?post=678"}],"version-history":[{"count":5,"href":"https:\/\/neobrussels.com\/nl\/wp-json\/wp\/v2\/pages\/678\/revisions"}],"predecessor-version":[{"id":1319,"href":"https:\/\/neobrussels.com\/nl\/wp-json\/wp\/v2\/pages\/678\/revisions\/1319"}],"wp:attachment":[{"href":"https:\/\/neobrussels.com\/nl\/wp-json\/wp\/v2\/media?parent=678"}],"curies":[{"name":"wp","href":"https:\/\/api.w.org\/{rel}","templated":true}]}}