{"id":656,"date":"2020-07-31T09:55:30","date_gmt":"2020-07-31T07:55:30","guid":{"rendered":"http:\/\/localhost:8888\/neo\/pour-les-professionnels\/dates-cles\/"},"modified":"2024-05-16T09:02:53","modified_gmt":"2024-05-16T07:02:53","slug":"belangrijke-datums","status":"publish","type":"page","link":"https:\/\/neobrussels.com\/nl\/toegang-pro\/belangrijke-datums\/","title":{"rendered":"Belangrijke datums"},"content":{"rendered":"\r\n<p>De ontwikkeling houdt rekening met een fasering tussen het bouwprogramma, de openbare ruimte en de infrastructuur. Deze fasering houdt rekening met de lopende concessies in de zone en de mogelijkheid om bestaande programma&#8217;s te herontwikkelen of te herklasseren.<\/p>\r\n\r\n\r\n\r\n<p><strong>2007<\/strong>: De Regering van het Brussels Hoofdstedelijk Gewest neemt een Plan voor de Internationale Ontwikkeling van Brussel (PIO) aan om de uitstraling en de aantrekkelijkheid als een van de grote steden van Europa te garanderen.<\/p>\r\n\r\n\r\n\r\n<p><strong>2010<\/strong>: KCAP wordt uit 36 kandidaten gekozen om als stadsplanner een Masterplan uit te werken voor de zone<\/p>\r\n\r\n\r\n\r\n<p><strong>2012<\/strong>: Lancering van de opdracht NEO1<\/p>\r\n\r\n\r\n\r\n<p><strong>2013<\/strong>:\u00a0<\/p>\r\n\r\n\r\n\r\n<ul class=\"wp-block-list\">\r\n<li>Opening van ING Arena, een grote, polyvalente concertzaal met ruimte voor 15.000 toeschouwers\u00a0<\/li>\r\n\r\n\r\n\r\n<li>Lancering van de opdracht NEO2<\/li>\r\n<\/ul>\r\n\r\n\r\n\r\n<p><strong>2014<\/strong>:\u00a0<\/p>\r\n\r\n\r\n\r\n<ul class=\"wp-block-list\">\r\n<li>Gunning van de opdracht voor NEO 1 aan Europea (consortium Unibail-Rodamco [vandaag URW]-CFE-Besix)\u00a0<\/li>\r\n<\/ul>\r\n\r\n\r\n\r\n<p><strong>2017<\/strong>: Aanstelling van het ontwerpbureau Omgeving als ontwerper van het Sportpark<\/p>\r\n\r\n\r\n\r\n<p><strong>2018<\/strong>:<\/p>\r\n\r\n\r\n\r\n<ul class=\"wp-block-list\">\r\n<li>Gunning van de opdracht voor NEO 2 aan het Consortium CFE Cofinimmo<\/li>\r\n\r\n\r\n\r\n<li>Ontvangst milieuattest en stedenbouwkundig attest NEO 1<\/li>\r\n\r\n\r\n\r\n<li>Vergunningsaanvraag Sportpark<\/li>\r\n<\/ul>\r\n\r\n\r\n\r\n<p><strong>2019<\/strong>:<\/p>\r\n<ul>\r\n<li>Indiening van vergunningsaanvragen NEO 1.<\/li>\r\n<li>Start werkzaamheden verbindingsweg BHG en Verregatpark.<\/li>\r\n<\/ul>\r\n<p><strong>2020<\/strong>:<\/p>\r\n<ul>\r\n<li>Vergunningen voor het Sportpark verkregen (een wijzigingsvergunning wordt ingediend in 02\/2023).<\/li>\r\n<li>de Stad Brussel ziet af van het NEO2-contract. Er lopen momenteel gesprekken tussen de Stad en het Gewest over de noodzakelijke basis voor NEO om een nieuw congrescentrum te ontwikkelen op de terreinen van het Tentoonstellingspark.<\/li>\r\n<\/ul>\r\n<p><strong>2021<\/strong>: Oplevering van de werken voor het gedeelte van de verbindingsweg tussen de Keizerin Charlottelaan en de Romeinsesteenweg.<\/p>\r\n<p><strong>2022<\/strong>:<\/p>\r\n<ul>\r\n<li>Aanhangsel bij het NEO1-contract tussen de Stad en Europea om de geldigheid ervan te verlengen tot 2026.<\/li>\r\n<li>Inhuldiging van het Verregatpark, eerste mijlpaal van NEO.<\/li>\r\n<\/ul>\r\n<p><strong>2023<\/strong>: Vergunning verkregen van het Vlaams Gewest voor het gedeelte van de verbindingsweg dat hen aanbelangt.<\/p>\r\n<p><strong>2024<\/strong>:<\/p>\r\n<ul>\r\n<li>Start van de werken aan de geluidswal voor de verbindingsweg.<\/li>\r\n<li>Opdracht voor de werken aan de tunnel en de trechter van Parking C. De werken beginnen in juni 2024 en eindigen in 2026.<\/li>\r\n<li>Het BOIC verhuist naar het Buro &amp; Design Centre, een eerste grote stap voor het Sportpark. De afbraak van de gebouwen begint in augustus 2024, gevolgd door de start van de bouwwerkzaamheden begin 2025.<\/li>\r\n<\/ul>\r\n<p>&nbsp;<\/p>\r\n","protected":false},"excerpt":{"rendered":"<p>De ontwikkeling houdt rekening met een fasering tussen het bouwprogramma, de openbare ruimte en de infrastructuur. Deze fasering houdt rekening met de lopende concessies in&#8230; <a class=\"more\" href=\"https:\/\/neobrussels.com\/nl\/toegang-pro\/belangrijke-datums\/\">Doorgaan<\/a><\/p>\n","protected":false},"author":1,"featured_media":908,"parent":632,"menu_order":4,"comment_status":"closed","ping_status":"closed","template":"","meta":{"_acf_changed":false,"footnotes":""},"class_list":["post-656","page","type-page","status-publish","has-post-thumbnail","hentry"],"acf":[],"yoast_head":"<!-- This site is optimized with the Yoast SEO plugin v24.2 - https:\/\/yoast.com\/wordpress\/plugins\/seo\/ -->\n<title>Belangrijke datums - NEO<\/title>\n<meta name=\"robots\" content=\"index, follow, max-snippet:-1, max-image-preview:large, max-video-preview:-1\" \/>\n<link rel=\"canonical\" href=\"https:\/\/neobrussels.com\/nl\/toegang-pro\/belangrijke-datums\/\" \/>\n<meta property=\"og:locale\" content=\"nl_NL\" \/>\n<meta property=\"og:type\" content=\"article\" \/>\n<meta property=\"og:title\" content=\"Belangrijke datums - NEO\" \/>\n<meta property=\"og:description\" content=\"De ontwikkeling houdt rekening met een fasering tussen het bouwprogramma, de openbare ruimte en de infrastructuur. Deze fasering houdt rekening met de lopende concessies in... Doorgaan\" \/>\n<meta property=\"og:url\" content=\"https:\/\/neobrussels.com\/nl\/toegang-pro\/belangrijke-datums\/\" \/>\n<meta property=\"og:site_name\" content=\"NEO\" \/>\n<meta property=\"article:modified_time\" content=\"2024-05-16T07:02:53+00:00\" \/>\n<meta property=\"og:image\" content=\"https:\/\/neobrussels.com\/wp-content\/uploads\/2020\/09\/atouts-2.jpg\" \/>\n\t<meta property=\"og:image:width\" content=\"1500\" \/>\n\t<meta property=\"og:image:height\" content=\"1400\" \/>\n\t<meta property=\"og:image:type\" content=\"image\/jpeg\" \/>\n<meta name=\"twitter:card\" content=\"summary_large_image\" \/>\n<meta name=\"twitter:label1\" content=\"Geschatte leestijd\" \/>\n\t<meta name=\"twitter:data1\" content=\"2 minuten\" \/>\n<script type=\"application\/ld+json\" class=\"yoast-schema-graph\">{\"@context\":\"https:\/\/schema.org\",\"@graph\":[{\"@type\":\"WebPage\",\"@id\":\"https:\/\/neobrussels.com\/nl\/toegang-pro\/belangrijke-datums\/\",\"url\":\"https:\/\/neobrussels.com\/nl\/toegang-pro\/belangrijke-datums\/\",\"name\":\"Belangrijke datums - NEO\",\"isPartOf\":{\"@id\":\"https:\/\/neobrussels.com\/nl\/#website\"},\"primaryImageOfPage\":{\"@id\":\"https:\/\/neobrussels.com\/nl\/toegang-pro\/belangrijke-datums\/#primaryimage\"},\"image\":{\"@id\":\"https:\/\/neobrussels.com\/nl\/toegang-pro\/belangrijke-datums\/#primaryimage\"},\"thumbnailUrl\":\"https:\/\/neobrussels.com\/wp-content\/uploads\/2020\/09\/atouts-2.jpg\",\"datePublished\":\"2020-07-31T07:55:30+00:00\",\"dateModified\":\"2024-05-16T07:02:53+00:00\",\"breadcrumb\":{\"@id\":\"https:\/\/neobrussels.com\/nl\/toegang-pro\/belangrijke-datums\/#breadcrumb\"},\"inLanguage\":\"nl-NL\",\"potentialAction\":[{\"@type\":\"ReadAction\",\"target\":[\"https:\/\/neobrussels.com\/nl\/toegang-pro\/belangrijke-datums\/\"]}]},{\"@type\":\"ImageObject\",\"inLanguage\":\"nl-NL\",\"@id\":\"https:\/\/neobrussels.com\/nl\/toegang-pro\/belangrijke-datums\/#primaryimage\",\"url\":\"https:\/\/neobrussels.com\/wp-content\/uploads\/2020\/09\/atouts-2.jpg\",\"contentUrl\":\"https:\/\/neobrussels.com\/wp-content\/uploads\/2020\/09\/atouts-2.jpg\",\"width\":1500,\"height\":1400},{\"@type\":\"BreadcrumbList\",\"@id\":\"https:\/\/neobrussels.com\/nl\/toegang-pro\/belangrijke-datums\/#breadcrumb\",\"itemListElement\":[{\"@type\":\"ListItem\",\"position\":1,\"name\":\"Accueil\",\"item\":\"https:\/\/neobrussels.com\/nl\/\"},{\"@type\":\"ListItem\",\"position\":2,\"name\":\"Toegang Pro\",\"item\":\"https:\/\/neobrussels.com\/nl\/toegang-pro\/\"},{\"@type\":\"ListItem\",\"position\":3,\"name\":\"Belangrijke datums\"}]},{\"@type\":\"WebSite\",\"@id\":\"https:\/\/neobrussels.com\/nl\/#website\",\"url\":\"https:\/\/neobrussels.com\/nl\/\",\"name\":\"NEO Brussels\",\"description\":\"D\u00e9veloppement et r\u00e9am\u00e9nagement du plateau du Heysel. Une nouvelle ambition pour Bruxelles.\",\"publisher\":{\"@id\":\"https:\/\/neobrussels.com\/nl\/#organization\"},\"potentialAction\":[{\"@type\":\"SearchAction\",\"target\":{\"@type\":\"EntryPoint\",\"urlTemplate\":\"https:\/\/neobrussels.com\/nl\/?s={search_term_string}\"},\"query-input\":{\"@type\":\"PropertyValueSpecification\",\"valueRequired\":true,\"valueName\":\"search_term_string\"}}],\"inLanguage\":\"nl-NL\"},{\"@type\":\"Organization\",\"@id\":\"https:\/\/neobrussels.com\/nl\/#organization\",\"name\":\"NEO\",\"url\":\"https:\/\/neobrussels.com\/nl\/\",\"logo\":{\"@type\":\"ImageObject\",\"inLanguage\":\"nl-NL\",\"@id\":\"https:\/\/neobrussels.com\/nl\/#\/schema\/logo\/image\/\",\"url\":\"https:\/\/neobrussels.com\/wp-content\/uploads\/2025\/01\/Sans-titre-2.png\",\"contentUrl\":\"https:\/\/neobrussels.com\/wp-content\/uploads\/2025\/01\/Sans-titre-2.png\",\"width\":186,\"height\":228,\"caption\":\"NEO\"},\"image\":{\"@id\":\"https:\/\/neobrussels.com\/nl\/#\/schema\/logo\/image\/\"},\"sameAs\":[\"https:\/\/www.linkedin.com\/company\/103968427\/admin\/dashboard\/\"]}]}<\/script>\n<!-- \/ Yoast SEO plugin. -->","yoast_head_json":{"title":"Belangrijke datums - NEO","robots":{"index":"index","follow":"follow","max-snippet":"max-snippet:-1","max-image-preview":"max-image-preview:large","max-video-preview":"max-video-preview:-1"},"canonical":"https:\/\/neobrussels.com\/nl\/toegang-pro\/belangrijke-datums\/","og_locale":"nl_NL","og_type":"article","og_title":"Belangrijke datums - NEO","og_description":"De ontwikkeling houdt rekening met een fasering tussen het bouwprogramma, de openbare ruimte en de infrastructuur. Deze fasering houdt rekening met de lopende concessies in... Doorgaan","og_url":"https:\/\/neobrussels.com\/nl\/toegang-pro\/belangrijke-datums\/","og_site_name":"NEO","article_modified_time":"2024-05-16T07:02:53+00:00","og_image":[{"width":1500,"height":1400,"url":"https:\/\/neobrussels.com\/wp-content\/uploads\/2020\/09\/atouts-2.jpg","type":"image\/jpeg"}],"twitter_card":"summary_large_image","twitter_misc":{"Geschatte leestijd":"2 minuten"},"schema":{"@context":"https:\/\/schema.org","@graph":[{"@type":"WebPage","@id":"https:\/\/neobrussels.com\/nl\/toegang-pro\/belangrijke-datums\/","url":"https:\/\/neobrussels.com\/nl\/toegang-pro\/belangrijke-datums\/","name":"Belangrijke datums - NEO","isPartOf":{"@id":"https:\/\/neobrussels.com\/nl\/#website"},"primaryImageOfPage":{"@id":"https:\/\/neobrussels.com\/nl\/toegang-pro\/belangrijke-datums\/#primaryimage"},"image":{"@id":"https:\/\/neobrussels.com\/nl\/toegang-pro\/belangrijke-datums\/#primaryimage"},"thumbnailUrl":"https:\/\/neobrussels.com\/wp-content\/uploads\/2020\/09\/atouts-2.jpg","datePublished":"2020-07-31T07:55:30+00:00","dateModified":"2024-05-16T07:02:53+00:00","breadcrumb":{"@id":"https:\/\/neobrussels.com\/nl\/toegang-pro\/belangrijke-datums\/#breadcrumb"},"inLanguage":"nl-NL","potentialAction":[{"@type":"ReadAction","target":["https:\/\/neobrussels.com\/nl\/toegang-pro\/belangrijke-datums\/"]}]},{"@type":"ImageObject","inLanguage":"nl-NL","@id":"https:\/\/neobrussels.com\/nl\/toegang-pro\/belangrijke-datums\/#primaryimage","url":"https:\/\/neobrussels.com\/wp-content\/uploads\/2020\/09\/atouts-2.jpg","contentUrl":"https:\/\/neobrussels.com\/wp-content\/uploads\/2020\/09\/atouts-2.jpg","width":1500,"height":1400},{"@type":"BreadcrumbList","@id":"https:\/\/neobrussels.com\/nl\/toegang-pro\/belangrijke-datums\/#breadcrumb","itemListElement":[{"@type":"ListItem","position":1,"name":"Accueil","item":"https:\/\/neobrussels.com\/nl\/"},{"@type":"ListItem","position":2,"name":"Toegang Pro","item":"https:\/\/neobrussels.com\/nl\/toegang-pro\/"},{"@type":"ListItem","position":3,"name":"Belangrijke datums"}]},{"@type":"WebSite","@id":"https:\/\/neobrussels.com\/nl\/#website","url":"https:\/\/neobrussels.com\/nl\/","name":"NEO Brussels","description":"D\u00e9veloppement et r\u00e9am\u00e9nagement du plateau du Heysel. Une nouvelle ambition pour Bruxelles.","publisher":{"@id":"https:\/\/neobrussels.com\/nl\/#organization"},"potentialAction":[{"@type":"SearchAction","target":{"@type":"EntryPoint","urlTemplate":"https:\/\/neobrussels.com\/nl\/?s={search_term_string}"},"query-input":{"@type":"PropertyValueSpecification","valueRequired":true,"valueName":"search_term_string"}}],"inLanguage":"nl-NL"},{"@type":"Organization","@id":"https:\/\/neobrussels.com\/nl\/#organization","name":"NEO","url":"https:\/\/neobrussels.com\/nl\/","logo":{"@type":"ImageObject","inLanguage":"nl-NL","@id":"https:\/\/neobrussels.com\/nl\/#\/schema\/logo\/image\/","url":"https:\/\/neobrussels.com\/wp-content\/uploads\/2025\/01\/Sans-titre-2.png","contentUrl":"https:\/\/neobrussels.com\/wp-content\/uploads\/2025\/01\/Sans-titre-2.png","width":186,"height":228,"caption":"NEO"},"image":{"@id":"https:\/\/neobrussels.com\/nl\/#\/schema\/logo\/image\/"},"sameAs":["https:\/\/www.linkedin.com\/company\/103968427\/admin\/dashboard\/"]}]}},"_links":{"self":[{"href":"https:\/\/neobrussels.com\/nl\/wp-json\/wp\/v2\/pages\/656","targetHints":{"allow":["GET"]}}],"collection":[{"href":"https:\/\/neobrussels.com\/nl\/wp-json\/wp\/v2\/pages"}],"about":[{"href":"https:\/\/neobrussels.com\/nl\/wp-json\/wp\/v2\/types\/page"}],"author":[{"embeddable":true,"href":"https:\/\/neobrussels.com\/nl\/wp-json\/wp\/v2\/users\/1"}],"replies":[{"embeddable":true,"href":"https:\/\/neobrussels.com\/nl\/wp-json\/wp\/v2\/comments?post=656"}],"version-history":[{"count":6,"href":"https:\/\/neobrussels.com\/nl\/wp-json\/wp\/v2\/pages\/656\/revisions"}],"predecessor-version":[{"id":2338,"href":"https:\/\/neobrussels.com\/nl\/wp-json\/wp\/v2\/pages\/656\/revisions\/2338"}],"up":[{"embeddable":true,"href":"https:\/\/neobrussels.com\/nl\/wp-json\/wp\/v2\/pages\/632"}],"wp:featuredmedia":[{"embeddable":true,"href":"https:\/\/neobrussels.com\/nl\/wp-json\/wp\/v2\/media\/908"}],"wp:attachment":[{"href":"https:\/\/neobrussels.com\/nl\/wp-json\/wp\/v2\/media?parent=656"}],"curies":[{"name":"wp","href":"https:\/\/api.w.org\/{rel}","templated":true}]}}