{"id":654,"date":"2020-07-31T09:55:09","date_gmt":"2020-07-31T07:55:09","guid":{"rendered":"http:\/\/localhost:8888\/neo\/pour-les-professionnels\/intervenants\/"},"modified":"2024-05-16T18:31:13","modified_gmt":"2024-05-16T16:31:13","slug":"betrokkenen-per-programma","status":"publish","type":"page","link":"https:\/\/neobrussels.com\/nl\/toegang-pro\/betrokkenen-per-programma\/","title":{"rendered":"Betrokkenen per programma"},"content":{"rendered":"\r\n<p>De ontwikkeling van NEO gebeurt in samenwerking met eersteklas priv\u00e9partners die werden geselecteerd aan de hand van aanbestedingen, waarbij onder meer met een concurrentiegerichte dialoog werd gewerkt. Deze zwaardere, complexere formule heeft als voordeel dat de aanbestedende overheid met meerdere kandidaten in gesprek kan gaan en zo verbeterde projecten kan ontwikkelen.\u00a0<\/p>\r\n\r\n\r\n\r\n<h2 class=\"wp-block-heading\">NEO 1<\/h2>\r\n\r\n\r\n\r\n<ul class=\"wp-block-list\">\r\n<li>2014: Gunning van de opdracht aan Europea\u00a0<\/li>\r\n<li>Unibail \u2013 Rodamco \u2013 Westfield, Besix, CFE\u00a0<\/li>\r\n<li>Architecten: Jean-Paul Viguier en Art&amp;Build<\/li>\r\n<\/ul>\r\n\r\n\r\n\r\n<h2 class=\"wp-block-heading\">NEO2\u00a0<\/h2>\r\n\r\n\r\n\r\n<ul class=\"wp-block-list\">\r\n<li>2018: Gunning van de opdracht aan het Consortium\u00a0Brussels Pavillion Gardens<\/li>\r\n<li>CFE Cofinimmo<\/li>\r\n<li>Architecten: Jean Nouvel &amp; MDW architecture<\/li>\r\n<li>2020: de Stad Brussel ziet af van het contract. Er lopen gesprekken tussen de Stad en het Gewest over de noodzakelijke basis voor NEO om een nieuw congrescentrum te ontwikkelen op de terreinen van het Tentoonstellingspark.<\/li>\r\n<\/ul>\r\n\r\n\r\n\r\n<h2 class=\"wp-block-heading\">Verregatpark :<\/h2>\r\n<ul>\r\n<li>Ontwerpbureau : Sweco<\/li>\r\n<li>Aanleg park: firma E.L.M<\/li>\r\n<\/ul>\r\n\r\n\r\n\r\n<h2 class=\"wp-block-heading\">Verbindingsweg :<\/h2>\r\n\r\n\r\n\r\n<p>Gedeelte BHG:<\/p>\r\n<ul class=\"wp-block-list\">\r\n<li>Ontwerpbureau: Sweco<\/li>\r\n<li>Aannemer: tijdelijke vereniging Willemen infra \u2013 Franki<\/li>\r\n<\/ul>\r\n<p>Tunnel en trechter uitgang parking C:<\/p>\r\n<ul>\r\n<li>Ontwerpbureau: Sweco en TPF<\/li>\r\n<li>Aannemer: Viabuild<\/li>\r\n<\/ul>\r\n<h2>Sportpark :<\/h2>\r\n<p>\r\n\r\n<\/p>\r\n<ul class=\"wp-block-list\">\r\n<li>\r\n<p>Ontwerpbureau: tijdelijke vereniging Omgeving-ZJA-ARA<\/p>\r\n<\/li>\r\n<\/ul>\r\n","protected":false},"excerpt":{"rendered":"<p>De ontwikkeling van NEO gebeurt in samenwerking met eersteklas priv\u00e9partners die werden geselecteerd aan de hand van aanbestedingen, waarbij onder meer met een concurrentiegerichte dialoog&#8230; <a class=\"more\" href=\"https:\/\/neobrussels.com\/nl\/toegang-pro\/betrokkenen-per-programma\/\">Doorgaan<\/a><\/p>\n","protected":false},"author":1,"featured_media":544,"parent":632,"menu_order":3,"comment_status":"closed","ping_status":"closed","template":"","meta":{"_acf_changed":false,"footnotes":""},"class_list":["post-654","page","type-page","status-publish","has-post-thumbnail","hentry"],"acf":[],"yoast_head":"<!-- This site is optimized with the Yoast SEO plugin v24.2 - https:\/\/yoast.com\/wordpress\/plugins\/seo\/ -->\n<title>Betrokkenen per programma - NEO<\/title>\n<meta name=\"robots\" content=\"index, follow, max-snippet:-1, max-image-preview:large, max-video-preview:-1\" \/>\n<link rel=\"canonical\" href=\"https:\/\/neobrussels.com\/nl\/toegang-pro\/betrokkenen-per-programma\/\" \/>\n<meta property=\"og:locale\" content=\"nl_NL\" \/>\n<meta property=\"og:type\" content=\"article\" \/>\n<meta property=\"og:title\" content=\"Betrokkenen per programma - NEO\" \/>\n<meta property=\"og:description\" content=\"De ontwikkeling van NEO gebeurt in samenwerking met eersteklas priv\u00e9partners die werden geselecteerd aan de hand van aanbestedingen, waarbij onder meer met een concurrentiegerichte dialoog... Doorgaan\" \/>\n<meta property=\"og:url\" content=\"https:\/\/neobrussels.com\/nl\/toegang-pro\/betrokkenen-per-programma\/\" \/>\n<meta property=\"og:site_name\" content=\"NEO\" \/>\n<meta property=\"article:modified_time\" content=\"2024-05-16T16:31:13+00:00\" \/>\n<meta property=\"og:image\" content=\"https:\/\/neobrussels.com\/wp-content\/uploads\/2020\/08\/View_of_the_residential_hill_urban_landscape_park_of_Europea.jpg\" \/>\n\t<meta property=\"og:image:width\" content=\"1500\" \/>\n\t<meta property=\"og:image:height\" content=\"910\" \/>\n\t<meta property=\"og:image:type\" content=\"image\/jpeg\" \/>\n<meta name=\"twitter:card\" content=\"summary_large_image\" \/>\n<meta name=\"twitter:label1\" content=\"Geschatte leestijd\" \/>\n\t<meta name=\"twitter:data1\" content=\"1 minuut\" \/>\n<script type=\"application\/ld+json\" class=\"yoast-schema-graph\">{\"@context\":\"https:\/\/schema.org\",\"@graph\":[{\"@type\":\"WebPage\",\"@id\":\"https:\/\/neobrussels.com\/nl\/toegang-pro\/betrokkenen-per-programma\/\",\"url\":\"https:\/\/neobrussels.com\/nl\/toegang-pro\/betrokkenen-per-programma\/\",\"name\":\"Betrokkenen per programma - NEO\",\"isPartOf\":{\"@id\":\"https:\/\/neobrussels.com\/nl\/#website\"},\"primaryImageOfPage\":{\"@id\":\"https:\/\/neobrussels.com\/nl\/toegang-pro\/betrokkenen-per-programma\/#primaryimage\"},\"image\":{\"@id\":\"https:\/\/neobrussels.com\/nl\/toegang-pro\/betrokkenen-per-programma\/#primaryimage\"},\"thumbnailUrl\":\"https:\/\/neobrussels.com\/wp-content\/uploads\/2020\/08\/View_of_the_residential_hill_urban_landscape_park_of_Europea.jpg\",\"datePublished\":\"2020-07-31T07:55:09+00:00\",\"dateModified\":\"2024-05-16T16:31:13+00:00\",\"breadcrumb\":{\"@id\":\"https:\/\/neobrussels.com\/nl\/toegang-pro\/betrokkenen-per-programma\/#breadcrumb\"},\"inLanguage\":\"nl-NL\",\"potentialAction\":[{\"@type\":\"ReadAction\",\"target\":[\"https:\/\/neobrussels.com\/nl\/toegang-pro\/betrokkenen-per-programma\/\"]}]},{\"@type\":\"ImageObject\",\"inLanguage\":\"nl-NL\",\"@id\":\"https:\/\/neobrussels.com\/nl\/toegang-pro\/betrokkenen-per-programma\/#primaryimage\",\"url\":\"https:\/\/neobrussels.com\/wp-content\/uploads\/2020\/08\/View_of_the_residential_hill_urban_landscape_park_of_Europea.jpg\",\"contentUrl\":\"https:\/\/neobrussels.com\/wp-content\/uploads\/2020\/08\/View_of_the_residential_hill_urban_landscape_park_of_Europea.jpg\",\"width\":1500,\"height\":910},{\"@type\":\"BreadcrumbList\",\"@id\":\"https:\/\/neobrussels.com\/nl\/toegang-pro\/betrokkenen-per-programma\/#breadcrumb\",\"itemListElement\":[{\"@type\":\"ListItem\",\"position\":1,\"name\":\"Accueil\",\"item\":\"https:\/\/neobrussels.com\/nl\/\"},{\"@type\":\"ListItem\",\"position\":2,\"name\":\"Toegang Pro\",\"item\":\"https:\/\/neobrussels.com\/nl\/toegang-pro\/\"},{\"@type\":\"ListItem\",\"position\":3,\"name\":\"Betrokkenen per programma\"}]},{\"@type\":\"WebSite\",\"@id\":\"https:\/\/neobrussels.com\/nl\/#website\",\"url\":\"https:\/\/neobrussels.com\/nl\/\",\"name\":\"NEO Brussels\",\"description\":\"D\u00e9veloppement et r\u00e9am\u00e9nagement du plateau du Heysel. Une nouvelle ambition pour Bruxelles.\",\"publisher\":{\"@id\":\"https:\/\/neobrussels.com\/nl\/#organization\"},\"potentialAction\":[{\"@type\":\"SearchAction\",\"target\":{\"@type\":\"EntryPoint\",\"urlTemplate\":\"https:\/\/neobrussels.com\/nl\/?s={search_term_string}\"},\"query-input\":{\"@type\":\"PropertyValueSpecification\",\"valueRequired\":true,\"valueName\":\"search_term_string\"}}],\"inLanguage\":\"nl-NL\"},{\"@type\":\"Organization\",\"@id\":\"https:\/\/neobrussels.com\/nl\/#organization\",\"name\":\"NEO\",\"url\":\"https:\/\/neobrussels.com\/nl\/\",\"logo\":{\"@type\":\"ImageObject\",\"inLanguage\":\"nl-NL\",\"@id\":\"https:\/\/neobrussels.com\/nl\/#\/schema\/logo\/image\/\",\"url\":\"https:\/\/neobrussels.com\/wp-content\/uploads\/2025\/01\/Sans-titre-2.png\",\"contentUrl\":\"https:\/\/neobrussels.com\/wp-content\/uploads\/2025\/01\/Sans-titre-2.png\",\"width\":186,\"height\":228,\"caption\":\"NEO\"},\"image\":{\"@id\":\"https:\/\/neobrussels.com\/nl\/#\/schema\/logo\/image\/\"},\"sameAs\":[\"https:\/\/www.linkedin.com\/company\/103968427\/admin\/dashboard\/\"]}]}<\/script>\n<!-- \/ Yoast SEO plugin. -->","yoast_head_json":{"title":"Betrokkenen per programma - NEO","robots":{"index":"index","follow":"follow","max-snippet":"max-snippet:-1","max-image-preview":"max-image-preview:large","max-video-preview":"max-video-preview:-1"},"canonical":"https:\/\/neobrussels.com\/nl\/toegang-pro\/betrokkenen-per-programma\/","og_locale":"nl_NL","og_type":"article","og_title":"Betrokkenen per programma - NEO","og_description":"De ontwikkeling van NEO gebeurt in samenwerking met eersteklas priv\u00e9partners die werden geselecteerd aan de hand van aanbestedingen, waarbij onder meer met een concurrentiegerichte dialoog... Doorgaan","og_url":"https:\/\/neobrussels.com\/nl\/toegang-pro\/betrokkenen-per-programma\/","og_site_name":"NEO","article_modified_time":"2024-05-16T16:31:13+00:00","og_image":[{"width":1500,"height":910,"url":"https:\/\/neobrussels.com\/wp-content\/uploads\/2020\/08\/View_of_the_residential_hill_urban_landscape_park_of_Europea.jpg","type":"image\/jpeg"}],"twitter_card":"summary_large_image","twitter_misc":{"Geschatte leestijd":"1 minuut"},"schema":{"@context":"https:\/\/schema.org","@graph":[{"@type":"WebPage","@id":"https:\/\/neobrussels.com\/nl\/toegang-pro\/betrokkenen-per-programma\/","url":"https:\/\/neobrussels.com\/nl\/toegang-pro\/betrokkenen-per-programma\/","name":"Betrokkenen per programma - NEO","isPartOf":{"@id":"https:\/\/neobrussels.com\/nl\/#website"},"primaryImageOfPage":{"@id":"https:\/\/neobrussels.com\/nl\/toegang-pro\/betrokkenen-per-programma\/#primaryimage"},"image":{"@id":"https:\/\/neobrussels.com\/nl\/toegang-pro\/betrokkenen-per-programma\/#primaryimage"},"thumbnailUrl":"https:\/\/neobrussels.com\/wp-content\/uploads\/2020\/08\/View_of_the_residential_hill_urban_landscape_park_of_Europea.jpg","datePublished":"2020-07-31T07:55:09+00:00","dateModified":"2024-05-16T16:31:13+00:00","breadcrumb":{"@id":"https:\/\/neobrussels.com\/nl\/toegang-pro\/betrokkenen-per-programma\/#breadcrumb"},"inLanguage":"nl-NL","potentialAction":[{"@type":"ReadAction","target":["https:\/\/neobrussels.com\/nl\/toegang-pro\/betrokkenen-per-programma\/"]}]},{"@type":"ImageObject","inLanguage":"nl-NL","@id":"https:\/\/neobrussels.com\/nl\/toegang-pro\/betrokkenen-per-programma\/#primaryimage","url":"https:\/\/neobrussels.com\/wp-content\/uploads\/2020\/08\/View_of_the_residential_hill_urban_landscape_park_of_Europea.jpg","contentUrl":"https:\/\/neobrussels.com\/wp-content\/uploads\/2020\/08\/View_of_the_residential_hill_urban_landscape_park_of_Europea.jpg","width":1500,"height":910},{"@type":"BreadcrumbList","@id":"https:\/\/neobrussels.com\/nl\/toegang-pro\/betrokkenen-per-programma\/#breadcrumb","itemListElement":[{"@type":"ListItem","position":1,"name":"Accueil","item":"https:\/\/neobrussels.com\/nl\/"},{"@type":"ListItem","position":2,"name":"Toegang Pro","item":"https:\/\/neobrussels.com\/nl\/toegang-pro\/"},{"@type":"ListItem","position":3,"name":"Betrokkenen per programma"}]},{"@type":"WebSite","@id":"https:\/\/neobrussels.com\/nl\/#website","url":"https:\/\/neobrussels.com\/nl\/","name":"NEO Brussels","description":"D\u00e9veloppement et r\u00e9am\u00e9nagement du plateau du Heysel. Une nouvelle ambition pour Bruxelles.","publisher":{"@id":"https:\/\/neobrussels.com\/nl\/#organization"},"potentialAction":[{"@type":"SearchAction","target":{"@type":"EntryPoint","urlTemplate":"https:\/\/neobrussels.com\/nl\/?s={search_term_string}"},"query-input":{"@type":"PropertyValueSpecification","valueRequired":true,"valueName":"search_term_string"}}],"inLanguage":"nl-NL"},{"@type":"Organization","@id":"https:\/\/neobrussels.com\/nl\/#organization","name":"NEO","url":"https:\/\/neobrussels.com\/nl\/","logo":{"@type":"ImageObject","inLanguage":"nl-NL","@id":"https:\/\/neobrussels.com\/nl\/#\/schema\/logo\/image\/","url":"https:\/\/neobrussels.com\/wp-content\/uploads\/2025\/01\/Sans-titre-2.png","contentUrl":"https:\/\/neobrussels.com\/wp-content\/uploads\/2025\/01\/Sans-titre-2.png","width":186,"height":228,"caption":"NEO"},"image":{"@id":"https:\/\/neobrussels.com\/nl\/#\/schema\/logo\/image\/"},"sameAs":["https:\/\/www.linkedin.com\/company\/103968427\/admin\/dashboard\/"]}]}},"_links":{"self":[{"href":"https:\/\/neobrussels.com\/nl\/wp-json\/wp\/v2\/pages\/654","targetHints":{"allow":["GET"]}}],"collection":[{"href":"https:\/\/neobrussels.com\/nl\/wp-json\/wp\/v2\/pages"}],"about":[{"href":"https:\/\/neobrussels.com\/nl\/wp-json\/wp\/v2\/types\/page"}],"author":[{"embeddable":true,"href":"https:\/\/neobrussels.com\/nl\/wp-json\/wp\/v2\/users\/1"}],"replies":[{"embeddable":true,"href":"https:\/\/neobrussels.com\/nl\/wp-json\/wp\/v2\/comments?post=654"}],"version-history":[{"count":11,"href":"https:\/\/neobrussels.com\/nl\/wp-json\/wp\/v2\/pages\/654\/revisions"}],"predecessor-version":[{"id":2357,"href":"https:\/\/neobrussels.com\/nl\/wp-json\/wp\/v2\/pages\/654\/revisions\/2357"}],"up":[{"embeddable":true,"href":"https:\/\/neobrussels.com\/nl\/wp-json\/wp\/v2\/pages\/632"}],"wp:featuredmedia":[{"embeddable":true,"href":"https:\/\/neobrussels.com\/nl\/wp-json\/wp\/v2\/media\/544"}],"wp:attachment":[{"href":"https:\/\/neobrussels.com\/nl\/wp-json\/wp\/v2\/media?parent=654"}],"curies":[{"name":"wp","href":"https:\/\/api.w.org\/{rel}","templated":true}]}}