{"id":648,"date":"2020-08-21T11:53:27","date_gmt":"2020-08-21T09:53:27","guid":{"rendered":"http:\/\/localhost:8888\/neo\/pour-les-professionnels\/etapes-du-projet\/neo-2\/"},"modified":"2020-10-08T12:42:04","modified_gmt":"2020-10-08T10:42:04","slug":"neo-2","status":"publish","type":"page","link":"https:\/\/neobrussels.com\/nl\/toegang-pro\/inhoud\/neo-2\/","title":{"rendered":"NEO 2"},"content":{"rendered":"\n<ul class=\"wp-block-list\"><li>Convention Center<\/li><li>Hotel\u00a0<\/li><\/ul>\n","protected":false},"excerpt":{"rendered":"<p>Convention Center Hotel\u00a0<\/p>\n","protected":false},"author":1,"featured_media":0,"parent":644,"menu_order":1,"comment_status":"closed","ping_status":"closed","template":"page-map.php","meta":{"_acf_changed":false,"footnotes":""},"class_list":["post-648","page","type-page","status-publish","hentry"],"acf":[],"yoast_head":"<!-- This site is optimized with the Yoast SEO plugin v24.2 - https:\/\/yoast.com\/wordpress\/plugins\/seo\/ -->\n<title>NEO 2 - NEO<\/title>\n<meta name=\"robots\" content=\"index, follow, max-snippet:-1, max-image-preview:large, max-video-preview:-1\" \/>\n<link rel=\"canonical\" href=\"https:\/\/neobrussels.com\/nl\/toegang-pro\/inhoud\/neo-2\/\" \/>\n<meta property=\"og:locale\" content=\"nl_NL\" \/>\n<meta property=\"og:type\" content=\"article\" \/>\n<meta property=\"og:title\" content=\"NEO 2 - NEO\" \/>\n<meta property=\"og:description\" content=\"Convention Center Hotel\u00a0\" \/>\n<meta property=\"og:url\" content=\"https:\/\/neobrussels.com\/nl\/toegang-pro\/inhoud\/neo-2\/\" \/>\n<meta property=\"og:site_name\" content=\"NEO\" \/>\n<meta property=\"article:modified_time\" content=\"2020-10-08T10:42:04+00:00\" \/>\n<meta name=\"twitter:card\" content=\"summary_large_image\" \/>\n<script type=\"application\/ld+json\" class=\"yoast-schema-graph\">{\"@context\":\"https:\/\/schema.org\",\"@graph\":[{\"@type\":\"WebPage\",\"@id\":\"https:\/\/neobrussels.com\/nl\/toegang-pro\/inhoud\/neo-2\/\",\"url\":\"https:\/\/neobrussels.com\/nl\/toegang-pro\/inhoud\/neo-2\/\",\"name\":\"NEO 2 - NEO\",\"isPartOf\":{\"@id\":\"https:\/\/neobrussels.com\/nl\/#website\"},\"datePublished\":\"2020-08-21T09:53:27+00:00\",\"dateModified\":\"2020-10-08T10:42:04+00:00\",\"breadcrumb\":{\"@id\":\"https:\/\/neobrussels.com\/nl\/toegang-pro\/inhoud\/neo-2\/#breadcrumb\"},\"inLanguage\":\"nl-NL\",\"potentialAction\":[{\"@type\":\"ReadAction\",\"target\":[\"https:\/\/neobrussels.com\/nl\/toegang-pro\/inhoud\/neo-2\/\"]}]},{\"@type\":\"BreadcrumbList\",\"@id\":\"https:\/\/neobrussels.com\/nl\/toegang-pro\/inhoud\/neo-2\/#breadcrumb\",\"itemListElement\":[{\"@type\":\"ListItem\",\"position\":1,\"name\":\"Accueil\",\"item\":\"https:\/\/neobrussels.com\/nl\/\"},{\"@type\":\"ListItem\",\"position\":2,\"name\":\"Toegang Pro\",\"item\":\"https:\/\/neobrussels.com\/nl\/toegang-pro\/\"},{\"@type\":\"ListItem\",\"position\":3,\"name\":\"Inhoud\",\"item\":\"https:\/\/neobrussels.com\/nl\/toegang-pro\/inhoud\/\"},{\"@type\":\"ListItem\",\"position\":4,\"name\":\"NEO 2\"}]},{\"@type\":\"WebSite\",\"@id\":\"https:\/\/neobrussels.com\/nl\/#website\",\"url\":\"https:\/\/neobrussels.com\/nl\/\",\"name\":\"NEO Brussels\",\"description\":\"D\u00e9veloppement et r\u00e9am\u00e9nagement du plateau du Heysel. Une nouvelle ambition pour Bruxelles.\",\"publisher\":{\"@id\":\"https:\/\/neobrussels.com\/nl\/#organization\"},\"potentialAction\":[{\"@type\":\"SearchAction\",\"target\":{\"@type\":\"EntryPoint\",\"urlTemplate\":\"https:\/\/neobrussels.com\/nl\/?s={search_term_string}\"},\"query-input\":{\"@type\":\"PropertyValueSpecification\",\"valueRequired\":true,\"valueName\":\"search_term_string\"}}],\"inLanguage\":\"nl-NL\"},{\"@type\":\"Organization\",\"@id\":\"https:\/\/neobrussels.com\/nl\/#organization\",\"name\":\"NEO\",\"url\":\"https:\/\/neobrussels.com\/nl\/\",\"logo\":{\"@type\":\"ImageObject\",\"inLanguage\":\"nl-NL\",\"@id\":\"https:\/\/neobrussels.com\/nl\/#\/schema\/logo\/image\/\",\"url\":\"https:\/\/neobrussels.com\/wp-content\/uploads\/2025\/01\/Sans-titre-2.png\",\"contentUrl\":\"https:\/\/neobrussels.com\/wp-content\/uploads\/2025\/01\/Sans-titre-2.png\",\"width\":186,\"height\":228,\"caption\":\"NEO\"},\"image\":{\"@id\":\"https:\/\/neobrussels.com\/nl\/#\/schema\/logo\/image\/\"},\"sameAs\":[\"https:\/\/www.linkedin.com\/company\/103968427\/admin\/dashboard\/\"]}]}<\/script>\n<!-- \/ Yoast SEO plugin. -->","yoast_head_json":{"title":"NEO 2 - NEO","robots":{"index":"index","follow":"follow","max-snippet":"max-snippet:-1","max-image-preview":"max-image-preview:large","max-video-preview":"max-video-preview:-1"},"canonical":"https:\/\/neobrussels.com\/nl\/toegang-pro\/inhoud\/neo-2\/","og_locale":"nl_NL","og_type":"article","og_title":"NEO 2 - NEO","og_description":"Convention Center Hotel\u00a0","og_url":"https:\/\/neobrussels.com\/nl\/toegang-pro\/inhoud\/neo-2\/","og_site_name":"NEO","article_modified_time":"2020-10-08T10:42:04+00:00","twitter_card":"summary_large_image","schema":{"@context":"https:\/\/schema.org","@graph":[{"@type":"WebPage","@id":"https:\/\/neobrussels.com\/nl\/toegang-pro\/inhoud\/neo-2\/","url":"https:\/\/neobrussels.com\/nl\/toegang-pro\/inhoud\/neo-2\/","name":"NEO 2 - NEO","isPartOf":{"@id":"https:\/\/neobrussels.com\/nl\/#website"},"datePublished":"2020-08-21T09:53:27+00:00","dateModified":"2020-10-08T10:42:04+00:00","breadcrumb":{"@id":"https:\/\/neobrussels.com\/nl\/toegang-pro\/inhoud\/neo-2\/#breadcrumb"},"inLanguage":"nl-NL","potentialAction":[{"@type":"ReadAction","target":["https:\/\/neobrussels.com\/nl\/toegang-pro\/inhoud\/neo-2\/"]}]},{"@type":"BreadcrumbList","@id":"https:\/\/neobrussels.com\/nl\/toegang-pro\/inhoud\/neo-2\/#breadcrumb","itemListElement":[{"@type":"ListItem","position":1,"name":"Accueil","item":"https:\/\/neobrussels.com\/nl\/"},{"@type":"ListItem","position":2,"name":"Toegang Pro","item":"https:\/\/neobrussels.com\/nl\/toegang-pro\/"},{"@type":"ListItem","position":3,"name":"Inhoud","item":"https:\/\/neobrussels.com\/nl\/toegang-pro\/inhoud\/"},{"@type":"ListItem","position":4,"name":"NEO 2"}]},{"@type":"WebSite","@id":"https:\/\/neobrussels.com\/nl\/#website","url":"https:\/\/neobrussels.com\/nl\/","name":"NEO Brussels","description":"D\u00e9veloppement et r\u00e9am\u00e9nagement du plateau du Heysel. Une nouvelle ambition pour Bruxelles.","publisher":{"@id":"https:\/\/neobrussels.com\/nl\/#organization"},"potentialAction":[{"@type":"SearchAction","target":{"@type":"EntryPoint","urlTemplate":"https:\/\/neobrussels.com\/nl\/?s={search_term_string}"},"query-input":{"@type":"PropertyValueSpecification","valueRequired":true,"valueName":"search_term_string"}}],"inLanguage":"nl-NL"},{"@type":"Organization","@id":"https:\/\/neobrussels.com\/nl\/#organization","name":"NEO","url":"https:\/\/neobrussels.com\/nl\/","logo":{"@type":"ImageObject","inLanguage":"nl-NL","@id":"https:\/\/neobrussels.com\/nl\/#\/schema\/logo\/image\/","url":"https:\/\/neobrussels.com\/wp-content\/uploads\/2025\/01\/Sans-titre-2.png","contentUrl":"https:\/\/neobrussels.com\/wp-content\/uploads\/2025\/01\/Sans-titre-2.png","width":186,"height":228,"caption":"NEO"},"image":{"@id":"https:\/\/neobrussels.com\/nl\/#\/schema\/logo\/image\/"},"sameAs":["https:\/\/www.linkedin.com\/company\/103968427\/admin\/dashboard\/"]}]}},"_links":{"self":[{"href":"https:\/\/neobrussels.com\/nl\/wp-json\/wp\/v2\/pages\/648","targetHints":{"allow":["GET"]}}],"collection":[{"href":"https:\/\/neobrussels.com\/nl\/wp-json\/wp\/v2\/pages"}],"about":[{"href":"https:\/\/neobrussels.com\/nl\/wp-json\/wp\/v2\/types\/page"}],"author":[{"embeddable":true,"href":"https:\/\/neobrussels.com\/nl\/wp-json\/wp\/v2\/users\/1"}],"replies":[{"embeddable":true,"href":"https:\/\/neobrussels.com\/nl\/wp-json\/wp\/v2\/comments?post=648"}],"version-history":[{"count":1,"href":"https:\/\/neobrussels.com\/nl\/wp-json\/wp\/v2\/pages\/648\/revisions"}],"predecessor-version":[{"id":1386,"href":"https:\/\/neobrussels.com\/nl\/wp-json\/wp\/v2\/pages\/648\/revisions\/1386"}],"up":[{"embeddable":true,"href":"https:\/\/neobrussels.com\/nl\/wp-json\/wp\/v2\/pages\/644"}],"wp:attachment":[{"href":"https:\/\/neobrussels.com\/nl\/wp-json\/wp\/v2\/media?parent=648"}],"curies":[{"name":"wp","href":"https:\/\/api.w.org\/{rel}","templated":true}]}}