{"id":642,"date":"2020-07-31T09:54:25","date_gmt":"2020-07-31T07:54:25","guid":{"rendered":"http:\/\/localhost:8888\/neo\/pour-les-professionnels\/masterplan\/"},"modified":"2020-10-08T12:26:26","modified_gmt":"2020-10-08T10:26:26","slug":"masterplan","status":"publish","type":"page","link":"https:\/\/neobrussels.com\/nl\/toegang-pro\/masterplan\/","title":{"rendered":"Masterplan"},"content":{"rendered":"\n<p>Het Masterplan, dat in 2013 is opgesteld op basis van meerdere jaren overleg en analyse door talrijke experts, bepaalt dat het Heizelplateau moet worden gereorganiseerd met een focus op duurzaamheid en levenskwaliteit, waarbij stedelijke verdichting en het groene netwerk met elkaar moeten worden gecombineerd. Het Masterplan is het referentiedocument voor de ontwikkeling van de site. Het berust op 4 krachtlijnen.\u00a0<\/p>\n\n\n\n<ul class=\"wp-block-list\"><li>Divers en coherent bouwprogramma voor de zone (winkels, recreatie, congrescentrum, woningen, parkings, hotels, kantoren, concertzaal \u2026)<\/li><li>Afschaffing van bovengrondse parkeerzones\u00a0<\/li><li>Stedelijke dichtheid en compactheid in bepaalde gebieden om andere gedeelten vrij te maken voor open, groene ruimten voor recreatie, waardoor de levenskwaliteit toeneemt<\/li><li>Openbare infrastructuur voor een samenhangend geheel en optimale toegankelijkheid en mobiliteit binnen de site<\/li><\/ul>\n","protected":false},"excerpt":{"rendered":"<p>Het Masterplan, dat in 2013 is opgesteld op basis van meerdere jaren overleg en analyse door talrijke experts, bepaalt dat het Heizelplateau moet worden gereorganiseerd&#8230; <a class=\"more\" href=\"https:\/\/neobrussels.com\/nl\/toegang-pro\/masterplan\/\">Doorgaan<\/a><\/p>\n","protected":false},"author":1,"featured_media":512,"parent":632,"menu_order":1,"comment_status":"closed","ping_status":"closed","template":"","meta":{"_acf_changed":false,"footnotes":""},"class_list":["post-642","page","type-page","status-publish","has-post-thumbnail","hentry"],"acf":[],"yoast_head":"<!-- This site is optimized with the Yoast SEO plugin v24.2 - https:\/\/yoast.com\/wordpress\/plugins\/seo\/ -->\n<title>Masterplan - NEO<\/title>\n<meta name=\"robots\" content=\"index, follow, max-snippet:-1, max-image-preview:large, max-video-preview:-1\" \/>\n<link rel=\"canonical\" href=\"https:\/\/neobrussels.com\/nl\/toegang-pro\/masterplan\/\" \/>\n<meta property=\"og:locale\" content=\"nl_NL\" \/>\n<meta property=\"og:type\" content=\"article\" \/>\n<meta property=\"og:title\" content=\"Masterplan - NEO\" \/>\n<meta property=\"og:description\" content=\"Het Masterplan, dat in 2013 is opgesteld op basis van meerdere jaren overleg en analyse door talrijke experts, bepaalt dat het Heizelplateau moet worden gereorganiseerd... Doorgaan\" \/>\n<meta property=\"og:url\" content=\"https:\/\/neobrussels.com\/nl\/toegang-pro\/masterplan\/\" \/>\n<meta property=\"og:site_name\" content=\"NEO\" \/>\n<meta property=\"article:modified_time\" content=\"2020-10-08T10:26:26+00:00\" \/>\n<meta property=\"og:image\" content=\"https:\/\/neobrussels.com\/wp-content\/uploads\/2020\/08\/masterplan.jpg\" \/>\n\t<meta property=\"og:image:width\" content=\"1500\" \/>\n\t<meta property=\"og:image:height\" content=\"644\" \/>\n\t<meta property=\"og:image:type\" content=\"image\/jpeg\" \/>\n<meta name=\"twitter:card\" content=\"summary_large_image\" \/>\n<meta name=\"twitter:label1\" content=\"Geschatte leestijd\" \/>\n\t<meta name=\"twitter:data1\" content=\"1 minuut\" \/>\n<script type=\"application\/ld+json\" class=\"yoast-schema-graph\">{\"@context\":\"https:\/\/schema.org\",\"@graph\":[{\"@type\":\"WebPage\",\"@id\":\"https:\/\/neobrussels.com\/nl\/toegang-pro\/masterplan\/\",\"url\":\"https:\/\/neobrussels.com\/nl\/toegang-pro\/masterplan\/\",\"name\":\"Masterplan - NEO\",\"isPartOf\":{\"@id\":\"https:\/\/neobrussels.com\/nl\/#website\"},\"primaryImageOfPage\":{\"@id\":\"https:\/\/neobrussels.com\/nl\/toegang-pro\/masterplan\/#primaryimage\"},\"image\":{\"@id\":\"https:\/\/neobrussels.com\/nl\/toegang-pro\/masterplan\/#primaryimage\"},\"thumbnailUrl\":\"https:\/\/neobrussels.com\/wp-content\/uploads\/2020\/08\/masterplan.jpg\",\"datePublished\":\"2020-07-31T07:54:25+00:00\",\"dateModified\":\"2020-10-08T10:26:26+00:00\",\"breadcrumb\":{\"@id\":\"https:\/\/neobrussels.com\/nl\/toegang-pro\/masterplan\/#breadcrumb\"},\"inLanguage\":\"nl-NL\",\"potentialAction\":[{\"@type\":\"ReadAction\",\"target\":[\"https:\/\/neobrussels.com\/nl\/toegang-pro\/masterplan\/\"]}]},{\"@type\":\"ImageObject\",\"inLanguage\":\"nl-NL\",\"@id\":\"https:\/\/neobrussels.com\/nl\/toegang-pro\/masterplan\/#primaryimage\",\"url\":\"https:\/\/neobrussels.com\/wp-content\/uploads\/2020\/08\/masterplan.jpg\",\"contentUrl\":\"https:\/\/neobrussels.com\/wp-content\/uploads\/2020\/08\/masterplan.jpg\",\"width\":1500,\"height\":644},{\"@type\":\"BreadcrumbList\",\"@id\":\"https:\/\/neobrussels.com\/nl\/toegang-pro\/masterplan\/#breadcrumb\",\"itemListElement\":[{\"@type\":\"ListItem\",\"position\":1,\"name\":\"Accueil\",\"item\":\"https:\/\/neobrussels.com\/nl\/\"},{\"@type\":\"ListItem\",\"position\":2,\"name\":\"Toegang Pro\",\"item\":\"https:\/\/neobrussels.com\/nl\/toegang-pro\/\"},{\"@type\":\"ListItem\",\"position\":3,\"name\":\"Masterplan\"}]},{\"@type\":\"WebSite\",\"@id\":\"https:\/\/neobrussels.com\/nl\/#website\",\"url\":\"https:\/\/neobrussels.com\/nl\/\",\"name\":\"NEO Brussels\",\"description\":\"D\u00e9veloppement et r\u00e9am\u00e9nagement du plateau du Heysel. Une nouvelle ambition pour Bruxelles.\",\"publisher\":{\"@id\":\"https:\/\/neobrussels.com\/nl\/#organization\"},\"potentialAction\":[{\"@type\":\"SearchAction\",\"target\":{\"@type\":\"EntryPoint\",\"urlTemplate\":\"https:\/\/neobrussels.com\/nl\/?s={search_term_string}\"},\"query-input\":{\"@type\":\"PropertyValueSpecification\",\"valueRequired\":true,\"valueName\":\"search_term_string\"}}],\"inLanguage\":\"nl-NL\"},{\"@type\":\"Organization\",\"@id\":\"https:\/\/neobrussels.com\/nl\/#organization\",\"name\":\"NEO\",\"url\":\"https:\/\/neobrussels.com\/nl\/\",\"logo\":{\"@type\":\"ImageObject\",\"inLanguage\":\"nl-NL\",\"@id\":\"https:\/\/neobrussels.com\/nl\/#\/schema\/logo\/image\/\",\"url\":\"https:\/\/neobrussels.com\/wp-content\/uploads\/2025\/01\/Sans-titre-2.png\",\"contentUrl\":\"https:\/\/neobrussels.com\/wp-content\/uploads\/2025\/01\/Sans-titre-2.png\",\"width\":186,\"height\":228,\"caption\":\"NEO\"},\"image\":{\"@id\":\"https:\/\/neobrussels.com\/nl\/#\/schema\/logo\/image\/\"},\"sameAs\":[\"https:\/\/www.linkedin.com\/company\/103968427\/admin\/dashboard\/\"]}]}<\/script>\n<!-- \/ Yoast SEO plugin. -->","yoast_head_json":{"title":"Masterplan - NEO","robots":{"index":"index","follow":"follow","max-snippet":"max-snippet:-1","max-image-preview":"max-image-preview:large","max-video-preview":"max-video-preview:-1"},"canonical":"https:\/\/neobrussels.com\/nl\/toegang-pro\/masterplan\/","og_locale":"nl_NL","og_type":"article","og_title":"Masterplan - NEO","og_description":"Het Masterplan, dat in 2013 is opgesteld op basis van meerdere jaren overleg en analyse door talrijke experts, bepaalt dat het Heizelplateau moet worden gereorganiseerd... Doorgaan","og_url":"https:\/\/neobrussels.com\/nl\/toegang-pro\/masterplan\/","og_site_name":"NEO","article_modified_time":"2020-10-08T10:26:26+00:00","og_image":[{"width":1500,"height":644,"url":"https:\/\/neobrussels.com\/wp-content\/uploads\/2020\/08\/masterplan.jpg","type":"image\/jpeg"}],"twitter_card":"summary_large_image","twitter_misc":{"Geschatte leestijd":"1 minuut"},"schema":{"@context":"https:\/\/schema.org","@graph":[{"@type":"WebPage","@id":"https:\/\/neobrussels.com\/nl\/toegang-pro\/masterplan\/","url":"https:\/\/neobrussels.com\/nl\/toegang-pro\/masterplan\/","name":"Masterplan - NEO","isPartOf":{"@id":"https:\/\/neobrussels.com\/nl\/#website"},"primaryImageOfPage":{"@id":"https:\/\/neobrussels.com\/nl\/toegang-pro\/masterplan\/#primaryimage"},"image":{"@id":"https:\/\/neobrussels.com\/nl\/toegang-pro\/masterplan\/#primaryimage"},"thumbnailUrl":"https:\/\/neobrussels.com\/wp-content\/uploads\/2020\/08\/masterplan.jpg","datePublished":"2020-07-31T07:54:25+00:00","dateModified":"2020-10-08T10:26:26+00:00","breadcrumb":{"@id":"https:\/\/neobrussels.com\/nl\/toegang-pro\/masterplan\/#breadcrumb"},"inLanguage":"nl-NL","potentialAction":[{"@type":"ReadAction","target":["https:\/\/neobrussels.com\/nl\/toegang-pro\/masterplan\/"]}]},{"@type":"ImageObject","inLanguage":"nl-NL","@id":"https:\/\/neobrussels.com\/nl\/toegang-pro\/masterplan\/#primaryimage","url":"https:\/\/neobrussels.com\/wp-content\/uploads\/2020\/08\/masterplan.jpg","contentUrl":"https:\/\/neobrussels.com\/wp-content\/uploads\/2020\/08\/masterplan.jpg","width":1500,"height":644},{"@type":"BreadcrumbList","@id":"https:\/\/neobrussels.com\/nl\/toegang-pro\/masterplan\/#breadcrumb","itemListElement":[{"@type":"ListItem","position":1,"name":"Accueil","item":"https:\/\/neobrussels.com\/nl\/"},{"@type":"ListItem","position":2,"name":"Toegang Pro","item":"https:\/\/neobrussels.com\/nl\/toegang-pro\/"},{"@type":"ListItem","position":3,"name":"Masterplan"}]},{"@type":"WebSite","@id":"https:\/\/neobrussels.com\/nl\/#website","url":"https:\/\/neobrussels.com\/nl\/","name":"NEO Brussels","description":"D\u00e9veloppement et r\u00e9am\u00e9nagement du plateau du Heysel. Une nouvelle ambition pour Bruxelles.","publisher":{"@id":"https:\/\/neobrussels.com\/nl\/#organization"},"potentialAction":[{"@type":"SearchAction","target":{"@type":"EntryPoint","urlTemplate":"https:\/\/neobrussels.com\/nl\/?s={search_term_string}"},"query-input":{"@type":"PropertyValueSpecification","valueRequired":true,"valueName":"search_term_string"}}],"inLanguage":"nl-NL"},{"@type":"Organization","@id":"https:\/\/neobrussels.com\/nl\/#organization","name":"NEO","url":"https:\/\/neobrussels.com\/nl\/","logo":{"@type":"ImageObject","inLanguage":"nl-NL","@id":"https:\/\/neobrussels.com\/nl\/#\/schema\/logo\/image\/","url":"https:\/\/neobrussels.com\/wp-content\/uploads\/2025\/01\/Sans-titre-2.png","contentUrl":"https:\/\/neobrussels.com\/wp-content\/uploads\/2025\/01\/Sans-titre-2.png","width":186,"height":228,"caption":"NEO"},"image":{"@id":"https:\/\/neobrussels.com\/nl\/#\/schema\/logo\/image\/"},"sameAs":["https:\/\/www.linkedin.com\/company\/103968427\/admin\/dashboard\/"]}]}},"_links":{"self":[{"href":"https:\/\/neobrussels.com\/nl\/wp-json\/wp\/v2\/pages\/642","targetHints":{"allow":["GET"]}}],"collection":[{"href":"https:\/\/neobrussels.com\/nl\/wp-json\/wp\/v2\/pages"}],"about":[{"href":"https:\/\/neobrussels.com\/nl\/wp-json\/wp\/v2\/types\/page"}],"author":[{"embeddable":true,"href":"https:\/\/neobrussels.com\/nl\/wp-json\/wp\/v2\/users\/1"}],"replies":[{"embeddable":true,"href":"https:\/\/neobrussels.com\/nl\/wp-json\/wp\/v2\/comments?post=642"}],"version-history":[{"count":2,"href":"https:\/\/neobrussels.com\/nl\/wp-json\/wp\/v2\/pages\/642\/revisions"}],"predecessor-version":[{"id":1383,"href":"https:\/\/neobrussels.com\/nl\/wp-json\/wp\/v2\/pages\/642\/revisions\/1383"}],"up":[{"embeddable":true,"href":"https:\/\/neobrussels.com\/nl\/wp-json\/wp\/v2\/pages\/632"}],"wp:featuredmedia":[{"embeddable":true,"href":"https:\/\/neobrussels.com\/nl\/wp-json\/wp\/v2\/media\/512"}],"wp:attachment":[{"href":"https:\/\/neobrussels.com\/nl\/wp-json\/wp\/v2\/media?parent=642"}],"curies":[{"name":"wp","href":"https:\/\/api.w.org\/{rel}","templated":true}]}}