{"id":634,"date":"2020-08-08T15:34:02","date_gmt":"2020-08-08T13:34:02","guid":{"rendered":"http:\/\/localhost:8888\/neo\/pour-le-public\/le-projet\/mice\/"},"modified":"2020-10-08T14:18:26","modified_gmt":"2020-10-08T12:18:26","slug":"mice","status":"publish","type":"page","link":"https:\/\/neobrussels.com\/nl\/toegang-groot-publiek\/het-project\/mice\/","title":{"rendered":"MICE"},"content":{"rendered":"\n<p>Het Plan voor de Internationale Ontwikkeling van Brussel (2007) heeft een aantal leemten in de infrastructuur aan het licht gebracht die afbreuk doen aan de status van Brussel als internationale hoofdstad. Dat is betreurenswaardig, want Brussel wil zijn status versterken en een maximum aan faciliteiten bieden aan de instellingen die er gevestigd zijn.<\/p>\n\n\n\n<p>In die context is de bouw van een congrescentrum van internationale dimensies essentieel voor de versterking van het zakentoerisme, dat nu al een groot onderdeel vormt van de economische bedrijvigheid van het Brussels Gewest.<\/p>\n","protected":false},"excerpt":{"rendered":"<p>Het Plan voor de Internationale Ontwikkeling van Brussel (2007) heeft een aantal leemten in de infrastructuur aan het licht gebracht die afbreuk doen aan de&#8230; <a class=\"more\" href=\"https:\/\/neobrussels.com\/nl\/toegang-groot-publiek\/het-project\/mice\/\">Doorgaan<\/a><\/p>\n","protected":false},"author":1,"featured_media":0,"parent":594,"menu_order":6,"comment_status":"closed","ping_status":"closed","template":"page-map.php","meta":{"_acf_changed":false,"footnotes":""},"class_list":["post-634","page","type-page","status-publish","hentry"],"acf":[],"yoast_head":"<!-- This site is optimized with the Yoast SEO plugin v24.2 - https:\/\/yoast.com\/wordpress\/plugins\/seo\/ -->\n<title>MICE - NEO<\/title>\n<meta name=\"robots\" content=\"index, follow, max-snippet:-1, max-image-preview:large, max-video-preview:-1\" \/>\n<link rel=\"canonical\" href=\"https:\/\/neobrussels.com\/nl\/toegang-groot-publiek\/het-project\/mice\/\" \/>\n<meta property=\"og:locale\" content=\"nl_NL\" \/>\n<meta property=\"og:type\" content=\"article\" \/>\n<meta property=\"og:title\" content=\"MICE - NEO\" \/>\n<meta property=\"og:description\" content=\"Het Plan voor de Internationale Ontwikkeling van Brussel (2007) heeft een aantal leemten in de infrastructuur aan het licht gebracht die afbreuk doen aan de... Doorgaan\" \/>\n<meta property=\"og:url\" content=\"https:\/\/neobrussels.com\/nl\/toegang-groot-publiek\/het-project\/mice\/\" \/>\n<meta property=\"og:site_name\" content=\"NEO\" \/>\n<meta property=\"article:modified_time\" content=\"2020-10-08T12:18:26+00:00\" \/>\n<meta name=\"twitter:card\" content=\"summary_large_image\" \/>\n<script type=\"application\/ld+json\" class=\"yoast-schema-graph\">{\"@context\":\"https:\/\/schema.org\",\"@graph\":[{\"@type\":\"WebPage\",\"@id\":\"https:\/\/neobrussels.com\/nl\/toegang-groot-publiek\/het-project\/mice\/\",\"url\":\"https:\/\/neobrussels.com\/nl\/toegang-groot-publiek\/het-project\/mice\/\",\"name\":\"MICE - NEO\",\"isPartOf\":{\"@id\":\"https:\/\/neobrussels.com\/nl\/#website\"},\"datePublished\":\"2020-08-08T13:34:02+00:00\",\"dateModified\":\"2020-10-08T12:18:26+00:00\",\"breadcrumb\":{\"@id\":\"https:\/\/neobrussels.com\/nl\/toegang-groot-publiek\/het-project\/mice\/#breadcrumb\"},\"inLanguage\":\"nl-NL\",\"potentialAction\":[{\"@type\":\"ReadAction\",\"target\":[\"https:\/\/neobrussels.com\/nl\/toegang-groot-publiek\/het-project\/mice\/\"]}]},{\"@type\":\"BreadcrumbList\",\"@id\":\"https:\/\/neobrussels.com\/nl\/toegang-groot-publiek\/het-project\/mice\/#breadcrumb\",\"itemListElement\":[{\"@type\":\"ListItem\",\"position\":1,\"name\":\"Accueil\",\"item\":\"https:\/\/neobrussels.com\/nl\/\"},{\"@type\":\"ListItem\",\"position\":2,\"name\":\"Toegang groot publiek\",\"item\":\"https:\/\/neobrussels.com\/nl\/pour-le-public\/\"},{\"@type\":\"ListItem\",\"position\":3,\"name\":\"Het project\",\"item\":\"https:\/\/neobrussels.com\/nl\/pour-le-public\/le-projet\/\"},{\"@type\":\"ListItem\",\"position\":4,\"name\":\"MICE\"}]},{\"@type\":\"WebSite\",\"@id\":\"https:\/\/neobrussels.com\/nl\/#website\",\"url\":\"https:\/\/neobrussels.com\/nl\/\",\"name\":\"NEO Brussels\",\"description\":\"D\u00e9veloppement et r\u00e9am\u00e9nagement du plateau du Heysel. Une nouvelle ambition pour Bruxelles.\",\"publisher\":{\"@id\":\"https:\/\/neobrussels.com\/nl\/#organization\"},\"potentialAction\":[{\"@type\":\"SearchAction\",\"target\":{\"@type\":\"EntryPoint\",\"urlTemplate\":\"https:\/\/neobrussels.com\/nl\/?s={search_term_string}\"},\"query-input\":{\"@type\":\"PropertyValueSpecification\",\"valueRequired\":true,\"valueName\":\"search_term_string\"}}],\"inLanguage\":\"nl-NL\"},{\"@type\":\"Organization\",\"@id\":\"https:\/\/neobrussels.com\/nl\/#organization\",\"name\":\"NEO\",\"url\":\"https:\/\/neobrussels.com\/nl\/\",\"logo\":{\"@type\":\"ImageObject\",\"inLanguage\":\"nl-NL\",\"@id\":\"https:\/\/neobrussels.com\/nl\/#\/schema\/logo\/image\/\",\"url\":\"https:\/\/neobrussels.com\/wp-content\/uploads\/2025\/01\/Sans-titre-2.png\",\"contentUrl\":\"https:\/\/neobrussels.com\/wp-content\/uploads\/2025\/01\/Sans-titre-2.png\",\"width\":186,\"height\":228,\"caption\":\"NEO\"},\"image\":{\"@id\":\"https:\/\/neobrussels.com\/nl\/#\/schema\/logo\/image\/\"},\"sameAs\":[\"https:\/\/www.linkedin.com\/company\/103968427\/admin\/dashboard\/\"]}]}<\/script>\n<!-- \/ Yoast SEO plugin. -->","yoast_head_json":{"title":"MICE - NEO","robots":{"index":"index","follow":"follow","max-snippet":"max-snippet:-1","max-image-preview":"max-image-preview:large","max-video-preview":"max-video-preview:-1"},"canonical":"https:\/\/neobrussels.com\/nl\/toegang-groot-publiek\/het-project\/mice\/","og_locale":"nl_NL","og_type":"article","og_title":"MICE - NEO","og_description":"Het Plan voor de Internationale Ontwikkeling van Brussel (2007) heeft een aantal leemten in de infrastructuur aan het licht gebracht die afbreuk doen aan de... Doorgaan","og_url":"https:\/\/neobrussels.com\/nl\/toegang-groot-publiek\/het-project\/mice\/","og_site_name":"NEO","article_modified_time":"2020-10-08T12:18:26+00:00","twitter_card":"summary_large_image","schema":{"@context":"https:\/\/schema.org","@graph":[{"@type":"WebPage","@id":"https:\/\/neobrussels.com\/nl\/toegang-groot-publiek\/het-project\/mice\/","url":"https:\/\/neobrussels.com\/nl\/toegang-groot-publiek\/het-project\/mice\/","name":"MICE - NEO","isPartOf":{"@id":"https:\/\/neobrussels.com\/nl\/#website"},"datePublished":"2020-08-08T13:34:02+00:00","dateModified":"2020-10-08T12:18:26+00:00","breadcrumb":{"@id":"https:\/\/neobrussels.com\/nl\/toegang-groot-publiek\/het-project\/mice\/#breadcrumb"},"inLanguage":"nl-NL","potentialAction":[{"@type":"ReadAction","target":["https:\/\/neobrussels.com\/nl\/toegang-groot-publiek\/het-project\/mice\/"]}]},{"@type":"BreadcrumbList","@id":"https:\/\/neobrussels.com\/nl\/toegang-groot-publiek\/het-project\/mice\/#breadcrumb","itemListElement":[{"@type":"ListItem","position":1,"name":"Accueil","item":"https:\/\/neobrussels.com\/nl\/"},{"@type":"ListItem","position":2,"name":"Toegang groot publiek","item":"https:\/\/neobrussels.com\/nl\/pour-le-public\/"},{"@type":"ListItem","position":3,"name":"Het project","item":"https:\/\/neobrussels.com\/nl\/pour-le-public\/le-projet\/"},{"@type":"ListItem","position":4,"name":"MICE"}]},{"@type":"WebSite","@id":"https:\/\/neobrussels.com\/nl\/#website","url":"https:\/\/neobrussels.com\/nl\/","name":"NEO Brussels","description":"D\u00e9veloppement et r\u00e9am\u00e9nagement du plateau du Heysel. Une nouvelle ambition pour Bruxelles.","publisher":{"@id":"https:\/\/neobrussels.com\/nl\/#organization"},"potentialAction":[{"@type":"SearchAction","target":{"@type":"EntryPoint","urlTemplate":"https:\/\/neobrussels.com\/nl\/?s={search_term_string}"},"query-input":{"@type":"PropertyValueSpecification","valueRequired":true,"valueName":"search_term_string"}}],"inLanguage":"nl-NL"},{"@type":"Organization","@id":"https:\/\/neobrussels.com\/nl\/#organization","name":"NEO","url":"https:\/\/neobrussels.com\/nl\/","logo":{"@type":"ImageObject","inLanguage":"nl-NL","@id":"https:\/\/neobrussels.com\/nl\/#\/schema\/logo\/image\/","url":"https:\/\/neobrussels.com\/wp-content\/uploads\/2025\/01\/Sans-titre-2.png","contentUrl":"https:\/\/neobrussels.com\/wp-content\/uploads\/2025\/01\/Sans-titre-2.png","width":186,"height":228,"caption":"NEO"},"image":{"@id":"https:\/\/neobrussels.com\/nl\/#\/schema\/logo\/image\/"},"sameAs":["https:\/\/www.linkedin.com\/company\/103968427\/admin\/dashboard\/"]}]}},"_links":{"self":[{"href":"https:\/\/neobrussels.com\/nl\/wp-json\/wp\/v2\/pages\/634","targetHints":{"allow":["GET"]}}],"collection":[{"href":"https:\/\/neobrussels.com\/nl\/wp-json\/wp\/v2\/pages"}],"about":[{"href":"https:\/\/neobrussels.com\/nl\/wp-json\/wp\/v2\/types\/page"}],"author":[{"embeddable":true,"href":"https:\/\/neobrussels.com\/nl\/wp-json\/wp\/v2\/users\/1"}],"replies":[{"embeddable":true,"href":"https:\/\/neobrussels.com\/nl\/wp-json\/wp\/v2\/comments?post=634"}],"version-history":[{"count":4,"href":"https:\/\/neobrussels.com\/nl\/wp-json\/wp\/v2\/pages\/634\/revisions"}],"predecessor-version":[{"id":1419,"href":"https:\/\/neobrussels.com\/nl\/wp-json\/wp\/v2\/pages\/634\/revisions\/1419"}],"up":[{"embeddable":true,"href":"https:\/\/neobrussels.com\/nl\/wp-json\/wp\/v2\/pages\/594"}],"wp:attachment":[{"href":"https:\/\/neobrussels.com\/nl\/wp-json\/wp\/v2\/media?parent=634"}],"curies":[{"name":"wp","href":"https:\/\/api.w.org\/{rel}","templated":true}]}}