{"id":630,"date":"2020-07-31T09:56:12","date_gmt":"2020-07-31T07:56:12","guid":{"rendered":"http:\/\/localhost:8888\/neo\/presse\/"},"modified":"2024-05-16T10:58:17","modified_gmt":"2024-05-16T08:58:17","slug":"pers","status":"publish","type":"page","link":"https:\/\/neobrussels.com\/nl\/pers\/","title":{"rendered":"Pers"},"content":{"rendered":"\r\n<h2 class=\"wp-block-heading\">14 december 2022<\/h2>\r\n<p><a href=\"https:\/\/neobrussels.com\/wp-content\/uploads\/2024\/05\/PB_Stad-Brussel_Verregatpark-ingehuldigd-1.pdf\">Gerenoveerde Lakense Verregatpark feestelijk ingehuldigd<\/a><\/p>\r\n<h2>6 januari 2021<\/h2>\r\n\r\n\r\n\r\n<p><a href=\"https:\/\/neobrussels.com\/wp-content\/uploads\/2021\/01\/NEO-Mini-Europe-NL.pdf\">Mini-Europa bevestigd binnen het NEO-EUROPEA project<\/a><\/p>\r\n\r\n\r\n\r\n<h2 class=\"wp-block-heading\">16 october 2020<\/h2>\r\n\r\n\r\n\r\n<p><a href=\"https:\/\/neobrussels.com\/nl\/la-ville-a-annonce-quen-raison-des-incertitudes-liees-a-la-crise-sanitaire-les-pouvoirs-publics-ont-du-se-resoudre-a-renoncer-au-marche-neo2\/\">De Stad heeft aangekondigd dat de overheid zich door de onzekerheden ten gevolge van de coronacrisis, genoodzaakt zag van de NEO2-opdracht af te zien.<\/a><\/p>\r\n\r\n\r\n\r\n<h2 class=\"wp-block-heading\">Juli 2020<\/h2>\r\n\r\n\r\n\r\n<p><a href=\"https:\/\/neobrussels.com\/nl\/juli-2020-de-verbindingsweg-is-in-aanbouw\/\">De verbindingsweg is in aanbouw<\/a><\/p>\r\n\r\n\r\n\r\n<h2 class=\"wp-block-heading\">25 februari 2020<\/h2>\r\n\r\n\r\n\r\n<p><a href=\"https:\/\/neobrussels.com\/nl\/februari-2020-toekenning-vergunning-sportpark\/\">Toekenning vergunning Sportpark<\/a><\/p>\r\n\r\n\r\n\r\n<h2 class=\"wp-block-heading\">7 september 2018<\/h2>\r\n\r\n\r\n\r\n<p><a href=\"http:\/\/beta.neobrussels.com\/wp-content\/uploads\/2020\/10\/Cofinimmo-CFE_Neo-II_NL.pdf\" target=\"_blank\" rel=\"noreferrer noopener\" data-type=\"URL\" data-id=\"http:\/\/beta.neobrussels.com\/wp-content\/uploads\/2020\/10\/Cofinimmo-CFE_Neo-II_NL.pdf\">Voorstelling van het project voor een Congrescentrum en een Hotel : NEO start met de tweede fase van de bouw aan een internationale hoofdstad waar het goed leven is<br \/>Het consortium CFE\/Cofinimmo zal het project Neo II in Brussel, ontworpen door Jean Nouvel, bouwen<\/a><\/p>\r\n\r\n\r\n\r\n<h2 class=\"wp-block-heading\">19 juli 2018<\/h2>\r\n\r\n\r\n\r\n<p><a href=\"https:\/\/neobrussels.com\/wp-content\/uploads\/2020\/10\/NEO-CP-19-juillet-2018-NEO-2-N.pdf\" target=\"_blank\" rel=\"noreferrer noopener\" data-type=\"URL\" data-id=\"https:\/\/neobrussels.com\/wp-content\/uploads\/2020\/10\/NEO-CP-19-juillet-2018-NEO-2-N.pdf\">CFE \/COFINIMMO\/JEAN NOUVEL bouwt NEO 2<\/a><\/p>\r\n\r\n\r\n\r\n<h2 class=\"wp-block-heading\">28\u00a0juni 2017<\/h2>\r\n\r\n\r\n\r\n<p><a href=\"http:\/\/www.neobrussels.com\/wp-content\/uploads\/2015\/02\/NEO-cp28juin2017-espaces-publics-nl.pdf\" target=\"_blank\" rel=\"noreferrer noopener\">NEO: Het nieuwe sportpark staat in de startblokken.<\/a><\/p>\r\n\r\n\r\n\r\n<h2 class=\"wp-block-heading\">30 april 2017<\/h2>\r\n\r\n\r\n\r\n<p><a href=\"https:\/\/neobrussels.com\/nl\/april-2017-de-heizel-wordt-het-grootste-knooppunt-voor-openbaar-vervoer-in-het-land\/\">De Heizel wordt het grootste knooppunt voor openbaar vervoer in het land<\/a><\/p>\r\n\r\n\r\n\r\n<h2 class=\"wp-block-heading\">6 januari 2017<\/h2>\r\n\r\n\r\n\r\n<p><a href=\"https:\/\/neobrussels.com\/wp-content\/uploads\/2020\/10\/NEO-com-enquete-publique-05012017-NL.pdf\" target=\"_blank\" rel=\"noreferrer noopener\" data-type=\"URL\" data-id=\"https:\/\/neobrussels.com\/wp-content\/uploads\/2020\/10\/NEO-com-enquete-publique-05012017-NL.pdf\">Het openbaar onderzoek voor NEO I- Europea opnieuw geopend.<\/a><\/p>\r\n\r\n\r\n\r\n<h2 class=\"wp-block-heading\">23 december 2016<\/h2>\r\n\r\n\r\n\r\n<p><a href=\"https:\/\/neobrussels.com\/wp-content\/uploads\/2020\/10\/cpm-presse-new-pras-nl.pdf\" target=\"_blank\" rel=\"noreferrer noopener\" data-type=\"URL\" data-id=\"https:\/\/neobrussels.com\/wp-content\/uploads\/2020\/10\/cpm-presse-new-pras-nl.pdf\">Opnieuw goed nieuws voor het NEO project.<\/a><\/p>\r\n\r\n\r\n\r\n<h2 class=\"wp-block-heading\">20 december 2016<\/h2>\r\n\r\n\r\n\r\n<p><a href=\"https:\/\/neobrussels.com\/wp-content\/uploads\/2020\/10\/NEO-com-presse-201206-Mini-Europe-NL.pdf\" target=\"_blank\" rel=\"noreferrer noopener\" data-type=\"URL\" data-id=\"https:\/\/neobrussels.com\/wp-content\/uploads\/2020\/10\/NEO-com-presse-201206-Mini-Europe-NL.pdf\">Mini-Europe stapt mee in het NEO-EUROPEA project.<\/a><\/p>\r\n\r\n\r\n\r\n<h2 class=\"wp-block-heading\">6 december 2016<\/h2>\r\n\r\n\r\n\r\n<p><a href=\"https:\/\/neobrussels.com\/wp-content\/uploads\/2020\/10\/pm161206-Persbericht-com-concert-0612-1.pdf\" target=\"_blank\" rel=\"noreferrer noopener\" data-type=\"URL\" data-id=\"https:\/\/neobrussels.com\/wp-content\/uploads\/2020\/10\/pm161206-Persbericht-com-concert-0612-1.pdf\">NEO krijgt zijn stedenbouwkundig en milieuattest: De procedure volgt haar normaal verloop.<\/a><\/p>\r\n\r\n\r\n\r\n<h2 class=\"wp-block-heading\">8 november 2016<\/h2>\r\n\r\n\r\n\r\n<p><a href=\"https:\/\/neobrussels.com\/wp-content\/uploads\/2020\/10\/Persbericht-VerreGat-Park.pdf\" target=\"_blank\" rel=\"noreferrer noopener\" data-type=\"URL\" data-id=\"https:\/\/neobrussels.com\/wp-content\/uploads\/2020\/10\/Persbericht-VerreGat-Park.pdf\">Verregatpark wordt groter.<\/a><\/p>\r\n\r\n\r\n\r\n<h2 class=\"wp-block-heading\">4\u00a0mei 2016<\/h2>\r\n\r\n\r\n\r\n<p><a href=\"https:\/\/neobrussels.com\/wp-content\/uploads\/2020\/10\/cp-04052016-nl.pdf\" target=\"_blank\" rel=\"noreferrer noopener\" data-type=\"URL\" data-id=\"https:\/\/neobrussels.com\/wp-content\/uploads\/2020\/10\/cp-04052016-nl.pdf\">2\u00e9me phase de n\u00e9gociation pour le futur centre de congr\u00e8s de Bruxelles.<\/a><\/p>\r\n\r\n\r\n\r\n<h2 class=\"wp-block-heading\">7 mei 2012<\/h2>\r\n\r\n\r\n\r\n<p><a href=\"https:\/\/neobrussels.com\/wp-content\/uploads\/2020\/10\/cp-07052012-nl.pdf\" target=\"_blank\" rel=\"noreferrer noopener\" data-type=\"URL\" data-id=\"https:\/\/neobrussels.com\/wp-content\/uploads\/2020\/10\/cp-07052012-nl.pdf\">De Stad Brussel en het Brussels Hoofdstedelijk Gewest starten de tweede fase van het NEO project op<\/a><\/p>\r\n\r\n\r\n\r\n<h2 class=\"wp-block-heading\">23 juni 2011<\/h2>\r\n\r\n\r\n\r\n<p><a href=\"https:\/\/neobrussels.com\/wp-content\/uploads\/2020\/10\/cp-23062011-nl.pdf\" target=\"_blank\" rel=\"noreferrer noopener\" data-type=\"URL\" data-id=\"https:\/\/neobrussels.com\/wp-content\/uploads\/2020\/10\/cp-23062011-nl.pdf\">Het Heizelplateau : een strategische pool in de internationale ontwikkeling van Brussel<\/a><\/p>\r\n\r\n\r\n\r\n<h2 class=\"wp-block-heading\">28 september 2010<\/h2>\r\n\r\n\r\n\r\n<p><a href=\"https:\/\/neobrussels.com\/wp-content\/uploads\/2020\/10\/cp-28092010-nl.pdf\" target=\"_blank\" rel=\"noreferrer noopener\" data-type=\"URL\" data-id=\"https:\/\/neobrussels.com\/wp-content\/uploads\/2020\/10\/cp-28092010-nl.pdf\">Heraanleg van de strategische pool Noord van de Stad Brussel. Prijsvraag voor ontwerpen : aanstelling van een hoofdstedenbouwkundige.<\/a><\/p>\r\n\r\n\r\n\r\n<h2 class=\"wp-block-heading\">26 october 2009<\/h2>\r\n\r\n\r\n\r\n<p><a href=\"https:\/\/neobrussels.com\/wp-content\/uploads\/2020\/10\/cp-26102009-nl.pdf\" target=\"_blank\" rel=\"noreferrer noopener\" data-type=\"URL\" data-id=\"https:\/\/neobrussels.com\/wp-content\/uploads\/2020\/10\/cp-26102009-nl.pdf\">Neo, een gedeelde ambitie voor Brussel. Re-urbanisatie van de strategische Noord-Heizel-pool van Stad Brussel. Projectwedstrijd: 8 geselecteerde kandidaten.<\/a><\/p>\r\n","protected":false},"excerpt":{"rendered":"<p>14 december 2022 Gerenoveerde Lakense Verregatpark feestelijk ingehuldigd 6 januari 2021 Mini-Europa bevestigd binnen het NEO-EUROPEA project 16 october 2020 De Stad heeft aangekondigd dat&#8230; <a class=\"more\" href=\"https:\/\/neobrussels.com\/nl\/pers\/\">Doorgaan<\/a><\/p>\n","protected":false},"author":1,"featured_media":1760,"parent":0,"menu_order":0,"comment_status":"closed","ping_status":"closed","template":"","meta":{"_acf_changed":false,"footnotes":""},"class_list":["post-630","page","type-page","status-publish","has-post-thumbnail","hentry"],"acf":[],"yoast_head":"<!-- This site is optimized with the Yoast SEO plugin v24.2 - https:\/\/yoast.com\/wordpress\/plugins\/seo\/ -->\n<title>Pers - NEO<\/title>\n<meta name=\"robots\" content=\"index, follow, max-snippet:-1, max-image-preview:large, max-video-preview:-1\" \/>\n<link rel=\"canonical\" href=\"https:\/\/neobrussels.com\/nl\/pers\/\" \/>\n<meta property=\"og:locale\" content=\"nl_NL\" \/>\n<meta property=\"og:type\" content=\"article\" \/>\n<meta property=\"og:title\" content=\"Pers - NEO\" \/>\n<meta property=\"og:description\" content=\"14 december 2022 Gerenoveerde Lakense Verregatpark feestelijk ingehuldigd 6 januari 2021 Mini-Europa bevestigd binnen het NEO-EUROPEA project 16 october 2020 De Stad heeft aangekondigd dat... Doorgaan\" \/>\n<meta property=\"og:url\" content=\"https:\/\/neobrussels.com\/nl\/pers\/\" \/>\n<meta property=\"og:site_name\" content=\"NEO\" \/>\n<meta property=\"article:modified_time\" content=\"2024-05-16T08:58:17+00:00\" \/>\n<meta property=\"og:image\" content=\"https:\/\/neobrussels.com\/wp-content\/uploads\/2021\/01\/IMG-0114-scaled.jpg\" \/>\n\t<meta property=\"og:image:width\" content=\"2560\" \/>\n\t<meta property=\"og:image:height\" content=\"1709\" \/>\n\t<meta property=\"og:image:type\" content=\"image\/jpeg\" \/>\n<meta name=\"twitter:card\" content=\"summary_large_image\" \/>\n<meta name=\"twitter:label1\" content=\"Geschatte leestijd\" \/>\n\t<meta name=\"twitter:data1\" content=\"1 minuut\" \/>\n<script type=\"application\/ld+json\" class=\"yoast-schema-graph\">{\"@context\":\"https:\/\/schema.org\",\"@graph\":[{\"@type\":\"WebPage\",\"@id\":\"https:\/\/neobrussels.com\/nl\/pers\/\",\"url\":\"https:\/\/neobrussels.com\/nl\/pers\/\",\"name\":\"Pers - NEO\",\"isPartOf\":{\"@id\":\"https:\/\/neobrussels.com\/nl\/#website\"},\"primaryImageOfPage\":{\"@id\":\"https:\/\/neobrussels.com\/nl\/pers\/#primaryimage\"},\"image\":{\"@id\":\"https:\/\/neobrussels.com\/nl\/pers\/#primaryimage\"},\"thumbnailUrl\":\"https:\/\/neobrussels.com\/wp-content\/uploads\/2021\/01\/IMG-0114-scaled.jpg\",\"datePublished\":\"2020-07-31T07:56:12+00:00\",\"dateModified\":\"2024-05-16T08:58:17+00:00\",\"breadcrumb\":{\"@id\":\"https:\/\/neobrussels.com\/nl\/pers\/#breadcrumb\"},\"inLanguage\":\"nl-NL\",\"potentialAction\":[{\"@type\":\"ReadAction\",\"target\":[\"https:\/\/neobrussels.com\/nl\/pers\/\"]}]},{\"@type\":\"ImageObject\",\"inLanguage\":\"nl-NL\",\"@id\":\"https:\/\/neobrussels.com\/nl\/pers\/#primaryimage\",\"url\":\"https:\/\/neobrussels.com\/wp-content\/uploads\/2021\/01\/IMG-0114-scaled.jpg\",\"contentUrl\":\"https:\/\/neobrussels.com\/wp-content\/uploads\/2021\/01\/IMG-0114-scaled.jpg\",\"width\":2560,\"height\":1709},{\"@type\":\"BreadcrumbList\",\"@id\":\"https:\/\/neobrussels.com\/nl\/pers\/#breadcrumb\",\"itemListElement\":[{\"@type\":\"ListItem\",\"position\":1,\"name\":\"Accueil\",\"item\":\"https:\/\/neobrussels.com\/nl\/\"},{\"@type\":\"ListItem\",\"position\":2,\"name\":\"Pers\"}]},{\"@type\":\"WebSite\",\"@id\":\"https:\/\/neobrussels.com\/nl\/#website\",\"url\":\"https:\/\/neobrussels.com\/nl\/\",\"name\":\"NEO Brussels\",\"description\":\"D\u00e9veloppement et r\u00e9am\u00e9nagement du plateau du Heysel. Une nouvelle ambition pour Bruxelles.\",\"publisher\":{\"@id\":\"https:\/\/neobrussels.com\/nl\/#organization\"},\"potentialAction\":[{\"@type\":\"SearchAction\",\"target\":{\"@type\":\"EntryPoint\",\"urlTemplate\":\"https:\/\/neobrussels.com\/nl\/?s={search_term_string}\"},\"query-input\":{\"@type\":\"PropertyValueSpecification\",\"valueRequired\":true,\"valueName\":\"search_term_string\"}}],\"inLanguage\":\"nl-NL\"},{\"@type\":\"Organization\",\"@id\":\"https:\/\/neobrussels.com\/nl\/#organization\",\"name\":\"NEO\",\"url\":\"https:\/\/neobrussels.com\/nl\/\",\"logo\":{\"@type\":\"ImageObject\",\"inLanguage\":\"nl-NL\",\"@id\":\"https:\/\/neobrussels.com\/nl\/#\/schema\/logo\/image\/\",\"url\":\"https:\/\/neobrussels.com\/wp-content\/uploads\/2025\/01\/Sans-titre-2.png\",\"contentUrl\":\"https:\/\/neobrussels.com\/wp-content\/uploads\/2025\/01\/Sans-titre-2.png\",\"width\":186,\"height\":228,\"caption\":\"NEO\"},\"image\":{\"@id\":\"https:\/\/neobrussels.com\/nl\/#\/schema\/logo\/image\/\"},\"sameAs\":[\"https:\/\/www.linkedin.com\/company\/103968427\/admin\/dashboard\/\"]}]}<\/script>\n<!-- \/ Yoast SEO plugin. -->","yoast_head_json":{"title":"Pers - NEO","robots":{"index":"index","follow":"follow","max-snippet":"max-snippet:-1","max-image-preview":"max-image-preview:large","max-video-preview":"max-video-preview:-1"},"canonical":"https:\/\/neobrussels.com\/nl\/pers\/","og_locale":"nl_NL","og_type":"article","og_title":"Pers - NEO","og_description":"14 december 2022 Gerenoveerde Lakense Verregatpark feestelijk ingehuldigd 6 januari 2021 Mini-Europa bevestigd binnen het NEO-EUROPEA project 16 october 2020 De Stad heeft aangekondigd dat... Doorgaan","og_url":"https:\/\/neobrussels.com\/nl\/pers\/","og_site_name":"NEO","article_modified_time":"2024-05-16T08:58:17+00:00","og_image":[{"width":2560,"height":1709,"url":"https:\/\/neobrussels.com\/wp-content\/uploads\/2021\/01\/IMG-0114-scaled.jpg","type":"image\/jpeg"}],"twitter_card":"summary_large_image","twitter_misc":{"Geschatte leestijd":"1 minuut"},"schema":{"@context":"https:\/\/schema.org","@graph":[{"@type":"WebPage","@id":"https:\/\/neobrussels.com\/nl\/pers\/","url":"https:\/\/neobrussels.com\/nl\/pers\/","name":"Pers - NEO","isPartOf":{"@id":"https:\/\/neobrussels.com\/nl\/#website"},"primaryImageOfPage":{"@id":"https:\/\/neobrussels.com\/nl\/pers\/#primaryimage"},"image":{"@id":"https:\/\/neobrussels.com\/nl\/pers\/#primaryimage"},"thumbnailUrl":"https:\/\/neobrussels.com\/wp-content\/uploads\/2021\/01\/IMG-0114-scaled.jpg","datePublished":"2020-07-31T07:56:12+00:00","dateModified":"2024-05-16T08:58:17+00:00","breadcrumb":{"@id":"https:\/\/neobrussels.com\/nl\/pers\/#breadcrumb"},"inLanguage":"nl-NL","potentialAction":[{"@type":"ReadAction","target":["https:\/\/neobrussels.com\/nl\/pers\/"]}]},{"@type":"ImageObject","inLanguage":"nl-NL","@id":"https:\/\/neobrussels.com\/nl\/pers\/#primaryimage","url":"https:\/\/neobrussels.com\/wp-content\/uploads\/2021\/01\/IMG-0114-scaled.jpg","contentUrl":"https:\/\/neobrussels.com\/wp-content\/uploads\/2021\/01\/IMG-0114-scaled.jpg","width":2560,"height":1709},{"@type":"BreadcrumbList","@id":"https:\/\/neobrussels.com\/nl\/pers\/#breadcrumb","itemListElement":[{"@type":"ListItem","position":1,"name":"Accueil","item":"https:\/\/neobrussels.com\/nl\/"},{"@type":"ListItem","position":2,"name":"Pers"}]},{"@type":"WebSite","@id":"https:\/\/neobrussels.com\/nl\/#website","url":"https:\/\/neobrussels.com\/nl\/","name":"NEO Brussels","description":"D\u00e9veloppement et r\u00e9am\u00e9nagement du plateau du Heysel. Une nouvelle ambition pour Bruxelles.","publisher":{"@id":"https:\/\/neobrussels.com\/nl\/#organization"},"potentialAction":[{"@type":"SearchAction","target":{"@type":"EntryPoint","urlTemplate":"https:\/\/neobrussels.com\/nl\/?s={search_term_string}"},"query-input":{"@type":"PropertyValueSpecification","valueRequired":true,"valueName":"search_term_string"}}],"inLanguage":"nl-NL"},{"@type":"Organization","@id":"https:\/\/neobrussels.com\/nl\/#organization","name":"NEO","url":"https:\/\/neobrussels.com\/nl\/","logo":{"@type":"ImageObject","inLanguage":"nl-NL","@id":"https:\/\/neobrussels.com\/nl\/#\/schema\/logo\/image\/","url":"https:\/\/neobrussels.com\/wp-content\/uploads\/2025\/01\/Sans-titre-2.png","contentUrl":"https:\/\/neobrussels.com\/wp-content\/uploads\/2025\/01\/Sans-titre-2.png","width":186,"height":228,"caption":"NEO"},"image":{"@id":"https:\/\/neobrussels.com\/nl\/#\/schema\/logo\/image\/"},"sameAs":["https:\/\/www.linkedin.com\/company\/103968427\/admin\/dashboard\/"]}]}},"_links":{"self":[{"href":"https:\/\/neobrussels.com\/nl\/wp-json\/wp\/v2\/pages\/630","targetHints":{"allow":["GET"]}}],"collection":[{"href":"https:\/\/neobrussels.com\/nl\/wp-json\/wp\/v2\/pages"}],"about":[{"href":"https:\/\/neobrussels.com\/nl\/wp-json\/wp\/v2\/types\/page"}],"author":[{"embeddable":true,"href":"https:\/\/neobrussels.com\/nl\/wp-json\/wp\/v2\/users\/1"}],"replies":[{"embeddable":true,"href":"https:\/\/neobrussels.com\/nl\/wp-json\/wp\/v2\/comments?post=630"}],"version-history":[{"count":21,"href":"https:\/\/neobrussels.com\/nl\/wp-json\/wp\/v2\/pages\/630\/revisions"}],"predecessor-version":[{"id":2352,"href":"https:\/\/neobrussels.com\/nl\/wp-json\/wp\/v2\/pages\/630\/revisions\/2352"}],"wp:featuredmedia":[{"embeddable":true,"href":"https:\/\/neobrussels.com\/nl\/wp-json\/wp\/v2\/media\/1760"}],"wp:attachment":[{"href":"https:\/\/neobrussels.com\/nl\/wp-json\/wp\/v2\/media?parent=630"}],"curies":[{"name":"wp","href":"https:\/\/api.w.org\/{rel}","templated":true}]}}