{"id":622,"date":"2020-07-31T09:48:42","date_gmt":"2020-07-31T07:48:42","guid":{"rendered":"http:\/\/localhost:8888\/neo\/pour-le-public\/developpement-durable\/"},"modified":"2020-10-08T13:46:31","modified_gmt":"2020-10-08T11:46:31","slug":"duurzame-ontwikkeling","status":"publish","type":"page","link":"https:\/\/neobrussels.com\/nl\/toegang-groot-publiek\/duurzame-ontwikkeling\/","title":{"rendered":"Duurzame ontwikkeling"},"content":{"rendered":"\n<h2 class=\"wp-block-heading\">Het project omvat een sterke strategie op het vlak van duurzame ontwikkeling, zowel voor het thema mobiliteit als voor energie en water.<\/h2>\n\n\n\n<p>Het project wil in alle domeinen een voorbeeldfunctie vervullen op het gebied van architectuur en duurzame ontwikkeling. Er wordt systematisch gekozen voor de modernste technieken:&nbsp;<\/p>\n\n\n\n<ul class=\"wp-block-list\"><li>Nieuwe constructies die beantwoorden aan de meest recente normen inzake lage emissie en die zijn ontworpen met het oog op een lange levensduur<\/li><li>Zuinig gebruik en hergebruik van energie, grondstoffen en water<\/li><li>Het volledige terrein is waterdoorlatend dankzij waterabsorberende oppervlakken&nbsp;<\/li><li>De inrichting van het plateau schept verbindingen voor zachte mobiliteit ter plaatse<\/li><li>Een winkelwijk dat als voorbeeld en referentie zal dienen voor de beste praktijken op het vlak van duurzaamheid&nbsp;<\/li><li>Lokale productie van 20 % van de benodigde energie<\/li><li>Opvang en recyclage van regenwater<\/li><li>Realisatie van ecologische schakels om de verplaatsing van soorten tussen de groene ruimten te bevorderen&nbsp;<\/li><li>Integratie van de sportinfrastructuur in een nieuw aangelegd park<\/li><li>Bescherming van grote bomen<\/li><\/ul>\n","protected":false},"excerpt":{"rendered":"<p>Het project omvat een sterke strategie op het vlak van duurzame ontwikkeling, zowel voor het thema mobiliteit als voor energie en water. Het project wil&#8230; <a class=\"more\" href=\"https:\/\/neobrussels.com\/nl\/toegang-groot-publiek\/duurzame-ontwikkeling\/\">Doorgaan<\/a><\/p>\n","protected":false},"author":1,"featured_media":504,"parent":590,"menu_order":2,"comment_status":"closed","ping_status":"closed","template":"","meta":{"_acf_changed":false,"footnotes":""},"class_list":["post-622","page","type-page","status-publish","has-post-thumbnail","hentry"],"acf":[],"yoast_head":"<!-- This site is optimized with the Yoast SEO plugin v24.2 - https:\/\/yoast.com\/wordpress\/plugins\/seo\/ -->\n<title>Duurzame ontwikkeling - NEO<\/title>\n<meta name=\"robots\" content=\"index, follow, max-snippet:-1, max-image-preview:large, max-video-preview:-1\" \/>\n<link rel=\"canonical\" href=\"https:\/\/neobrussels.com\/nl\/toegang-groot-publiek\/duurzame-ontwikkeling\/\" \/>\n<meta property=\"og:locale\" content=\"nl_NL\" \/>\n<meta property=\"og:type\" content=\"article\" \/>\n<meta property=\"og:title\" content=\"Duurzame ontwikkeling - NEO\" \/>\n<meta property=\"og:description\" content=\"Het project omvat een sterke strategie op het vlak van duurzame ontwikkeling, zowel voor het thema mobiliteit als voor energie en water. Het project wil... Doorgaan\" \/>\n<meta property=\"og:url\" content=\"https:\/\/neobrussels.com\/nl\/toegang-groot-publiek\/duurzame-ontwikkeling\/\" \/>\n<meta property=\"og:site_name\" content=\"NEO\" \/>\n<meta property=\"article:modified_time\" content=\"2020-10-08T11:46:31+00:00\" \/>\n<meta property=\"og:image\" content=\"https:\/\/neobrussels.com\/wp-content\/uploads\/2020\/08\/home-2.jpg\" \/>\n\t<meta property=\"og:image:width\" content=\"1500\" \/>\n\t<meta property=\"og:image:height\" content=\"859\" \/>\n\t<meta property=\"og:image:type\" content=\"image\/jpeg\" \/>\n<meta name=\"twitter:card\" content=\"summary_large_image\" \/>\n<meta name=\"twitter:label1\" content=\"Geschatte leestijd\" \/>\n\t<meta name=\"twitter:data1\" content=\"1 minuut\" \/>\n<script type=\"application\/ld+json\" class=\"yoast-schema-graph\">{\"@context\":\"https:\/\/schema.org\",\"@graph\":[{\"@type\":\"WebPage\",\"@id\":\"https:\/\/neobrussels.com\/nl\/toegang-groot-publiek\/duurzame-ontwikkeling\/\",\"url\":\"https:\/\/neobrussels.com\/nl\/toegang-groot-publiek\/duurzame-ontwikkeling\/\",\"name\":\"Duurzame ontwikkeling - NEO\",\"isPartOf\":{\"@id\":\"https:\/\/neobrussels.com\/nl\/#website\"},\"primaryImageOfPage\":{\"@id\":\"https:\/\/neobrussels.com\/nl\/toegang-groot-publiek\/duurzame-ontwikkeling\/#primaryimage\"},\"image\":{\"@id\":\"https:\/\/neobrussels.com\/nl\/toegang-groot-publiek\/duurzame-ontwikkeling\/#primaryimage\"},\"thumbnailUrl\":\"https:\/\/neobrussels.com\/wp-content\/uploads\/2020\/08\/home-2.jpg\",\"datePublished\":\"2020-07-31T07:48:42+00:00\",\"dateModified\":\"2020-10-08T11:46:31+00:00\",\"breadcrumb\":{\"@id\":\"https:\/\/neobrussels.com\/nl\/toegang-groot-publiek\/duurzame-ontwikkeling\/#breadcrumb\"},\"inLanguage\":\"nl-NL\",\"potentialAction\":[{\"@type\":\"ReadAction\",\"target\":[\"https:\/\/neobrussels.com\/nl\/toegang-groot-publiek\/duurzame-ontwikkeling\/\"]}]},{\"@type\":\"ImageObject\",\"inLanguage\":\"nl-NL\",\"@id\":\"https:\/\/neobrussels.com\/nl\/toegang-groot-publiek\/duurzame-ontwikkeling\/#primaryimage\",\"url\":\"https:\/\/neobrussels.com\/wp-content\/uploads\/2020\/08\/home-2.jpg\",\"contentUrl\":\"https:\/\/neobrussels.com\/wp-content\/uploads\/2020\/08\/home-2.jpg\",\"width\":1500,\"height\":859},{\"@type\":\"BreadcrumbList\",\"@id\":\"https:\/\/neobrussels.com\/nl\/toegang-groot-publiek\/duurzame-ontwikkeling\/#breadcrumb\",\"itemListElement\":[{\"@type\":\"ListItem\",\"position\":1,\"name\":\"Accueil\",\"item\":\"https:\/\/neobrussels.com\/nl\/\"},{\"@type\":\"ListItem\",\"position\":2,\"name\":\"Toegang groot publiek\",\"item\":\"https:\/\/neobrussels.com\/nl\/pour-le-public\/\"},{\"@type\":\"ListItem\",\"position\":3,\"name\":\"Duurzame ontwikkeling\"}]},{\"@type\":\"WebSite\",\"@id\":\"https:\/\/neobrussels.com\/nl\/#website\",\"url\":\"https:\/\/neobrussels.com\/nl\/\",\"name\":\"NEO Brussels\",\"description\":\"D\u00e9veloppement et r\u00e9am\u00e9nagement du plateau du Heysel. Une nouvelle ambition pour Bruxelles.\",\"publisher\":{\"@id\":\"https:\/\/neobrussels.com\/nl\/#organization\"},\"potentialAction\":[{\"@type\":\"SearchAction\",\"target\":{\"@type\":\"EntryPoint\",\"urlTemplate\":\"https:\/\/neobrussels.com\/nl\/?s={search_term_string}\"},\"query-input\":{\"@type\":\"PropertyValueSpecification\",\"valueRequired\":true,\"valueName\":\"search_term_string\"}}],\"inLanguage\":\"nl-NL\"},{\"@type\":\"Organization\",\"@id\":\"https:\/\/neobrussels.com\/nl\/#organization\",\"name\":\"NEO\",\"url\":\"https:\/\/neobrussels.com\/nl\/\",\"logo\":{\"@type\":\"ImageObject\",\"inLanguage\":\"nl-NL\",\"@id\":\"https:\/\/neobrussels.com\/nl\/#\/schema\/logo\/image\/\",\"url\":\"https:\/\/neobrussels.com\/wp-content\/uploads\/2025\/01\/Sans-titre-2.png\",\"contentUrl\":\"https:\/\/neobrussels.com\/wp-content\/uploads\/2025\/01\/Sans-titre-2.png\",\"width\":186,\"height\":228,\"caption\":\"NEO\"},\"image\":{\"@id\":\"https:\/\/neobrussels.com\/nl\/#\/schema\/logo\/image\/\"},\"sameAs\":[\"https:\/\/www.linkedin.com\/company\/103968427\/admin\/dashboard\/\"]}]}<\/script>\n<!-- \/ Yoast SEO plugin. -->","yoast_head_json":{"title":"Duurzame ontwikkeling - NEO","robots":{"index":"index","follow":"follow","max-snippet":"max-snippet:-1","max-image-preview":"max-image-preview:large","max-video-preview":"max-video-preview:-1"},"canonical":"https:\/\/neobrussels.com\/nl\/toegang-groot-publiek\/duurzame-ontwikkeling\/","og_locale":"nl_NL","og_type":"article","og_title":"Duurzame ontwikkeling - NEO","og_description":"Het project omvat een sterke strategie op het vlak van duurzame ontwikkeling, zowel voor het thema mobiliteit als voor energie en water. Het project wil... Doorgaan","og_url":"https:\/\/neobrussels.com\/nl\/toegang-groot-publiek\/duurzame-ontwikkeling\/","og_site_name":"NEO","article_modified_time":"2020-10-08T11:46:31+00:00","og_image":[{"width":1500,"height":859,"url":"https:\/\/neobrussels.com\/wp-content\/uploads\/2020\/08\/home-2.jpg","type":"image\/jpeg"}],"twitter_card":"summary_large_image","twitter_misc":{"Geschatte leestijd":"1 minuut"},"schema":{"@context":"https:\/\/schema.org","@graph":[{"@type":"WebPage","@id":"https:\/\/neobrussels.com\/nl\/toegang-groot-publiek\/duurzame-ontwikkeling\/","url":"https:\/\/neobrussels.com\/nl\/toegang-groot-publiek\/duurzame-ontwikkeling\/","name":"Duurzame ontwikkeling - NEO","isPartOf":{"@id":"https:\/\/neobrussels.com\/nl\/#website"},"primaryImageOfPage":{"@id":"https:\/\/neobrussels.com\/nl\/toegang-groot-publiek\/duurzame-ontwikkeling\/#primaryimage"},"image":{"@id":"https:\/\/neobrussels.com\/nl\/toegang-groot-publiek\/duurzame-ontwikkeling\/#primaryimage"},"thumbnailUrl":"https:\/\/neobrussels.com\/wp-content\/uploads\/2020\/08\/home-2.jpg","datePublished":"2020-07-31T07:48:42+00:00","dateModified":"2020-10-08T11:46:31+00:00","breadcrumb":{"@id":"https:\/\/neobrussels.com\/nl\/toegang-groot-publiek\/duurzame-ontwikkeling\/#breadcrumb"},"inLanguage":"nl-NL","potentialAction":[{"@type":"ReadAction","target":["https:\/\/neobrussels.com\/nl\/toegang-groot-publiek\/duurzame-ontwikkeling\/"]}]},{"@type":"ImageObject","inLanguage":"nl-NL","@id":"https:\/\/neobrussels.com\/nl\/toegang-groot-publiek\/duurzame-ontwikkeling\/#primaryimage","url":"https:\/\/neobrussels.com\/wp-content\/uploads\/2020\/08\/home-2.jpg","contentUrl":"https:\/\/neobrussels.com\/wp-content\/uploads\/2020\/08\/home-2.jpg","width":1500,"height":859},{"@type":"BreadcrumbList","@id":"https:\/\/neobrussels.com\/nl\/toegang-groot-publiek\/duurzame-ontwikkeling\/#breadcrumb","itemListElement":[{"@type":"ListItem","position":1,"name":"Accueil","item":"https:\/\/neobrussels.com\/nl\/"},{"@type":"ListItem","position":2,"name":"Toegang groot publiek","item":"https:\/\/neobrussels.com\/nl\/pour-le-public\/"},{"@type":"ListItem","position":3,"name":"Duurzame ontwikkeling"}]},{"@type":"WebSite","@id":"https:\/\/neobrussels.com\/nl\/#website","url":"https:\/\/neobrussels.com\/nl\/","name":"NEO Brussels","description":"D\u00e9veloppement et r\u00e9am\u00e9nagement du plateau du Heysel. Une nouvelle ambition pour Bruxelles.","publisher":{"@id":"https:\/\/neobrussels.com\/nl\/#organization"},"potentialAction":[{"@type":"SearchAction","target":{"@type":"EntryPoint","urlTemplate":"https:\/\/neobrussels.com\/nl\/?s={search_term_string}"},"query-input":{"@type":"PropertyValueSpecification","valueRequired":true,"valueName":"search_term_string"}}],"inLanguage":"nl-NL"},{"@type":"Organization","@id":"https:\/\/neobrussels.com\/nl\/#organization","name":"NEO","url":"https:\/\/neobrussels.com\/nl\/","logo":{"@type":"ImageObject","inLanguage":"nl-NL","@id":"https:\/\/neobrussels.com\/nl\/#\/schema\/logo\/image\/","url":"https:\/\/neobrussels.com\/wp-content\/uploads\/2025\/01\/Sans-titre-2.png","contentUrl":"https:\/\/neobrussels.com\/wp-content\/uploads\/2025\/01\/Sans-titre-2.png","width":186,"height":228,"caption":"NEO"},"image":{"@id":"https:\/\/neobrussels.com\/nl\/#\/schema\/logo\/image\/"},"sameAs":["https:\/\/www.linkedin.com\/company\/103968427\/admin\/dashboard\/"]}]}},"_links":{"self":[{"href":"https:\/\/neobrussels.com\/nl\/wp-json\/wp\/v2\/pages\/622","targetHints":{"allow":["GET"]}}],"collection":[{"href":"https:\/\/neobrussels.com\/nl\/wp-json\/wp\/v2\/pages"}],"about":[{"href":"https:\/\/neobrussels.com\/nl\/wp-json\/wp\/v2\/types\/page"}],"author":[{"embeddable":true,"href":"https:\/\/neobrussels.com\/nl\/wp-json\/wp\/v2\/users\/1"}],"replies":[{"embeddable":true,"href":"https:\/\/neobrussels.com\/nl\/wp-json\/wp\/v2\/comments?post=622"}],"version-history":[{"count":4,"href":"https:\/\/neobrussels.com\/nl\/wp-json\/wp\/v2\/pages\/622\/revisions"}],"predecessor-version":[{"id":1399,"href":"https:\/\/neobrussels.com\/nl\/wp-json\/wp\/v2\/pages\/622\/revisions\/1399"}],"up":[{"embeddable":true,"href":"https:\/\/neobrussels.com\/nl\/wp-json\/wp\/v2\/pages\/590"}],"wp:featuredmedia":[{"embeddable":true,"href":"https:\/\/neobrussels.com\/nl\/wp-json\/wp\/v2\/media\/504"}],"wp:attachment":[{"href":"https:\/\/neobrussels.com\/nl\/wp-json\/wp\/v2\/media?parent=622"}],"curies":[{"name":"wp","href":"https:\/\/api.w.org\/{rel}","templated":true}]}}