{"id":617,"date":"2020-08-08T15:33:25","date_gmt":"2020-08-08T13:33:25","guid":{"rendered":"http:\/\/localhost:8888\/neo\/pour-le-public\/le-projet\/commerce\/"},"modified":"2020-10-08T13:26:50","modified_gmt":"2020-10-08T11:26:50","slug":"winkels","status":"publish","type":"page","link":"https:\/\/neobrussels.com\/nl\/toegang-groot-publiek\/het-project\/winkels\/","title":{"rendered":"Winkels"},"content":{"rendered":"\n<h2 class=\"wp-block-heading\">Het noorden van Brussel heeft een aanzienlijk tekort aan winkelruimte in vergelijking met het Belgische gemiddelde. Vergeleken met het Europese gemiddelde is dat verschil nog groter.<\/h2>\n\n\n\n<p>De Mall of Europe, de commerci\u00eble tak van NEO, zal een extra troef bieden in het kader van de herontwikkeling van de site. De winkelzone krijgt een gewestoverschrijdende omvang en uitstraling en is ideaal gelegen in termen van mobiliteit: de bestaande infrastructuur wordt versterkt en nieuwe projecten op mobiliteitsgebied zullen de winkelzone bereikbaar maken voor zowel het openbaar vervoer als de auto.&nbsp;<\/p>\n","protected":false},"excerpt":{"rendered":"<p>Het noorden van Brussel heeft een aanzienlijk tekort aan winkelruimte in vergelijking met het Belgische gemiddelde. Vergeleken met het Europese gemiddelde is dat verschil nog&#8230; <a class=\"more\" href=\"https:\/\/neobrussels.com\/nl\/toegang-groot-publiek\/het-project\/winkels\/\">Doorgaan<\/a><\/p>\n","protected":false},"author":1,"featured_media":0,"parent":594,"menu_order":5,"comment_status":"closed","ping_status":"closed","template":"page-map.php","meta":{"_acf_changed":false,"footnotes":""},"class_list":["post-617","page","type-page","status-publish","hentry"],"acf":[],"yoast_head":"<!-- This site is optimized with the Yoast SEO plugin v24.2 - https:\/\/yoast.com\/wordpress\/plugins\/seo\/ -->\n<title>Winkels - NEO<\/title>\n<meta name=\"robots\" content=\"index, follow, max-snippet:-1, max-image-preview:large, max-video-preview:-1\" \/>\n<link rel=\"canonical\" href=\"https:\/\/neobrussels.com\/nl\/toegang-groot-publiek\/het-project\/winkels\/\" \/>\n<meta property=\"og:locale\" content=\"nl_NL\" \/>\n<meta property=\"og:type\" content=\"article\" \/>\n<meta property=\"og:title\" content=\"Winkels - NEO\" \/>\n<meta property=\"og:description\" content=\"Het noorden van Brussel heeft een aanzienlijk tekort aan winkelruimte in vergelijking met het Belgische gemiddelde. Vergeleken met het Europese gemiddelde is dat verschil nog... Doorgaan\" \/>\n<meta property=\"og:url\" content=\"https:\/\/neobrussels.com\/nl\/toegang-groot-publiek\/het-project\/winkels\/\" \/>\n<meta property=\"og:site_name\" content=\"NEO\" \/>\n<meta property=\"article:modified_time\" content=\"2020-10-08T11:26:50+00:00\" \/>\n<meta name=\"twitter:card\" content=\"summary_large_image\" \/>\n<script type=\"application\/ld+json\" class=\"yoast-schema-graph\">{\"@context\":\"https:\/\/schema.org\",\"@graph\":[{\"@type\":\"WebPage\",\"@id\":\"https:\/\/neobrussels.com\/nl\/toegang-groot-publiek\/het-project\/winkels\/\",\"url\":\"https:\/\/neobrussels.com\/nl\/toegang-groot-publiek\/het-project\/winkels\/\",\"name\":\"Winkels - NEO\",\"isPartOf\":{\"@id\":\"https:\/\/neobrussels.com\/nl\/#website\"},\"datePublished\":\"2020-08-08T13:33:25+00:00\",\"dateModified\":\"2020-10-08T11:26:50+00:00\",\"breadcrumb\":{\"@id\":\"https:\/\/neobrussels.com\/nl\/toegang-groot-publiek\/het-project\/winkels\/#breadcrumb\"},\"inLanguage\":\"nl-NL\",\"potentialAction\":[{\"@type\":\"ReadAction\",\"target\":[\"https:\/\/neobrussels.com\/nl\/toegang-groot-publiek\/het-project\/winkels\/\"]}]},{\"@type\":\"BreadcrumbList\",\"@id\":\"https:\/\/neobrussels.com\/nl\/toegang-groot-publiek\/het-project\/winkels\/#breadcrumb\",\"itemListElement\":[{\"@type\":\"ListItem\",\"position\":1,\"name\":\"Accueil\",\"item\":\"https:\/\/neobrussels.com\/nl\/\"},{\"@type\":\"ListItem\",\"position\":2,\"name\":\"Toegang groot publiek\",\"item\":\"https:\/\/neobrussels.com\/nl\/pour-le-public\/\"},{\"@type\":\"ListItem\",\"position\":3,\"name\":\"Het project\",\"item\":\"https:\/\/neobrussels.com\/nl\/pour-le-public\/le-projet\/\"},{\"@type\":\"ListItem\",\"position\":4,\"name\":\"Winkels\"}]},{\"@type\":\"WebSite\",\"@id\":\"https:\/\/neobrussels.com\/nl\/#website\",\"url\":\"https:\/\/neobrussels.com\/nl\/\",\"name\":\"NEO Brussels\",\"description\":\"D\u00e9veloppement et r\u00e9am\u00e9nagement du plateau du Heysel. Une nouvelle ambition pour Bruxelles.\",\"publisher\":{\"@id\":\"https:\/\/neobrussels.com\/nl\/#organization\"},\"potentialAction\":[{\"@type\":\"SearchAction\",\"target\":{\"@type\":\"EntryPoint\",\"urlTemplate\":\"https:\/\/neobrussels.com\/nl\/?s={search_term_string}\"},\"query-input\":{\"@type\":\"PropertyValueSpecification\",\"valueRequired\":true,\"valueName\":\"search_term_string\"}}],\"inLanguage\":\"nl-NL\"},{\"@type\":\"Organization\",\"@id\":\"https:\/\/neobrussels.com\/nl\/#organization\",\"name\":\"NEO\",\"url\":\"https:\/\/neobrussels.com\/nl\/\",\"logo\":{\"@type\":\"ImageObject\",\"inLanguage\":\"nl-NL\",\"@id\":\"https:\/\/neobrussels.com\/nl\/#\/schema\/logo\/image\/\",\"url\":\"https:\/\/neobrussels.com\/wp-content\/uploads\/2025\/01\/Sans-titre-2.png\",\"contentUrl\":\"https:\/\/neobrussels.com\/wp-content\/uploads\/2025\/01\/Sans-titre-2.png\",\"width\":186,\"height\":228,\"caption\":\"NEO\"},\"image\":{\"@id\":\"https:\/\/neobrussels.com\/nl\/#\/schema\/logo\/image\/\"},\"sameAs\":[\"https:\/\/www.linkedin.com\/company\/103968427\/admin\/dashboard\/\"]}]}<\/script>\n<!-- \/ Yoast SEO plugin. -->","yoast_head_json":{"title":"Winkels - NEO","robots":{"index":"index","follow":"follow","max-snippet":"max-snippet:-1","max-image-preview":"max-image-preview:large","max-video-preview":"max-video-preview:-1"},"canonical":"https:\/\/neobrussels.com\/nl\/toegang-groot-publiek\/het-project\/winkels\/","og_locale":"nl_NL","og_type":"article","og_title":"Winkels - NEO","og_description":"Het noorden van Brussel heeft een aanzienlijk tekort aan winkelruimte in vergelijking met het Belgische gemiddelde. Vergeleken met het Europese gemiddelde is dat verschil nog... Doorgaan","og_url":"https:\/\/neobrussels.com\/nl\/toegang-groot-publiek\/het-project\/winkels\/","og_site_name":"NEO","article_modified_time":"2020-10-08T11:26:50+00:00","twitter_card":"summary_large_image","schema":{"@context":"https:\/\/schema.org","@graph":[{"@type":"WebPage","@id":"https:\/\/neobrussels.com\/nl\/toegang-groot-publiek\/het-project\/winkels\/","url":"https:\/\/neobrussels.com\/nl\/toegang-groot-publiek\/het-project\/winkels\/","name":"Winkels - NEO","isPartOf":{"@id":"https:\/\/neobrussels.com\/nl\/#website"},"datePublished":"2020-08-08T13:33:25+00:00","dateModified":"2020-10-08T11:26:50+00:00","breadcrumb":{"@id":"https:\/\/neobrussels.com\/nl\/toegang-groot-publiek\/het-project\/winkels\/#breadcrumb"},"inLanguage":"nl-NL","potentialAction":[{"@type":"ReadAction","target":["https:\/\/neobrussels.com\/nl\/toegang-groot-publiek\/het-project\/winkels\/"]}]},{"@type":"BreadcrumbList","@id":"https:\/\/neobrussels.com\/nl\/toegang-groot-publiek\/het-project\/winkels\/#breadcrumb","itemListElement":[{"@type":"ListItem","position":1,"name":"Accueil","item":"https:\/\/neobrussels.com\/nl\/"},{"@type":"ListItem","position":2,"name":"Toegang groot publiek","item":"https:\/\/neobrussels.com\/nl\/pour-le-public\/"},{"@type":"ListItem","position":3,"name":"Het project","item":"https:\/\/neobrussels.com\/nl\/pour-le-public\/le-projet\/"},{"@type":"ListItem","position":4,"name":"Winkels"}]},{"@type":"WebSite","@id":"https:\/\/neobrussels.com\/nl\/#website","url":"https:\/\/neobrussels.com\/nl\/","name":"NEO Brussels","description":"D\u00e9veloppement et r\u00e9am\u00e9nagement du plateau du Heysel. Une nouvelle ambition pour Bruxelles.","publisher":{"@id":"https:\/\/neobrussels.com\/nl\/#organization"},"potentialAction":[{"@type":"SearchAction","target":{"@type":"EntryPoint","urlTemplate":"https:\/\/neobrussels.com\/nl\/?s={search_term_string}"},"query-input":{"@type":"PropertyValueSpecification","valueRequired":true,"valueName":"search_term_string"}}],"inLanguage":"nl-NL"},{"@type":"Organization","@id":"https:\/\/neobrussels.com\/nl\/#organization","name":"NEO","url":"https:\/\/neobrussels.com\/nl\/","logo":{"@type":"ImageObject","inLanguage":"nl-NL","@id":"https:\/\/neobrussels.com\/nl\/#\/schema\/logo\/image\/","url":"https:\/\/neobrussels.com\/wp-content\/uploads\/2025\/01\/Sans-titre-2.png","contentUrl":"https:\/\/neobrussels.com\/wp-content\/uploads\/2025\/01\/Sans-titre-2.png","width":186,"height":228,"caption":"NEO"},"image":{"@id":"https:\/\/neobrussels.com\/nl\/#\/schema\/logo\/image\/"},"sameAs":["https:\/\/www.linkedin.com\/company\/103968427\/admin\/dashboard\/"]}]}},"_links":{"self":[{"href":"https:\/\/neobrussels.com\/nl\/wp-json\/wp\/v2\/pages\/617","targetHints":{"allow":["GET"]}}],"collection":[{"href":"https:\/\/neobrussels.com\/nl\/wp-json\/wp\/v2\/pages"}],"about":[{"href":"https:\/\/neobrussels.com\/nl\/wp-json\/wp\/v2\/types\/page"}],"author":[{"embeddable":true,"href":"https:\/\/neobrussels.com\/nl\/wp-json\/wp\/v2\/users\/1"}],"replies":[{"embeddable":true,"href":"https:\/\/neobrussels.com\/nl\/wp-json\/wp\/v2\/comments?post=617"}],"version-history":[{"count":6,"href":"https:\/\/neobrussels.com\/nl\/wp-json\/wp\/v2\/pages\/617\/revisions"}],"predecessor-version":[{"id":1393,"href":"https:\/\/neobrussels.com\/nl\/wp-json\/wp\/v2\/pages\/617\/revisions\/1393"}],"up":[{"embeddable":true,"href":"https:\/\/neobrussels.com\/nl\/wp-json\/wp\/v2\/pages\/594"}],"wp:attachment":[{"href":"https:\/\/neobrussels.com\/nl\/wp-json\/wp\/v2\/media?parent=617"}],"curies":[{"name":"wp","href":"https:\/\/api.w.org\/{rel}","templated":true}]}}