{"id":588,"date":"2020-07-31T09:11:26","date_gmt":"2020-07-31T07:11:26","guid":{"rendered":"http:\/\/localhost:8888\/neo\/politique-de-confidentialite\/"},"modified":"2020-10-18T10:58:18","modified_gmt":"2020-10-18T08:58:18","slug":"cookies","status":"publish","type":"page","link":"https:\/\/neobrussels.com\/nl\/cookies\/","title":{"rendered":"Cookies"},"content":{"rendered":"\n<h2 class=\"wp-block-heading\">1. About cookies<\/h2>\n\n\n\n<p>Cookies are small data files which are downloaded to your device when you visit our website.<\/p>\n\n\n\n<p>Cookies are used by websites for a lot of practical reasons. None of which are meant to be harmful for you. In fact, they\u2019re designed to make your online experience more enjoyable.<\/p>\n\n\n\n<p>Some are necessary to the functioning of the website. Others are used to draw up statistics allowing us to offer you a more enjoyable visit. There are different types of cookies. This website uses technical, tracking and third-party cookies<\/p>\n\n\n\n<p>Useful information about the technical aspects of Cookie can be found:&nbsp;<a href=\"http:\/\/www.allaboutcookies.org\/\">http:\/\/www.allaboutcookies.org<\/a><\/p>\n\n\n\n<h2 class=\"wp-block-heading\">2. What types of cookies are used?<\/h2>\n\n\n\n<p>A cookie can be classified by its lifespan, purpose and the domain to which it belongs. By lifespan, a cookie is either a:<\/p>\n\n\n\n<ul class=\"wp-block-list\"><li>Session Cookie which is erased when the user closes the browser,<\/li><li>Persistent Cookie which remains on the user\u2019s computer\/device for a pre-defined period of time.<\/li><\/ul>\n\n\n\n<p>As for the domain to which it belongs, there are either:<\/p>\n\n\n\n<ul class=\"wp-block-list\"><li>First-party Cookie which are set by the web server of the visited page and share the same domain;<\/li><li>Third-party Cookie stored by a different domain to the visited page\u2019s domain. This can happen when the webpage references a file, such as JavaScript, located outside its domain.<\/li><\/ul>\n\n\n\n<p>These cookies are:necessary cookies \u2013 cookies that allow the technical operation of the website and its features;analytical \/ performance cookies \u2013 cookies that collect data about the performance of the website and how you use our website. These cookies allow us to improve how the website works;functionality cookies \u2013 cookies that allow the website to remember choices you make (such as your language) and provide enhanced or customized features.<\/p>\n\n\n\n<h2 class=\"wp-block-heading\">3. Cookies used on this website<\/h2>\n\n\n\n<p>An overview of the cookies used on this website is set in the following table:<\/p>\n\n\n\n<figure class=\"wp-block-table is-style-stripes\"><table class=\"has-fixed-layout\"><tbody><tr><td><strong>Name<\/strong><\/td><td><strong>Set by<\/strong><\/td><td><strong>Purpose<\/strong><\/td><td><strong>Lifetime<\/strong><\/td><\/tr><tr><td>PHPSESSID<\/td><td>Neo Brussels<\/td><td>This cookie is used to manage your login session<\/td><td>session<\/td><\/tr><tr><td>_ga<\/td><td>Google Analytics<\/td><td>Used to distinguish users.<\/td><td>2 years<\/td><\/tr><tr><td>_gat<\/td><td>Google Analytics<\/td><td>Used to distinguish users.<\/td><td>1 minute<\/td><\/tr><tr><td>_gid<\/td><td>Google Analytics<\/td><td>Used to distinguish users.<\/td><td>1 day<\/td><\/tr><tr><td>_icl_current_language<\/td><td>wpml<\/td><td>Contains the current language of the site user.<\/td><td>24h<\/td><\/tr><\/tbody><\/table><\/figure>\n\n\n\n<h2 class=\"wp-block-heading\">4. Cookie configuration settings<\/h2>\n\n\n\n<p>You can prevent the setting of Cookie by adjusting the settings on your browser. Cookie settings can vary from one browser to another, so check the \u201cHelp\u201d menu of your browser to learn how to change your cookie preferences. Besides, you can find information about how to manage Cookie in the browser at the following addresses:<\/p>\n\n\n\n<ul class=\"wp-block-list\"><li><a href=\"https:\/\/support.microsoft.com\/en-us\/help\/17442\/windows-internet-explorer-delete-manage-cookies\" target=\"_blank\" rel=\"noreferrer noopener\">Internet Explorer<\/a><\/li><li><a href=\"https:\/\/support.google.com\/chrome\/answer\/95647?hl=fr\" target=\"_blank\" rel=\"noreferrer noopener\">Google Chrome<\/a><\/li><li><a href=\"https:\/\/support.mozilla.org\/fr\/kb\/empecher-sites-enregistrer-preferences\" target=\"_blank\" rel=\"noreferrer noopener\">Mozilla Firefox<\/a><\/li><li><a href=\"https:\/\/support.apple.com\/kb\/PH5049?locale=en_US\" target=\"_blank\" rel=\"noreferrer noopener\">Safari<\/a><\/li><li><a href=\"http:\/\/www.macromedia.com\/support\/documentation\/fr\/flashplayer\/help\/settings_manager06.html\" target=\"_blank\" rel=\"noreferrer noopener\">Adobe Flash Player<\/a><\/li><\/ul>\n","protected":false},"excerpt":{"rendered":"<p>1. About cookies Cookies are small data files which are downloaded to your device when you visit our website. Cookies are used by websites for&#8230; <a class=\"more\" href=\"https:\/\/neobrussels.com\/nl\/cookies\/\">Doorgaan<\/a><\/p>\n","protected":false},"author":1,"featured_media":0,"parent":0,"menu_order":0,"comment_status":"closed","ping_status":"open","template":"","meta":{"_acf_changed":false,"footnotes":""},"class_list":["post-588","page","type-page","status-publish","hentry"],"acf":[],"yoast_head":"<!-- This site is optimized with the Yoast SEO plugin v24.2 - https:\/\/yoast.com\/wordpress\/plugins\/seo\/ -->\n<title>Cookies - NEO<\/title>\n<meta name=\"robots\" content=\"index, follow, max-snippet:-1, max-image-preview:large, max-video-preview:-1\" \/>\n<link rel=\"canonical\" href=\"https:\/\/neobrussels.com\/nl\/cookies\/\" \/>\n<meta property=\"og:locale\" content=\"nl_NL\" \/>\n<meta property=\"og:type\" content=\"article\" \/>\n<meta property=\"og:title\" content=\"Cookies - NEO\" \/>\n<meta property=\"og:description\" content=\"1. About cookies Cookies are small data files which are downloaded to your device when you visit our website. Cookies are used by websites for... Doorgaan\" \/>\n<meta property=\"og:url\" content=\"https:\/\/neobrussels.com\/nl\/cookies\/\" \/>\n<meta property=\"og:site_name\" content=\"NEO\" \/>\n<meta property=\"article:modified_time\" content=\"2020-10-18T08:58:18+00:00\" \/>\n<meta name=\"twitter:card\" content=\"summary_large_image\" \/>\n<meta name=\"twitter:label1\" content=\"Geschatte leestijd\" \/>\n\t<meta name=\"twitter:data1\" content=\"2 minuten\" \/>\n<script type=\"application\/ld+json\" class=\"yoast-schema-graph\">{\"@context\":\"https:\/\/schema.org\",\"@graph\":[{\"@type\":\"WebPage\",\"@id\":\"https:\/\/neobrussels.com\/nl\/cookies\/\",\"url\":\"https:\/\/neobrussels.com\/nl\/cookies\/\",\"name\":\"Cookies - NEO\",\"isPartOf\":{\"@id\":\"https:\/\/neobrussels.com\/nl\/#website\"},\"datePublished\":\"2020-07-31T07:11:26+00:00\",\"dateModified\":\"2020-10-18T08:58:18+00:00\",\"breadcrumb\":{\"@id\":\"https:\/\/neobrussels.com\/nl\/cookies\/#breadcrumb\"},\"inLanguage\":\"nl-NL\",\"potentialAction\":[{\"@type\":\"ReadAction\",\"target\":[\"https:\/\/neobrussels.com\/nl\/cookies\/\"]}]},{\"@type\":\"BreadcrumbList\",\"@id\":\"https:\/\/neobrussels.com\/nl\/cookies\/#breadcrumb\",\"itemListElement\":[{\"@type\":\"ListItem\",\"position\":1,\"name\":\"Accueil\",\"item\":\"https:\/\/neobrussels.com\/nl\/\"},{\"@type\":\"ListItem\",\"position\":2,\"name\":\"Cookies\"}]},{\"@type\":\"WebSite\",\"@id\":\"https:\/\/neobrussels.com\/nl\/#website\",\"url\":\"https:\/\/neobrussels.com\/nl\/\",\"name\":\"NEO Brussels\",\"description\":\"D\u00e9veloppement et r\u00e9am\u00e9nagement du plateau du Heysel. Une nouvelle ambition pour Bruxelles.\",\"publisher\":{\"@id\":\"https:\/\/neobrussels.com\/nl\/#organization\"},\"potentialAction\":[{\"@type\":\"SearchAction\",\"target\":{\"@type\":\"EntryPoint\",\"urlTemplate\":\"https:\/\/neobrussels.com\/nl\/?s={search_term_string}\"},\"query-input\":{\"@type\":\"PropertyValueSpecification\",\"valueRequired\":true,\"valueName\":\"search_term_string\"}}],\"inLanguage\":\"nl-NL\"},{\"@type\":\"Organization\",\"@id\":\"https:\/\/neobrussels.com\/nl\/#organization\",\"name\":\"NEO\",\"url\":\"https:\/\/neobrussels.com\/nl\/\",\"logo\":{\"@type\":\"ImageObject\",\"inLanguage\":\"nl-NL\",\"@id\":\"https:\/\/neobrussels.com\/nl\/#\/schema\/logo\/image\/\",\"url\":\"https:\/\/neobrussels.com\/wp-content\/uploads\/2025\/01\/Sans-titre-2.png\",\"contentUrl\":\"https:\/\/neobrussels.com\/wp-content\/uploads\/2025\/01\/Sans-titre-2.png\",\"width\":186,\"height\":228,\"caption\":\"NEO\"},\"image\":{\"@id\":\"https:\/\/neobrussels.com\/nl\/#\/schema\/logo\/image\/\"},\"sameAs\":[\"https:\/\/www.linkedin.com\/company\/103968427\/admin\/dashboard\/\"]}]}<\/script>\n<!-- \/ Yoast SEO plugin. -->","yoast_head_json":{"title":"Cookies - NEO","robots":{"index":"index","follow":"follow","max-snippet":"max-snippet:-1","max-image-preview":"max-image-preview:large","max-video-preview":"max-video-preview:-1"},"canonical":"https:\/\/neobrussels.com\/nl\/cookies\/","og_locale":"nl_NL","og_type":"article","og_title":"Cookies - NEO","og_description":"1. About cookies Cookies are small data files which are downloaded to your device when you visit our website. Cookies are used by websites for... Doorgaan","og_url":"https:\/\/neobrussels.com\/nl\/cookies\/","og_site_name":"NEO","article_modified_time":"2020-10-18T08:58:18+00:00","twitter_card":"summary_large_image","twitter_misc":{"Geschatte leestijd":"2 minuten"},"schema":{"@context":"https:\/\/schema.org","@graph":[{"@type":"WebPage","@id":"https:\/\/neobrussels.com\/nl\/cookies\/","url":"https:\/\/neobrussels.com\/nl\/cookies\/","name":"Cookies - NEO","isPartOf":{"@id":"https:\/\/neobrussels.com\/nl\/#website"},"datePublished":"2020-07-31T07:11:26+00:00","dateModified":"2020-10-18T08:58:18+00:00","breadcrumb":{"@id":"https:\/\/neobrussels.com\/nl\/cookies\/#breadcrumb"},"inLanguage":"nl-NL","potentialAction":[{"@type":"ReadAction","target":["https:\/\/neobrussels.com\/nl\/cookies\/"]}]},{"@type":"BreadcrumbList","@id":"https:\/\/neobrussels.com\/nl\/cookies\/#breadcrumb","itemListElement":[{"@type":"ListItem","position":1,"name":"Accueil","item":"https:\/\/neobrussels.com\/nl\/"},{"@type":"ListItem","position":2,"name":"Cookies"}]},{"@type":"WebSite","@id":"https:\/\/neobrussels.com\/nl\/#website","url":"https:\/\/neobrussels.com\/nl\/","name":"NEO Brussels","description":"D\u00e9veloppement et r\u00e9am\u00e9nagement du plateau du Heysel. Une nouvelle ambition pour Bruxelles.","publisher":{"@id":"https:\/\/neobrussels.com\/nl\/#organization"},"potentialAction":[{"@type":"SearchAction","target":{"@type":"EntryPoint","urlTemplate":"https:\/\/neobrussels.com\/nl\/?s={search_term_string}"},"query-input":{"@type":"PropertyValueSpecification","valueRequired":true,"valueName":"search_term_string"}}],"inLanguage":"nl-NL"},{"@type":"Organization","@id":"https:\/\/neobrussels.com\/nl\/#organization","name":"NEO","url":"https:\/\/neobrussels.com\/nl\/","logo":{"@type":"ImageObject","inLanguage":"nl-NL","@id":"https:\/\/neobrussels.com\/nl\/#\/schema\/logo\/image\/","url":"https:\/\/neobrussels.com\/wp-content\/uploads\/2025\/01\/Sans-titre-2.png","contentUrl":"https:\/\/neobrussels.com\/wp-content\/uploads\/2025\/01\/Sans-titre-2.png","width":186,"height":228,"caption":"NEO"},"image":{"@id":"https:\/\/neobrussels.com\/nl\/#\/schema\/logo\/image\/"},"sameAs":["https:\/\/www.linkedin.com\/company\/103968427\/admin\/dashboard\/"]}]}},"_links":{"self":[{"href":"https:\/\/neobrussels.com\/nl\/wp-json\/wp\/v2\/pages\/588","targetHints":{"allow":["GET"]}}],"collection":[{"href":"https:\/\/neobrussels.com\/nl\/wp-json\/wp\/v2\/pages"}],"about":[{"href":"https:\/\/neobrussels.com\/nl\/wp-json\/wp\/v2\/types\/page"}],"author":[{"embeddable":true,"href":"https:\/\/neobrussels.com\/nl\/wp-json\/wp\/v2\/users\/1"}],"replies":[{"embeddable":true,"href":"https:\/\/neobrussels.com\/nl\/wp-json\/wp\/v2\/comments?post=588"}],"version-history":[{"count":4,"href":"https:\/\/neobrussels.com\/nl\/wp-json\/wp\/v2\/pages\/588\/revisions"}],"predecessor-version":[{"id":1595,"href":"https:\/\/neobrussels.com\/nl\/wp-json\/wp\/v2\/pages\/588\/revisions\/1595"}],"wp:attachment":[{"href":"https:\/\/neobrussels.com\/nl\/wp-json\/wp\/v2\/media?parent=588"}],"curies":[{"name":"wp","href":"https:\/\/api.w.org\/{rel}","templated":true}]}}