{"id":586,"date":"2020-07-31T09:56:27","date_gmt":"2020-07-31T07:56:27","guid":{"rendered":"http:\/\/localhost:8888\/neo\/gouvernance\/"},"modified":"2026-03-31T15:42:54","modified_gmt":"2026-03-31T13:42:54","slug":"transparantie","status":"publish","type":"page","link":"https:\/\/neobrussels.com\/nl\/transparantie\/","title":{"rendered":"Transparantie"},"content":{"rendered":"\r\n<h2 class=\"wp-block-heading\">Raad van Bestuur<\/h2>\r\n\r\n\r\n\r\n<ul class=\"wp-block-list\">\r\n<li>Gaspard Roald AERDEN<\/li>\r\n\r\n\r\n\r\n<li>Anton HOUTHUYS<\/li>\r\n\r\n\r\n\r\n<li>Lieven BARO<\/li>\r\n\r\n\r\n\r\n<li>Rapha\u00ebl JEHOTTE<\/li>\r\n\r\n\r\n\r\n<li>Ischa LAMBRECHTS<\/li>\r\n\r\n\r\n\r\n<li>Eric MERCENIER<\/li>\r\n\r\n\r\n\r\n<li>Bernard RICHELLE<\/li>\r\n\r\n\r\n\r\n<li>Sofie BULLYNCK<\/li>\r\n\r\n\r\n\r\n<li>Philippe CLOSE<\/li>\r\n\r\n\r\n\r\n<li>Alexandre BARSTIJN<\/li>\r\n\r\n\r\n\r\n<li>Benjamin CADRANEL<\/li>\r\n<li>Gilles DELFORGE<\/li>\r\n\r\n\r\n\r\n<li>Frederic MASIL<\/li>\r\n\r\n\r\n\r\n<li>Vanessa ISSI<\/li>\r\n<\/ul>\r\n\r\n\r\n\r\n<h2 class=\"wp-block-heading\">Regeringscommissarissen<\/h2>\r\n\r\n\r\n\r\n<ul class=\"wp-block-list\">\r\n<li>D\u00e9borah GUSTIN<\/li>\r\n\r\n\r\n\r\n<li>Daan FONCK<\/li>\r\n<\/ul>\r\n\r\n\r\n\r\n<h2 class=\"wp-block-heading\">2024<\/h2>\r\n<ul>\r\n<li><a href=\"https:\/\/drive.google.com\/file\/d\/1opPBqxbQq_9nqNjKT4zOrxbm4NOwB_69\/view?usp=drive_link\">Transparantie<\/a><\/li>\r\n<li><a href=\"https:\/\/drive.google.com\/file\/d\/1d0Z9PoKyULI0_vLIKaXuKIXobx8exZ9l\/view?usp=drive_link\">Tabel van de Mandatarissen<\/a><\/li>\r\n<li><a href=\"https:\/\/drive.google.com\/file\/d\/18QzN1OR_A3qp48_YfdZOFv9GV8krPZhL\/view?usp=drive_link\">Actieve openbaarheid<\/a><\/li>\r\n<li><a href=\"https:\/\/drive.google.com\/file\/d\/1Ox0op2Cb1afjmcwA0XYYN6r7iLsW81q9\/view?usp=drive_link\">bijlage 1<\/a><\/li>\r\n<li><a href=\"https:\/\/drive.google.com\/file\/d\/1tv6ycrVPIHrknbHgJAp6jvFa67jlG-iA\/view?usp=drive_link\">bijlage 2<\/a><\/li>\r\n<\/ul>\r\n<h2 class=\"wp-block-heading\">2023<\/h2>\r\n<ul>\r\n<li><a href=\"https:\/\/neobrussels.com\/wp-content\/uploads\/2024\/06\/NEO-SCRL-rapport-sur-la-transparence-2023-NL.pdf\">Transparantie<\/a><\/li>\r\n<li><a href=\"https:\/\/neobrussels.com\/wp-content\/uploads\/2024\/08\/NEO-Tableau-mandataires-pour-rapport-de-transparence-20240331-NL.pdf\">Tabel van de Mandatarissen<\/a><\/li>\r\n<li><a href=\"https:\/\/neobrussels.com\/wp-content\/uploads\/2024\/10\/INVENTAIRE-DES-MARCHES-PUBLICS-2023-NL.pdf\">bijlage 2<\/a><\/li>\r\n<\/ul>\r\n<h2 class=\"wp-block-heading\">2022<\/h2>\r\n\r\n\r\n\r\n<ul class=\"wp-block-list\">\r\n<li><a href=\"https:\/\/neobrussels.com\/wp-content\/uploads\/2023\/07\/NEO-SCRL-rapport-sur-la-transparence-2022-NL.pdf\">Transparantie<\/a><\/li>\r\n\r\n\r\n\r\n<li><a href=\"https:\/\/neobrussels.com\/wp-content\/uploads\/2023\/07\/Tableau-mandataires-pour-rapport-de-transparence-2022-NL.xls\">Tabel van de Mandatarissen<\/a><\/li>\r\n\r\n\r\n\r\n<li><a href=\"https:\/\/neobrussels.com\/wp-content\/uploads\/2023\/07\/Voyages-effectue\u0301s-par-les-mandataires-publics-anne\u0301e-2022-NL.pdf\">Reis<\/a><\/li>\r\n\r\n\r\n\r\n\r\n\r\n<li><a href=\"https:\/\/neobrussels.com\/wp-content\/uploads\/2023\/07\/Documentation-publicite-active-2022-NL.pdf\">bijlage 1<\/a><\/li>\r\n\r\n\r\n\r\n<li><a href=\"https:\/\/neobrussels.com\/wp-content\/uploads\/2023\/07\/INVENTAIRE-DES-MARCHES-PUBLICS-2022-NL.pdf\">bijlage 2<\/a><\/li>\r\n<\/ul>\r\n\r\n\r\n\r\n<h2 class=\"wp-block-heading\">2021<\/h2>\r\n\r\n\r\n\r\n<ul class=\"wp-block-list\">\r\n<li><a href=\"https:\/\/neobrussels.com\/wp-content\/uploads\/2023\/07\/NEO-SCRL-rapport-sur-la-transparence-2021-NL.pdf\">Transparantie<\/a><\/li>\r\n\r\n\r\n\r\n<li><a href=\"https:\/\/neobrussels.com\/wp-content\/uploads\/2022\/09\/NEO-Tableau-mandataires-pour-rapport-de-transparence-2021-P.xlsx\">Tabel van de Mandatarissen<\/a><\/li>\r\n\r\n\r\n\r\n<li><a href=\"https:\/\/neobrussels.com\/wp-content\/uploads\/2023\/07\/Rubrique-Publicite-active-2021-NL.pdf\">Actieve openbaarheid<\/a><\/li>\r\n\r\n\r\n\r\n<li><a href=\"https:\/\/neobrussels.com\/wp-content\/uploads\/2023\/07\/Documentation-publicite-active-2021-NL.pdf\">bijlage 1<\/a><\/li>\r\n\r\n\r\n\r\n<li><a href=\"https:\/\/neobrussels.com\/wp-content\/uploads\/2023\/07\/Inventaire-des-marches-publics-2021-NL.pdf\">bijlage 2<\/a><\/li>\r\n<\/ul>\r\n\r\n\r\n\r\n<p>&nbsp;<\/p>\r\n\r\n\r\n\r\n<h2 class=\"wp-block-heading\">2020<\/h2>\r\n\r\n\r\n\r\n<ul class=\"wp-block-list\">\r\n<li><a href=\"https:\/\/neobrussels.com\/wp-content\/uploads\/2021\/03\/NEO-SCRL-rapport-sur-la-transparence-2020.pdf\">Transparantie<\/a><\/li>\r\n\r\n\r\n\r\n<li><a href=\"https:\/\/neobrussels.com\/wp-content\/uploads\/2021\/03\/Tableau-mandataires-NEO-pour-rapport-de-transparence-2020-II.pdf\">Tabel van de Mandatarissen<\/a><\/li>\r\n\r\n\r\n\r\n<li><a href=\"https:\/\/neobrussels.com\/wp-content\/uploads\/2021\/10\/RUBRIQUE-TRANSPARENCE-2020-NL.pdf\">Transparantie &#8211; Actieve openbaarheid<\/a>\r\n<ul class=\"wp-block-list\">\r\n<li><a href=\"https:\/\/neobrussels.com\/wp-content\/uploads\/2021\/02\/Documentation-publicite-active-2020.pdf\"><sub>Bijlage 1<\/sub><\/a><\/li>\r\n\r\n\r\n\r\n<li><a href=\"https:\/\/neobrussels.com\/wp-content\/uploads\/2021\/02\/Tableau-NEO-inventaire-des-marches-publics-2020.pdf\"><sub>Bijlage 2<\/sub><\/a><\/li>\r\n<\/ul>\r\n<\/li>\r\n<\/ul>\r\n\r\n\r\n\r\n<h2 class=\"wp-block-heading\">2019<\/h2>\r\n\r\n\r\n\r\n<ul class=\"wp-block-list\">\r\n<li><a href=\"https:\/\/neobrussels.com\/wp-content\/uploads\/2020\/10\/NEO-SC-rapport-sur-la-transparence-2019.docx\" target=\"_blank\" rel=\"noreferrer noopener\" data-type=\"URL\" data-id=\"https:\/\/neobrussels.com\/wp-content\/uploads\/2020\/10\/NEO-SC-rapport-sur-la-transparence-2019.docx\">Transparantie<\/a><\/li>\r\n\r\n\r\n\r\n<li><a href=\"https:\/\/neobrussels.com\/wp-content\/uploads\/2020\/10\/NEO-Tableau-mandataires-pour-rapport-de-transparence-2019.xlsx\" target=\"_blank\" rel=\"noreferrer noopener\" data-type=\"URL\" data-id=\"https:\/\/neobrussels.com\/wp-content\/uploads\/2020\/10\/NEO-Tableau-mandataires-pour-rapport-de-transparence-2019.xlsx\">Tabel van de Mandatarissen (Excel)<\/a><\/li>\r\n<\/ul>\r\n\r\n\r\n\r\n<h2 class=\"wp-block-heading\">2018<\/h2>\r\n\r\n\r\n\r\n<ul class=\"wp-block-list\">\r\n<li><a href=\"https:\/\/neobrussels.com\/wp-content\/uploads\/2020\/10\/Final-NEO-SCRL-sur-la-transparence-2018.docx\" target=\"_blank\" rel=\"noreferrer noopener\" data-type=\"URL\" data-id=\"https:\/\/neobrussels.com\/wp-content\/uploads\/2020\/10\/Final-NEO-SCRL-sur-la-transparence-2018.docx\">Transparantie<\/a><\/li>\r\n\r\n\r\n\r\n<li><a href=\"https:\/\/neobrussels.com\/wp-content\/uploads\/2020\/10\/Final-Tableau-mandataires-pour-rapport-de-transparence-2018.pdf\" data-type=\"URL\" data-id=\"https:\/\/neobrussels.com\/wp-content\/uploads\/2020\/10\/Final-Tableau-mandataires-pour-rapport-de-transparence-2018.pdf\">Tabel van de Mandatarissen<\/a><a href=\"https:\/\/neobrussels.com\/wp-content\/uploads\/2020\/10\/Final-Tableau-mandataires-pour-rapport-de-transparence-2018.pdf\" target=\"_blank\" rel=\"noreferrer noopener\" data-type=\"URL\" data-id=\"https:\/\/neobrussels.com\/wp-content\/uploads\/2020\/10\/Final-Tableau-mandataires-pour-rapport-de-transparence-2018.pdf\"> (PDF)<\/a><\/li>\r\n\r\n\r\n\r\n<li><a href=\"https:\/\/neobrussels.com\/wp-content\/uploads\/2020\/10\/Final-Tableau-mandataires-pour-rapport-de-transparence-2018.xlsx\" target=\"_blank\" rel=\"noreferrer noopener\" data-type=\"URL\" data-id=\"https:\/\/neobrussels.com\/wp-content\/uploads\/2020\/10\/Final-Tableau-mandataires-pour-rapport-de-transparence-2018.xlsx\">Tabel van de Mandatarissen (Excel)<\/a><\/li>\r\n<\/ul>\r\n\r\n\r\n\r\n<h2 class=\"wp-block-heading\">2017<\/h2>\r\n\r\n\r\n\r\n<ul class=\"wp-block-list\">\r\n<li><a href=\"https:\/\/neobrussels.com\/wp-content\/uploads\/2020\/10\/20191115F-NEO-SCRL-rapport-de-remuneration-2017.docx\" target=\"_blank\" rel=\"noreferrer noopener\" data-type=\"URL\" data-id=\"https:\/\/neobrussels.com\/wp-content\/uploads\/2020\/10\/20191115F-NEO-SCRL-rapport-de-remuneration-2017.docx\">Compensatierapport<\/a><\/li>\r\n<\/ul>\r\n\r\n\r\n\r\n<h2 class=\"wp-block-heading\">2014 &#8211; 2016<\/h2>\r\n\r\n\r\n\r\n<ul class=\"wp-block-list\">\r\n<li><a href=\"https:\/\/neobrussels.com\/wp-content\/uploads\/2020\/10\/NEO-SCRL-rapport-de-re\u00b4mune\u00b4ration-2014-2016-004.pdf\" target=\"_blank\" rel=\"noreferrer noopener\" data-type=\"URL\" data-id=\"https:\/\/neobrussels.com\/wp-content\/uploads\/2020\/10\/NEO-SCRL-rapport-de-re\u00b4mune\u00b4ration-2014-2016-004.pdf\">Compensatierapport<\/a><\/li>\r\n<\/ul>\r\n","protected":false},"excerpt":{"rendered":"<p>Raad van Bestuur Regeringscommissarissen 2024 Transparantie Tabel van de Mandatarissen Actieve openbaarheid bijlage 1 bijlage 2 2023 Transparantie Tabel van de Mandatarissen bijlage 2 2022&#8230; <a class=\"more\" href=\"https:\/\/neobrussels.com\/nl\/transparantie\/\">Doorgaan<\/a><\/p>\n","protected":false},"author":1,"featured_media":524,"parent":0,"menu_order":0,"comment_status":"closed","ping_status":"closed","template":"","meta":{"_acf_changed":false,"footnotes":""},"class_list":["post-586","page","type-page","status-publish","has-post-thumbnail","hentry"],"acf":[],"yoast_head":"<!-- This site is optimized with the Yoast SEO plugin v24.2 - https:\/\/yoast.com\/wordpress\/plugins\/seo\/ -->\n<title>Transparantie - NEO<\/title>\n<meta name=\"robots\" content=\"index, follow, max-snippet:-1, max-image-preview:large, max-video-preview:-1\" \/>\n<link rel=\"canonical\" href=\"https:\/\/neobrussels.com\/nl\/transparantie\/\" \/>\n<meta property=\"og:locale\" content=\"nl_NL\" \/>\n<meta property=\"og:type\" content=\"article\" \/>\n<meta property=\"og:title\" content=\"Transparantie - NEO\" \/>\n<meta property=\"og:description\" content=\"Raad van Bestuur Regeringscommissarissen 2024 Transparantie Tabel van de Mandatarissen Actieve openbaarheid bijlage 1 bijlage 2 2023 Transparantie Tabel van de Mandatarissen bijlage 2 2022... Doorgaan\" \/>\n<meta property=\"og:url\" content=\"https:\/\/neobrussels.com\/nl\/transparantie\/\" \/>\n<meta property=\"og:site_name\" content=\"NEO\" \/>\n<meta property=\"article:modified_time\" content=\"2026-03-31T13:42:54+00:00\" \/>\n<meta property=\"og:image\" content=\"https:\/\/neobrussels.com\/wp-content\/uploads\/2020\/08\/mice-2.jpg\" \/>\n\t<meta property=\"og:image:width\" content=\"1500\" \/>\n\t<meta property=\"og:image:height\" content=\"750\" \/>\n\t<meta property=\"og:image:type\" content=\"image\/jpeg\" \/>\n<meta name=\"twitter:card\" content=\"summary_large_image\" \/>\n<meta name=\"twitter:label1\" content=\"Geschatte leestijd\" \/>\n\t<meta name=\"twitter:data1\" content=\"1 minuut\" \/>\n<script type=\"application\/ld+json\" class=\"yoast-schema-graph\">{\"@context\":\"https:\/\/schema.org\",\"@graph\":[{\"@type\":\"WebPage\",\"@id\":\"https:\/\/neobrussels.com\/nl\/transparantie\/\",\"url\":\"https:\/\/neobrussels.com\/nl\/transparantie\/\",\"name\":\"Transparantie - NEO\",\"isPartOf\":{\"@id\":\"https:\/\/neobrussels.com\/nl\/#website\"},\"primaryImageOfPage\":{\"@id\":\"https:\/\/neobrussels.com\/nl\/transparantie\/#primaryimage\"},\"image\":{\"@id\":\"https:\/\/neobrussels.com\/nl\/transparantie\/#primaryimage\"},\"thumbnailUrl\":\"https:\/\/neobrussels.com\/wp-content\/uploads\/2020\/08\/mice-2.jpg\",\"datePublished\":\"2020-07-31T07:56:27+00:00\",\"dateModified\":\"2026-03-31T13:42:54+00:00\",\"breadcrumb\":{\"@id\":\"https:\/\/neobrussels.com\/nl\/transparantie\/#breadcrumb\"},\"inLanguage\":\"nl-NL\",\"potentialAction\":[{\"@type\":\"ReadAction\",\"target\":[\"https:\/\/neobrussels.com\/nl\/transparantie\/\"]}]},{\"@type\":\"ImageObject\",\"inLanguage\":\"nl-NL\",\"@id\":\"https:\/\/neobrussels.com\/nl\/transparantie\/#primaryimage\",\"url\":\"https:\/\/neobrussels.com\/wp-content\/uploads\/2020\/08\/mice-2.jpg\",\"contentUrl\":\"https:\/\/neobrussels.com\/wp-content\/uploads\/2020\/08\/mice-2.jpg\",\"width\":1500,\"height\":750},{\"@type\":\"BreadcrumbList\",\"@id\":\"https:\/\/neobrussels.com\/nl\/transparantie\/#breadcrumb\",\"itemListElement\":[{\"@type\":\"ListItem\",\"position\":1,\"name\":\"Accueil\",\"item\":\"https:\/\/neobrussels.com\/nl\/\"},{\"@type\":\"ListItem\",\"position\":2,\"name\":\"Transparantie\"}]},{\"@type\":\"WebSite\",\"@id\":\"https:\/\/neobrussels.com\/nl\/#website\",\"url\":\"https:\/\/neobrussels.com\/nl\/\",\"name\":\"NEO Brussels\",\"description\":\"D\u00e9veloppement et r\u00e9am\u00e9nagement du plateau du Heysel. Une nouvelle ambition pour Bruxelles.\",\"publisher\":{\"@id\":\"https:\/\/neobrussels.com\/nl\/#organization\"},\"potentialAction\":[{\"@type\":\"SearchAction\",\"target\":{\"@type\":\"EntryPoint\",\"urlTemplate\":\"https:\/\/neobrussels.com\/nl\/?s={search_term_string}\"},\"query-input\":{\"@type\":\"PropertyValueSpecification\",\"valueRequired\":true,\"valueName\":\"search_term_string\"}}],\"inLanguage\":\"nl-NL\"},{\"@type\":\"Organization\",\"@id\":\"https:\/\/neobrussels.com\/nl\/#organization\",\"name\":\"NEO\",\"url\":\"https:\/\/neobrussels.com\/nl\/\",\"logo\":{\"@type\":\"ImageObject\",\"inLanguage\":\"nl-NL\",\"@id\":\"https:\/\/neobrussels.com\/nl\/#\/schema\/logo\/image\/\",\"url\":\"https:\/\/neobrussels.com\/wp-content\/uploads\/2025\/01\/Sans-titre-2.png\",\"contentUrl\":\"https:\/\/neobrussels.com\/wp-content\/uploads\/2025\/01\/Sans-titre-2.png\",\"width\":186,\"height\":228,\"caption\":\"NEO\"},\"image\":{\"@id\":\"https:\/\/neobrussels.com\/nl\/#\/schema\/logo\/image\/\"},\"sameAs\":[\"https:\/\/www.linkedin.com\/company\/103968427\/admin\/dashboard\/\"]}]}<\/script>\n<!-- \/ Yoast SEO plugin. -->","yoast_head_json":{"title":"Transparantie - NEO","robots":{"index":"index","follow":"follow","max-snippet":"max-snippet:-1","max-image-preview":"max-image-preview:large","max-video-preview":"max-video-preview:-1"},"canonical":"https:\/\/neobrussels.com\/nl\/transparantie\/","og_locale":"nl_NL","og_type":"article","og_title":"Transparantie - NEO","og_description":"Raad van Bestuur Regeringscommissarissen 2024 Transparantie Tabel van de Mandatarissen Actieve openbaarheid bijlage 1 bijlage 2 2023 Transparantie Tabel van de Mandatarissen bijlage 2 2022... Doorgaan","og_url":"https:\/\/neobrussels.com\/nl\/transparantie\/","og_site_name":"NEO","article_modified_time":"2026-03-31T13:42:54+00:00","og_image":[{"width":1500,"height":750,"url":"https:\/\/neobrussels.com\/wp-content\/uploads\/2020\/08\/mice-2.jpg","type":"image\/jpeg"}],"twitter_card":"summary_large_image","twitter_misc":{"Geschatte leestijd":"1 minuut"},"schema":{"@context":"https:\/\/schema.org","@graph":[{"@type":"WebPage","@id":"https:\/\/neobrussels.com\/nl\/transparantie\/","url":"https:\/\/neobrussels.com\/nl\/transparantie\/","name":"Transparantie - NEO","isPartOf":{"@id":"https:\/\/neobrussels.com\/nl\/#website"},"primaryImageOfPage":{"@id":"https:\/\/neobrussels.com\/nl\/transparantie\/#primaryimage"},"image":{"@id":"https:\/\/neobrussels.com\/nl\/transparantie\/#primaryimage"},"thumbnailUrl":"https:\/\/neobrussels.com\/wp-content\/uploads\/2020\/08\/mice-2.jpg","datePublished":"2020-07-31T07:56:27+00:00","dateModified":"2026-03-31T13:42:54+00:00","breadcrumb":{"@id":"https:\/\/neobrussels.com\/nl\/transparantie\/#breadcrumb"},"inLanguage":"nl-NL","potentialAction":[{"@type":"ReadAction","target":["https:\/\/neobrussels.com\/nl\/transparantie\/"]}]},{"@type":"ImageObject","inLanguage":"nl-NL","@id":"https:\/\/neobrussels.com\/nl\/transparantie\/#primaryimage","url":"https:\/\/neobrussels.com\/wp-content\/uploads\/2020\/08\/mice-2.jpg","contentUrl":"https:\/\/neobrussels.com\/wp-content\/uploads\/2020\/08\/mice-2.jpg","width":1500,"height":750},{"@type":"BreadcrumbList","@id":"https:\/\/neobrussels.com\/nl\/transparantie\/#breadcrumb","itemListElement":[{"@type":"ListItem","position":1,"name":"Accueil","item":"https:\/\/neobrussels.com\/nl\/"},{"@type":"ListItem","position":2,"name":"Transparantie"}]},{"@type":"WebSite","@id":"https:\/\/neobrussels.com\/nl\/#website","url":"https:\/\/neobrussels.com\/nl\/","name":"NEO Brussels","description":"D\u00e9veloppement et r\u00e9am\u00e9nagement du plateau du Heysel. Une nouvelle ambition pour Bruxelles.","publisher":{"@id":"https:\/\/neobrussels.com\/nl\/#organization"},"potentialAction":[{"@type":"SearchAction","target":{"@type":"EntryPoint","urlTemplate":"https:\/\/neobrussels.com\/nl\/?s={search_term_string}"},"query-input":{"@type":"PropertyValueSpecification","valueRequired":true,"valueName":"search_term_string"}}],"inLanguage":"nl-NL"},{"@type":"Organization","@id":"https:\/\/neobrussels.com\/nl\/#organization","name":"NEO","url":"https:\/\/neobrussels.com\/nl\/","logo":{"@type":"ImageObject","inLanguage":"nl-NL","@id":"https:\/\/neobrussels.com\/nl\/#\/schema\/logo\/image\/","url":"https:\/\/neobrussels.com\/wp-content\/uploads\/2025\/01\/Sans-titre-2.png","contentUrl":"https:\/\/neobrussels.com\/wp-content\/uploads\/2025\/01\/Sans-titre-2.png","width":186,"height":228,"caption":"NEO"},"image":{"@id":"https:\/\/neobrussels.com\/nl\/#\/schema\/logo\/image\/"},"sameAs":["https:\/\/www.linkedin.com\/company\/103968427\/admin\/dashboard\/"]}]}},"_links":{"self":[{"href":"https:\/\/neobrussels.com\/nl\/wp-json\/wp\/v2\/pages\/586","targetHints":{"allow":["GET"]}}],"collection":[{"href":"https:\/\/neobrussels.com\/nl\/wp-json\/wp\/v2\/pages"}],"about":[{"href":"https:\/\/neobrussels.com\/nl\/wp-json\/wp\/v2\/types\/page"}],"author":[{"embeddable":true,"href":"https:\/\/neobrussels.com\/nl\/wp-json\/wp\/v2\/users\/1"}],"replies":[{"embeddable":true,"href":"https:\/\/neobrussels.com\/nl\/wp-json\/wp\/v2\/comments?post=586"}],"version-history":[{"count":48,"href":"https:\/\/neobrussels.com\/nl\/wp-json\/wp\/v2\/pages\/586\/revisions"}],"predecessor-version":[{"id":2832,"href":"https:\/\/neobrussels.com\/nl\/wp-json\/wp\/v2\/pages\/586\/revisions\/2832"}],"wp:featuredmedia":[{"embeddable":true,"href":"https:\/\/neobrussels.com\/nl\/wp-json\/wp\/v2\/media\/524"}],"wp:attachment":[{"href":"https:\/\/neobrussels.com\/nl\/wp-json\/wp\/v2\/media?parent=586"}],"curies":[{"name":"wp","href":"https:\/\/api.w.org\/{rel}","templated":true}]}}