{"id":1599,"date":"2020-10-18T11:06:58","date_gmt":"2020-10-18T09:06:58","guid":{"rendered":"http:\/\/localhost:8888\/neo\/modalites-et-conditions\/"},"modified":"2020-10-18T11:09:17","modified_gmt":"2020-10-18T09:09:17","slug":"voorwaarden","status":"publish","type":"page","link":"https:\/\/neobrussels.com\/nl\/voorwaarden\/","title":{"rendered":"Voorwaarden"},"content":{"rendered":"\n<h2 class=\"wp-block-heading\">Propri\u00e9taire du site<\/h2>\n\n\n\n<p><strong>NEO SCRL<\/strong><br>Place de Belgique, 1<br>1020&nbsp;Bruxelles<br>Belgium<br>TVA : BE0552737177<br><a href=\"mailto:alain.raviart@kocommunications.be\">alain.raviart@kocommunications.be<\/a><\/p>\n\n\n\n<h2 class=\"wp-block-heading\">Propri\u00e9t\u00e9 intellectuelle &amp; marques d\u00e9pos\u00e9es<\/h2>\n\n\n\n<p>L\u2019ensemble de ce site rel\u00e8ve des l\u00e9gislations en vigueur sur les droits d\u2019auteur et de la propri\u00e9t\u00e9 intellectuelle. Tous les textes, illustrations ou autres contenus sont prot\u00e9g\u00e9s par un droit de reproduction.<\/p>\n\n\n\n<h2 class=\"wp-block-heading\">Web hosting \/ datacenter<\/h2>\n\n\n\n<p>L\u2019h\u00e9bergement du site est r\u00e9alis\u00e9 par la soci\u00e9t\u00e9&nbsp;<strong>OVH<\/strong>.<br>SAS au capital de 10 069 020 \u20ac<br>RCS Lille M\u00e9tropole 424 761 419 00045<br>Code APE 2620Z<br>N\u00b0 TVA : FR 22 424 761 419<br>Si\u00e8ge social : 2 rue Kellermann \u2013 59100 Roubaix \u2013 France<br>Tel : +33 899 701 761 \u2013 Fax : +33 3 20 20 09 58<br>Mail :&nbsp;<a rel=\"noreferrer noopener\" href=\"mailto:support@ovh.com\" target=\"_blank\">support@ovh.com<\/a><br>Site :&nbsp;<a rel=\"noreferrer noopener\" href=\"https:\/\/www.ovh.com\/\" target=\"_blank\">www.ovh.com<\/a><\/p>\n\n\n\n<h2 class=\"wp-block-heading\">Conditions d\u2019utilisation<\/h2>\n\n\n\n<h3 class=\"wp-block-heading\">Conditions d\u2019acc\u00e8s au site<\/h3>\n\n\n\n<p>Toute personne (ci-apr\u00e8s \u00ab&nbsp;l\u2019utilisateur&nbsp;\u00bb) acc\u00e9dant au pr\u00e9sent site (ci-apr\u00e8s \u00ab&nbsp;le site&nbsp;\u00bb) est pr\u00e9sum\u00e9e avoir accept\u00e9 de fa\u00e7on inconditionnelle l\u2019ensemble des dispositions et des conditions d\u2019utilisation du site publi\u00e9 par son propri\u00e9taire (ci-apr\u00e8s \u00ab&nbsp;l\u2019\u00e9diteur&nbsp;\u00bb). Le site est accessible \u00e0 tout moment partout dans le monde. L\u2019utilisateur qui s\u2019y connecte porte seul la responsabilit\u00e9 de se conformer au respect des l\u00e9gislations et r\u00e9glementations en vigueur dans le pays o\u00f9 il r\u00e9side ou de celui d\u2019o\u00f9 il se connecte au site.<\/p>\n\n\n\n<h3 class=\"wp-block-heading\">Modification des pr\u00e9sentes conditions d\u2019utilisation, comp\u00e9tence et droit applicable<\/h3>\n\n\n\n<p>Les pr\u00e9sentes conditions d\u2019utilisation peuvent \u00eatre modifi\u00e9es par l\u2019\u00e9diteur \u00e0 tout moment. Les conditions d\u2019utilisation applicables \u00e0 toute utilisation du site sont celles disponibles et publi\u00e9es sur le site au moment de sa consultation par l\u2019utilisateur. La nullit\u00e9 ou non-validit\u00e9 d\u2019une disposition des pr\u00e9sentes conditions d\u2019utilisation ne porte pas pr\u00e9judice \u00e0 la validit\u00e9 des autres dispositions des pr\u00e9sentes conditions.<\/p>\n\n\n\n<h3 class=\"wp-block-heading\">Clause de non-responsabilit\u00e9<\/h3>\n\n\n\n<p>M\u00eame si toutes les informations du site ont fait l\u2019objet d\u2019une v\u00e9rification minutieuse, aucune garantie n\u2019est donn\u00e9e \u00e0 l\u2019utilisateur quant \u00e0 leur exactitude. En aucun cas, l\u2019\u00e9diteur ne peut \u00eatre tenu responsable de l\u2019exactitude des informations indiqu\u00e9es et il ne peut aucunement garantir que les donn\u00e9es soient compl\u00e8tes, pr\u00e9cises ou actuelles. Toutes les informations sont donn\u00e9es sous r\u00e9serve de modification, d\u2019erreur ou d\u2019omission.<\/p>\n\n\n\n<p>L\u2019\u00e9diteur se d\u00e9gage \u00e9galement de toute responsabilit\u00e9 en ce qui concerne les contenus provenant de sites web \u00e9dit\u00e9s par des tiers vers lesquels le site fait des hyperliens ou \u00e0 partir desquels il re\u00e7oit des hyperliens.<\/p>\n\n\n\n<p>Enfin, l\u2019\u00e9diteur d\u00e9cline toute responsabilit\u00e9 et exclut toute garantie en cas d\u2019interruption ou mauvais fonctionnement du site. L\u2019\u00e9diteur ne pourra pas non plus \u00eatre tenu responsable des dommages directs ou indirects que l\u2019utilisateur pourrait subir \u00e0 la suite d\u2019un acc\u00e8s au site ou de son utilisation.<\/p>\n\n\n\n<h2 class=\"wp-block-heading\">Protection de donn\u00e9es \u00e0 caract\u00e8re personnel et politique de confidentialit\u00e9<\/h2>\n\n\n\n<h3 class=\"wp-block-heading\">Traitement des donn\u00e9es personnelles<\/h3>\n\n\n\n<p>Des donn\u00e9es \u00e0 caract\u00e8re personnel ne pourront \u00eatre recueillies et trait\u00e9es que conform\u00e9ment aux r\u00e8gles relatives aux lois sur la protection des donn\u00e9es.<\/p>\n\n\n\n<p>Dans certains cas, notamment lorsque l\u2019utilisateur envoie des donn\u00e9es personnelles en compl\u00e9tant et renvoyant un des formulaires sur le site, il est possible que certaines donn\u00e9es personnelles soient enregistr\u00e9es sur le serveur. L\u2019\u00e9diteur traite les informations personnelles re\u00e7ues de l\u2019utilisateur exclusivement pour r\u00e9pondre \u00e0 la demande de l\u2019utilisateur et pour toute future communication par e-mail qui pourrait r\u00e9sulter d\u2019une \u00e9ventuelle relation commerciale entre l\u2019utilisateur et l\u2019\u00e9diteur.<\/p>\n\n\n\n<p>Les donn\u00e9es personnelles de l\u2019utilisateur peuvent \u00eatre enregistr\u00e9es sur le serveur \u00e0 des fins de backup\/logging\/statistiques pour une p\u00e9riode qui ne d\u00e9passera pas 26 mois, apr\u00e8s quoi, elles seront automatiquement supprim\u00e9es.<\/p>\n\n\n\n<p>Les donn\u00e9es personnelles de l\u2019utilisateur sont consid\u00e9r\u00e9es comme confidentielles et trait\u00e9es comme telles, elles ne seront donc jamais vendues ou transmises \u00e0 des tiers sans son approbation pr\u00e9alable.<\/p>\n\n\n\n<p>L\u2019utilisateur a le droit de consulter, corriger, mettre \u00e0 jour et de demander la suppression de ses donn\u00e9es personnelles \u00e0 tout moment en adressant une demande \u00e9crite \u00e0 cette adresse :&nbsp;<a href=\"mailto:alain.raviart@kocommunications.be\">alain.raviart@kocommunications.be<\/a><\/p>\n","protected":false},"excerpt":{"rendered":"<p>Propri\u00e9taire du site NEO SCRLPlace de Belgique, 11020&nbsp;BruxellesBelgiumTVA : BE0552737177alain.raviart@kocommunications.be Propri\u00e9t\u00e9 intellectuelle &amp; marques d\u00e9pos\u00e9es L\u2019ensemble de ce site rel\u00e8ve des l\u00e9gislations en vigueur sur&#8230; <a class=\"more\" href=\"https:\/\/neobrussels.com\/nl\/voorwaarden\/\">Doorgaan<\/a><\/p>\n","protected":false},"author":1,"featured_media":0,"parent":0,"menu_order":0,"comment_status":"closed","ping_status":"closed","template":"","meta":{"_acf_changed":false,"footnotes":""},"class_list":["post-1599","page","type-page","status-publish","hentry"],"acf":[],"yoast_head":"<!-- This site is optimized with the Yoast SEO plugin v24.2 - https:\/\/yoast.com\/wordpress\/plugins\/seo\/ -->\n<title>Voorwaarden - NEO<\/title>\n<meta name=\"robots\" content=\"index, follow, max-snippet:-1, max-image-preview:large, max-video-preview:-1\" \/>\n<link rel=\"canonical\" href=\"https:\/\/neobrussels.com\/nl\/voorwaarden\/\" \/>\n<meta property=\"og:locale\" content=\"nl_NL\" \/>\n<meta property=\"og:type\" content=\"article\" \/>\n<meta property=\"og:title\" content=\"Voorwaarden - NEO\" \/>\n<meta property=\"og:description\" content=\"Propri\u00e9taire du site NEO SCRLPlace de Belgique, 11020&nbsp;BruxellesBelgiumTVA : BE0552737177alain.raviart@kocommunications.be Propri\u00e9t\u00e9 intellectuelle &amp; marques d\u00e9pos\u00e9es L\u2019ensemble de ce site rel\u00e8ve des l\u00e9gislations en vigueur sur... Doorgaan\" \/>\n<meta property=\"og:url\" content=\"https:\/\/neobrussels.com\/nl\/voorwaarden\/\" \/>\n<meta property=\"og:site_name\" content=\"NEO\" \/>\n<meta property=\"article:modified_time\" content=\"2020-10-18T09:09:17+00:00\" \/>\n<meta name=\"twitter:card\" content=\"summary_large_image\" \/>\n<meta name=\"twitter:label1\" content=\"Geschatte leestijd\" \/>\n\t<meta name=\"twitter:data1\" content=\"4 minuten\" \/>\n<script type=\"application\/ld+json\" class=\"yoast-schema-graph\">{\"@context\":\"https:\/\/schema.org\",\"@graph\":[{\"@type\":\"WebPage\",\"@id\":\"https:\/\/neobrussels.com\/nl\/voorwaarden\/\",\"url\":\"https:\/\/neobrussels.com\/nl\/voorwaarden\/\",\"name\":\"Voorwaarden - NEO\",\"isPartOf\":{\"@id\":\"https:\/\/neobrussels.com\/nl\/#website\"},\"datePublished\":\"2020-10-18T09:06:58+00:00\",\"dateModified\":\"2020-10-18T09:09:17+00:00\",\"breadcrumb\":{\"@id\":\"https:\/\/neobrussels.com\/nl\/voorwaarden\/#breadcrumb\"},\"inLanguage\":\"nl-NL\",\"potentialAction\":[{\"@type\":\"ReadAction\",\"target\":[\"https:\/\/neobrussels.com\/nl\/voorwaarden\/\"]}]},{\"@type\":\"BreadcrumbList\",\"@id\":\"https:\/\/neobrussels.com\/nl\/voorwaarden\/#breadcrumb\",\"itemListElement\":[{\"@type\":\"ListItem\",\"position\":1,\"name\":\"Accueil\",\"item\":\"https:\/\/neobrussels.com\/nl\/\"},{\"@type\":\"ListItem\",\"position\":2,\"name\":\"Voorwaarden\"}]},{\"@type\":\"WebSite\",\"@id\":\"https:\/\/neobrussels.com\/nl\/#website\",\"url\":\"https:\/\/neobrussels.com\/nl\/\",\"name\":\"NEO Brussels\",\"description\":\"D\u00e9veloppement et r\u00e9am\u00e9nagement du plateau du Heysel. Une nouvelle ambition pour Bruxelles.\",\"publisher\":{\"@id\":\"https:\/\/neobrussels.com\/nl\/#organization\"},\"potentialAction\":[{\"@type\":\"SearchAction\",\"target\":{\"@type\":\"EntryPoint\",\"urlTemplate\":\"https:\/\/neobrussels.com\/nl\/?s={search_term_string}\"},\"query-input\":{\"@type\":\"PropertyValueSpecification\",\"valueRequired\":true,\"valueName\":\"search_term_string\"}}],\"inLanguage\":\"nl-NL\"},{\"@type\":\"Organization\",\"@id\":\"https:\/\/neobrussels.com\/nl\/#organization\",\"name\":\"NEO\",\"url\":\"https:\/\/neobrussels.com\/nl\/\",\"logo\":{\"@type\":\"ImageObject\",\"inLanguage\":\"nl-NL\",\"@id\":\"https:\/\/neobrussels.com\/nl\/#\/schema\/logo\/image\/\",\"url\":\"https:\/\/neobrussels.com\/wp-content\/uploads\/2025\/01\/Sans-titre-2.png\",\"contentUrl\":\"https:\/\/neobrussels.com\/wp-content\/uploads\/2025\/01\/Sans-titre-2.png\",\"width\":186,\"height\":228,\"caption\":\"NEO\"},\"image\":{\"@id\":\"https:\/\/neobrussels.com\/nl\/#\/schema\/logo\/image\/\"},\"sameAs\":[\"https:\/\/www.linkedin.com\/company\/103968427\/admin\/dashboard\/\"]}]}<\/script>\n<!-- \/ Yoast SEO plugin. -->","yoast_head_json":{"title":"Voorwaarden - NEO","robots":{"index":"index","follow":"follow","max-snippet":"max-snippet:-1","max-image-preview":"max-image-preview:large","max-video-preview":"max-video-preview:-1"},"canonical":"https:\/\/neobrussels.com\/nl\/voorwaarden\/","og_locale":"nl_NL","og_type":"article","og_title":"Voorwaarden - NEO","og_description":"Propri\u00e9taire du site NEO SCRLPlace de Belgique, 11020&nbsp;BruxellesBelgiumTVA : BE0552737177alain.raviart@kocommunications.be Propri\u00e9t\u00e9 intellectuelle &amp; marques d\u00e9pos\u00e9es L\u2019ensemble de ce site rel\u00e8ve des l\u00e9gislations en vigueur sur... Doorgaan","og_url":"https:\/\/neobrussels.com\/nl\/voorwaarden\/","og_site_name":"NEO","article_modified_time":"2020-10-18T09:09:17+00:00","twitter_card":"summary_large_image","twitter_misc":{"Geschatte leestijd":"4 minuten"},"schema":{"@context":"https:\/\/schema.org","@graph":[{"@type":"WebPage","@id":"https:\/\/neobrussels.com\/nl\/voorwaarden\/","url":"https:\/\/neobrussels.com\/nl\/voorwaarden\/","name":"Voorwaarden - NEO","isPartOf":{"@id":"https:\/\/neobrussels.com\/nl\/#website"},"datePublished":"2020-10-18T09:06:58+00:00","dateModified":"2020-10-18T09:09:17+00:00","breadcrumb":{"@id":"https:\/\/neobrussels.com\/nl\/voorwaarden\/#breadcrumb"},"inLanguage":"nl-NL","potentialAction":[{"@type":"ReadAction","target":["https:\/\/neobrussels.com\/nl\/voorwaarden\/"]}]},{"@type":"BreadcrumbList","@id":"https:\/\/neobrussels.com\/nl\/voorwaarden\/#breadcrumb","itemListElement":[{"@type":"ListItem","position":1,"name":"Accueil","item":"https:\/\/neobrussels.com\/nl\/"},{"@type":"ListItem","position":2,"name":"Voorwaarden"}]},{"@type":"WebSite","@id":"https:\/\/neobrussels.com\/nl\/#website","url":"https:\/\/neobrussels.com\/nl\/","name":"NEO Brussels","description":"D\u00e9veloppement et r\u00e9am\u00e9nagement du plateau du Heysel. Une nouvelle ambition pour Bruxelles.","publisher":{"@id":"https:\/\/neobrussels.com\/nl\/#organization"},"potentialAction":[{"@type":"SearchAction","target":{"@type":"EntryPoint","urlTemplate":"https:\/\/neobrussels.com\/nl\/?s={search_term_string}"},"query-input":{"@type":"PropertyValueSpecification","valueRequired":true,"valueName":"search_term_string"}}],"inLanguage":"nl-NL"},{"@type":"Organization","@id":"https:\/\/neobrussels.com\/nl\/#organization","name":"NEO","url":"https:\/\/neobrussels.com\/nl\/","logo":{"@type":"ImageObject","inLanguage":"nl-NL","@id":"https:\/\/neobrussels.com\/nl\/#\/schema\/logo\/image\/","url":"https:\/\/neobrussels.com\/wp-content\/uploads\/2025\/01\/Sans-titre-2.png","contentUrl":"https:\/\/neobrussels.com\/wp-content\/uploads\/2025\/01\/Sans-titre-2.png","width":186,"height":228,"caption":"NEO"},"image":{"@id":"https:\/\/neobrussels.com\/nl\/#\/schema\/logo\/image\/"},"sameAs":["https:\/\/www.linkedin.com\/company\/103968427\/admin\/dashboard\/"]}]}},"_links":{"self":[{"href":"https:\/\/neobrussels.com\/nl\/wp-json\/wp\/v2\/pages\/1599","targetHints":{"allow":["GET"]}}],"collection":[{"href":"https:\/\/neobrussels.com\/nl\/wp-json\/wp\/v2\/pages"}],"about":[{"href":"https:\/\/neobrussels.com\/nl\/wp-json\/wp\/v2\/types\/page"}],"author":[{"embeddable":true,"href":"https:\/\/neobrussels.com\/nl\/wp-json\/wp\/v2\/users\/1"}],"replies":[{"embeddable":true,"href":"https:\/\/neobrussels.com\/nl\/wp-json\/wp\/v2\/comments?post=1599"}],"version-history":[{"count":1,"href":"https:\/\/neobrussels.com\/nl\/wp-json\/wp\/v2\/pages\/1599\/revisions"}],"predecessor-version":[{"id":1605,"href":"https:\/\/neobrussels.com\/nl\/wp-json\/wp\/v2\/pages\/1599\/revisions\/1605"}],"wp:attachment":[{"href":"https:\/\/neobrussels.com\/nl\/wp-json\/wp\/v2\/media?parent=1599"}],"curies":[{"name":"wp","href":"https:\/\/api.w.org\/{rel}","templated":true}]}}