{"id":655,"date":"2020-07-31T09:55:09","date_gmt":"2020-07-31T07:55:09","guid":{"rendered":"http:\/\/localhost:8888\/neo\/pour-les-professionnels\/intervenants\/"},"modified":"2024-05-17T08:55:55","modified_gmt":"2024-05-17T06:55:55","slug":"participants-per-programme","status":"publish","type":"page","link":"https:\/\/neobrussels.com\/en\/for-professionals\/participants-per-programme\/","title":{"rendered":"Participants per programme"},"content":{"rendered":"\r\n<p>The development of NEO is carried out in cooperation with leading private partners, selected through public invitations to tender conducted in particular in the form of competitive dialogues. Though more cumbersome and complex, this procedure has the advantage of allowing the contracting authority to dialogue with the various candidates to develop improved projects together.\u00a0<\/p>\r\n\r\n\r\n\r\n<h2 class=\"wp-block-heading\">NEO 1<\/h2>\r\n\r\n\r\n\r\n<ul class=\"wp-block-list\">\r\n<li>2014: awarding of the contract to Europea\u00a0<\/li>\r\n<li>Unibail \u2013 Rodamco \u2013 Westfield, Besix, CFE\u00a0<\/li>\r\n<li>Architects: Jean-Paul Viguier and Art&amp;Build<\/li>\r\n<\/ul>\r\n\r\n\r\n\r\n<h2 class=\"wp-block-heading\">NEO2\u00a0<\/h2>\r\n\r\n\r\n\r\n<ul class=\"wp-block-list\">\r\n<li>2018: awarding of the market to the Brussels Pavilion Gardens<\/li>\r\n<li>CFE Cofinimmo<\/li>\r\n<li>Architects: Jean Nouvel and MDW architecture<\/li>\r\n<li>2020: Relinquishment of the contract by the City of Brussels. The City and the Region are discussing the necessary foundations for NEO to develop a new convention centre on the grounds of the Exhibition Centre.<\/li>\r\n<\/ul>\r\n\r\n\r\n\r\n<h2 class=\"wp-block-heading\">Parc du Verregat:<\/h2>\r\n<ul>\r\n<li>Project author : Sweco<\/li>\r\n<li>Park landscaping: E.L.M.<\/li>\r\n<\/ul>\r\n\r\n\r\n\r\n<h2 class=\"wp-block-heading\">Connecting\u00a0 Roadway<\/h2>\r\n\r\n\r\n\r\n<p>BCR section:\u00a0<\/p>\r\n<ul class=\"wp-block-list\">\r\n<li>Project author: Sweco<\/li>\r\n<li>Contractor: Willemen infra &#8211; Franki joint venture<\/li>\r\n<\/ul>\r\n<p>Tunnel and exit road from car park C:<\/p>\r\n<ul>\r\n<li>Project author: Sweco and TPF<\/li>\r\n<li>Contractor: Viabuild<\/li>\r\n<\/ul>\r\n<h2>Sports Park :<\/h2>\r\n<ul>\r\n<li>Project author : Omgeving-ZJA-ARA joint venture<\/li>\r\n<\/ul>\r\n","protected":false},"excerpt":{"rendered":"<p>The development of NEO is carried out in cooperation with leading private partners, selected through public invitations to tender conducted in particular in the form&#8230; <a class=\"more\" href=\"https:\/\/neobrussels.com\/en\/for-professionals\/participants-per-programme\/\">Continue<\/a><\/p>\n","protected":false},"author":1,"featured_media":545,"parent":633,"menu_order":3,"comment_status":"closed","ping_status":"closed","template":"","meta":{"_acf_changed":false,"footnotes":""},"class_list":["post-655","page","type-page","status-publish","has-post-thumbnail","hentry"],"acf":[],"yoast_head":"<!-- This site is optimized with the Yoast SEO plugin v24.2 - https:\/\/yoast.com\/wordpress\/plugins\/seo\/ -->\n<title>Participants per programme - NEO<\/title>\n<meta name=\"robots\" content=\"index, follow, max-snippet:-1, max-image-preview:large, max-video-preview:-1\" \/>\n<link rel=\"canonical\" href=\"https:\/\/neobrussels.com\/en\/for-professionals\/participants-per-programme\/\" \/>\n<meta property=\"og:locale\" content=\"en_US\" \/>\n<meta property=\"og:type\" content=\"article\" \/>\n<meta property=\"og:title\" content=\"Participants per programme - NEO\" \/>\n<meta property=\"og:description\" content=\"The development of NEO is carried out in cooperation with leading private partners, selected through public invitations to tender conducted in particular in the form... Continue\" \/>\n<meta property=\"og:url\" content=\"https:\/\/neobrussels.com\/en\/for-professionals\/participants-per-programme\/\" \/>\n<meta property=\"og:site_name\" content=\"NEO\" \/>\n<meta property=\"article:modified_time\" content=\"2024-05-17T06:55:55+00:00\" \/>\n<meta property=\"og:image\" content=\"https:\/\/neobrussels.com\/wp-content\/uploads\/2020\/08\/View_of_the_residential_hill_urban_landscape_park_of_Europea.jpg\" \/>\n\t<meta property=\"og:image:width\" content=\"1500\" \/>\n\t<meta property=\"og:image:height\" content=\"910\" \/>\n\t<meta property=\"og:image:type\" content=\"image\/jpeg\" \/>\n<meta name=\"twitter:card\" content=\"summary_large_image\" \/>\n<meta name=\"twitter:label1\" content=\"Est. reading time\" \/>\n\t<meta name=\"twitter:data1\" content=\"1 minute\" \/>\n<script type=\"application\/ld+json\" class=\"yoast-schema-graph\">{\"@context\":\"https:\/\/schema.org\",\"@graph\":[{\"@type\":\"WebPage\",\"@id\":\"https:\/\/neobrussels.com\/en\/for-professionals\/participants-per-programme\/\",\"url\":\"https:\/\/neobrussels.com\/en\/for-professionals\/participants-per-programme\/\",\"name\":\"Participants per programme - NEO\",\"isPartOf\":{\"@id\":\"https:\/\/neobrussels.com\/en\/#website\"},\"primaryImageOfPage\":{\"@id\":\"https:\/\/neobrussels.com\/en\/for-professionals\/participants-per-programme\/#primaryimage\"},\"image\":{\"@id\":\"https:\/\/neobrussels.com\/en\/for-professionals\/participants-per-programme\/#primaryimage\"},\"thumbnailUrl\":\"https:\/\/neobrussels.com\/wp-content\/uploads\/2020\/08\/View_of_the_residential_hill_urban_landscape_park_of_Europea.jpg\",\"datePublished\":\"2020-07-31T07:55:09+00:00\",\"dateModified\":\"2024-05-17T06:55:55+00:00\",\"breadcrumb\":{\"@id\":\"https:\/\/neobrussels.com\/en\/for-professionals\/participants-per-programme\/#breadcrumb\"},\"inLanguage\":\"en-US\",\"potentialAction\":[{\"@type\":\"ReadAction\",\"target\":[\"https:\/\/neobrussels.com\/en\/for-professionals\/participants-per-programme\/\"]}]},{\"@type\":\"ImageObject\",\"inLanguage\":\"en-US\",\"@id\":\"https:\/\/neobrussels.com\/en\/for-professionals\/participants-per-programme\/#primaryimage\",\"url\":\"https:\/\/neobrussels.com\/wp-content\/uploads\/2020\/08\/View_of_the_residential_hill_urban_landscape_park_of_Europea.jpg\",\"contentUrl\":\"https:\/\/neobrussels.com\/wp-content\/uploads\/2020\/08\/View_of_the_residential_hill_urban_landscape_park_of_Europea.jpg\",\"width\":1500,\"height\":910},{\"@type\":\"BreadcrumbList\",\"@id\":\"https:\/\/neobrussels.com\/en\/for-professionals\/participants-per-programme\/#breadcrumb\",\"itemListElement\":[{\"@type\":\"ListItem\",\"position\":1,\"name\":\"Accueil\",\"item\":\"https:\/\/neobrussels.com\/en\/\"},{\"@type\":\"ListItem\",\"position\":2,\"name\":\"For professionals\",\"item\":\"https:\/\/neobrussels.com\/en\/for-professionals\/\"},{\"@type\":\"ListItem\",\"position\":3,\"name\":\"Participants per programme\"}]},{\"@type\":\"WebSite\",\"@id\":\"https:\/\/neobrussels.com\/en\/#website\",\"url\":\"https:\/\/neobrussels.com\/en\/\",\"name\":\"NEO Brussels\",\"description\":\"D\u00e9veloppement et r\u00e9am\u00e9nagement du plateau du Heysel. Une nouvelle ambition pour Bruxelles.\",\"publisher\":{\"@id\":\"https:\/\/neobrussels.com\/en\/#organization\"},\"potentialAction\":[{\"@type\":\"SearchAction\",\"target\":{\"@type\":\"EntryPoint\",\"urlTemplate\":\"https:\/\/neobrussels.com\/en\/?s={search_term_string}\"},\"query-input\":{\"@type\":\"PropertyValueSpecification\",\"valueRequired\":true,\"valueName\":\"search_term_string\"}}],\"inLanguage\":\"en-US\"},{\"@type\":\"Organization\",\"@id\":\"https:\/\/neobrussels.com\/en\/#organization\",\"name\":\"NEO\",\"url\":\"https:\/\/neobrussels.com\/en\/\",\"logo\":{\"@type\":\"ImageObject\",\"inLanguage\":\"en-US\",\"@id\":\"https:\/\/neobrussels.com\/en\/#\/schema\/logo\/image\/\",\"url\":\"https:\/\/neobrussels.com\/wp-content\/uploads\/2025\/01\/Sans-titre-2.png\",\"contentUrl\":\"https:\/\/neobrussels.com\/wp-content\/uploads\/2025\/01\/Sans-titre-2.png\",\"width\":186,\"height\":228,\"caption\":\"NEO\"},\"image\":{\"@id\":\"https:\/\/neobrussels.com\/en\/#\/schema\/logo\/image\/\"},\"sameAs\":[\"https:\/\/www.linkedin.com\/company\/103968427\/admin\/dashboard\/\"]}]}<\/script>\n<!-- \/ Yoast SEO plugin. -->","yoast_head_json":{"title":"Participants per programme - NEO","robots":{"index":"index","follow":"follow","max-snippet":"max-snippet:-1","max-image-preview":"max-image-preview:large","max-video-preview":"max-video-preview:-1"},"canonical":"https:\/\/neobrussels.com\/en\/for-professionals\/participants-per-programme\/","og_locale":"en_US","og_type":"article","og_title":"Participants per programme - NEO","og_description":"The development of NEO is carried out in cooperation with leading private partners, selected through public invitations to tender conducted in particular in the form... Continue","og_url":"https:\/\/neobrussels.com\/en\/for-professionals\/participants-per-programme\/","og_site_name":"NEO","article_modified_time":"2024-05-17T06:55:55+00:00","og_image":[{"width":1500,"height":910,"url":"https:\/\/neobrussels.com\/wp-content\/uploads\/2020\/08\/View_of_the_residential_hill_urban_landscape_park_of_Europea.jpg","type":"image\/jpeg"}],"twitter_card":"summary_large_image","twitter_misc":{"Est. reading time":"1 minute"},"schema":{"@context":"https:\/\/schema.org","@graph":[{"@type":"WebPage","@id":"https:\/\/neobrussels.com\/en\/for-professionals\/participants-per-programme\/","url":"https:\/\/neobrussels.com\/en\/for-professionals\/participants-per-programme\/","name":"Participants per programme - NEO","isPartOf":{"@id":"https:\/\/neobrussels.com\/en\/#website"},"primaryImageOfPage":{"@id":"https:\/\/neobrussels.com\/en\/for-professionals\/participants-per-programme\/#primaryimage"},"image":{"@id":"https:\/\/neobrussels.com\/en\/for-professionals\/participants-per-programme\/#primaryimage"},"thumbnailUrl":"https:\/\/neobrussels.com\/wp-content\/uploads\/2020\/08\/View_of_the_residential_hill_urban_landscape_park_of_Europea.jpg","datePublished":"2020-07-31T07:55:09+00:00","dateModified":"2024-05-17T06:55:55+00:00","breadcrumb":{"@id":"https:\/\/neobrussels.com\/en\/for-professionals\/participants-per-programme\/#breadcrumb"},"inLanguage":"en-US","potentialAction":[{"@type":"ReadAction","target":["https:\/\/neobrussels.com\/en\/for-professionals\/participants-per-programme\/"]}]},{"@type":"ImageObject","inLanguage":"en-US","@id":"https:\/\/neobrussels.com\/en\/for-professionals\/participants-per-programme\/#primaryimage","url":"https:\/\/neobrussels.com\/wp-content\/uploads\/2020\/08\/View_of_the_residential_hill_urban_landscape_park_of_Europea.jpg","contentUrl":"https:\/\/neobrussels.com\/wp-content\/uploads\/2020\/08\/View_of_the_residential_hill_urban_landscape_park_of_Europea.jpg","width":1500,"height":910},{"@type":"BreadcrumbList","@id":"https:\/\/neobrussels.com\/en\/for-professionals\/participants-per-programme\/#breadcrumb","itemListElement":[{"@type":"ListItem","position":1,"name":"Accueil","item":"https:\/\/neobrussels.com\/en\/"},{"@type":"ListItem","position":2,"name":"For professionals","item":"https:\/\/neobrussels.com\/en\/for-professionals\/"},{"@type":"ListItem","position":3,"name":"Participants per programme"}]},{"@type":"WebSite","@id":"https:\/\/neobrussels.com\/en\/#website","url":"https:\/\/neobrussels.com\/en\/","name":"NEO Brussels","description":"D\u00e9veloppement et r\u00e9am\u00e9nagement du plateau du Heysel. Une nouvelle ambition pour Bruxelles.","publisher":{"@id":"https:\/\/neobrussels.com\/en\/#organization"},"potentialAction":[{"@type":"SearchAction","target":{"@type":"EntryPoint","urlTemplate":"https:\/\/neobrussels.com\/en\/?s={search_term_string}"},"query-input":{"@type":"PropertyValueSpecification","valueRequired":true,"valueName":"search_term_string"}}],"inLanguage":"en-US"},{"@type":"Organization","@id":"https:\/\/neobrussels.com\/en\/#organization","name":"NEO","url":"https:\/\/neobrussels.com\/en\/","logo":{"@type":"ImageObject","inLanguage":"en-US","@id":"https:\/\/neobrussels.com\/en\/#\/schema\/logo\/image\/","url":"https:\/\/neobrussels.com\/wp-content\/uploads\/2025\/01\/Sans-titre-2.png","contentUrl":"https:\/\/neobrussels.com\/wp-content\/uploads\/2025\/01\/Sans-titre-2.png","width":186,"height":228,"caption":"NEO"},"image":{"@id":"https:\/\/neobrussels.com\/en\/#\/schema\/logo\/image\/"},"sameAs":["https:\/\/www.linkedin.com\/company\/103968427\/admin\/dashboard\/"]}]}},"_links":{"self":[{"href":"https:\/\/neobrussels.com\/en\/wp-json\/wp\/v2\/pages\/655","targetHints":{"allow":["GET"]}}],"collection":[{"href":"https:\/\/neobrussels.com\/en\/wp-json\/wp\/v2\/pages"}],"about":[{"href":"https:\/\/neobrussels.com\/en\/wp-json\/wp\/v2\/types\/page"}],"author":[{"embeddable":true,"href":"https:\/\/neobrussels.com\/en\/wp-json\/wp\/v2\/users\/1"}],"replies":[{"embeddable":true,"href":"https:\/\/neobrussels.com\/en\/wp-json\/wp\/v2\/comments?post=655"}],"version-history":[{"count":11,"href":"https:\/\/neobrussels.com\/en\/wp-json\/wp\/v2\/pages\/655\/revisions"}],"predecessor-version":[{"id":2378,"href":"https:\/\/neobrussels.com\/en\/wp-json\/wp\/v2\/pages\/655\/revisions\/2378"}],"up":[{"embeddable":true,"href":"https:\/\/neobrussels.com\/en\/wp-json\/wp\/v2\/pages\/633"}],"wp:featuredmedia":[{"embeddable":true,"href":"https:\/\/neobrussels.com\/en\/wp-json\/wp\/v2\/media\/545"}],"wp:attachment":[{"href":"https:\/\/neobrussels.com\/en\/wp-json\/wp\/v2\/media?parent=655"}],"curies":[{"name":"wp","href":"https:\/\/api.w.org\/{rel}","templated":true}]}}