{"id":637,"date":"2020-07-31T09:48:26","date_gmt":"2020-07-31T07:48:26","guid":{"rendered":"http:\/\/localhost:8888\/neo\/pour-le-public\/dynamique-economique\/"},"modified":"2020-10-12T09:54:24","modified_gmt":"2020-10-12T07:54:24","slug":"economic-impetus","status":"publish","type":"page","link":"https:\/\/neobrussels.com\/en\/for-the-public\/economic-impetus\/","title":{"rendered":"Economic impetus"},"content":{"rendered":"\n<h2 class=\"wp-block-heading\">NEO will be one of the pillars of the international prestige and appeal of Brussels.<\/h2>\n\n\n\n<p>The strength of the NEO project lies in particular in the fact that the Heysel Plateau already welcomes more than 5,000,000 visitors per year, thanks in particular to the Atomium, Brussels Expo, Mini Europe and Kinepolis. NEO is keen to provide new urban functions (convention centre, business district, housing, green spaces, etc.) and to support existing infrastructures and create synergies between them.&nbsp;<\/p>\n\n\n\n<p>At least 250 hotel rooms are planned so as to give this economic revitalization an added boost. They will help improve the accommodation of the public of the Convention Centre and Brussels Expo as well as tourists. The hotel and catering offer will be reinforced near the business district and opposite the Atomium, as well as along the dwellings that border the new park.&nbsp;<\/p>\n\n\n\n<p>Some 3,000 direct jobs will be created for the business district alone (+\/- 2,400 FTEs). The development, implementation and operation of the entire project will create several thousand jobs. The project is moreover part of a broader dynamic of tourism development on a regional and international scale as the main job creation vehicle in Brussels.&nbsp;<\/p>\n\n\n\n<p>NEO\u2019s business model entails investing the flows generated by the provision of land to create high-quality infrastructure and facilities and public spaces.<\/p>\n","protected":false},"excerpt":{"rendered":"<p>NEO will be one of the pillars of the international prestige and appeal of Brussels. The strength of the NEO project lies in particular in&#8230; <a class=\"more\" href=\"https:\/\/neobrussels.com\/en\/for-the-public\/economic-impetus\/\">Continue<\/a><\/p>\n","protected":false},"author":1,"featured_media":531,"parent":591,"menu_order":1,"comment_status":"closed","ping_status":"closed","template":"","meta":{"_acf_changed":false,"footnotes":""},"class_list":["post-637","page","type-page","status-publish","has-post-thumbnail","hentry"],"acf":[],"yoast_head":"<!-- This site is optimized with the Yoast SEO plugin v24.2 - https:\/\/yoast.com\/wordpress\/plugins\/seo\/ -->\n<title>Economic impetus - NEO<\/title>\n<meta name=\"robots\" content=\"index, follow, max-snippet:-1, max-image-preview:large, max-video-preview:-1\" \/>\n<link rel=\"canonical\" href=\"https:\/\/neobrussels.com\/en\/for-the-public\/economic-impetus\/\" \/>\n<meta property=\"og:locale\" content=\"en_US\" \/>\n<meta property=\"og:type\" content=\"article\" \/>\n<meta property=\"og:title\" content=\"Economic impetus - NEO\" \/>\n<meta property=\"og:description\" content=\"NEO will be one of the pillars of the international prestige and appeal of Brussels. The strength of the NEO project lies in particular in... Continue\" \/>\n<meta property=\"og:url\" content=\"https:\/\/neobrussels.com\/en\/for-the-public\/economic-impetus\/\" \/>\n<meta property=\"og:site_name\" content=\"NEO\" \/>\n<meta property=\"article:modified_time\" content=\"2020-10-12T07:54:24+00:00\" \/>\n<meta property=\"og:image\" content=\"https:\/\/neobrussels.com\/wp-content\/uploads\/2020\/08\/horeca-2.jpg\" \/>\n\t<meta property=\"og:image:width\" content=\"1500\" \/>\n\t<meta property=\"og:image:height\" content=\"941\" \/>\n\t<meta property=\"og:image:type\" content=\"image\/jpeg\" \/>\n<meta name=\"twitter:card\" content=\"summary_large_image\" \/>\n<meta name=\"twitter:label1\" content=\"Est. reading time\" \/>\n\t<meta name=\"twitter:data1\" content=\"1 minute\" \/>\n<script type=\"application\/ld+json\" class=\"yoast-schema-graph\">{\"@context\":\"https:\/\/schema.org\",\"@graph\":[{\"@type\":\"WebPage\",\"@id\":\"https:\/\/neobrussels.com\/en\/for-the-public\/economic-impetus\/\",\"url\":\"https:\/\/neobrussels.com\/en\/for-the-public\/economic-impetus\/\",\"name\":\"Economic impetus - NEO\",\"isPartOf\":{\"@id\":\"https:\/\/neobrussels.com\/en\/#website\"},\"primaryImageOfPage\":{\"@id\":\"https:\/\/neobrussels.com\/en\/for-the-public\/economic-impetus\/#primaryimage\"},\"image\":{\"@id\":\"https:\/\/neobrussels.com\/en\/for-the-public\/economic-impetus\/#primaryimage\"},\"thumbnailUrl\":\"https:\/\/neobrussels.com\/wp-content\/uploads\/2020\/08\/horeca-2.jpg\",\"datePublished\":\"2020-07-31T07:48:26+00:00\",\"dateModified\":\"2020-10-12T07:54:24+00:00\",\"breadcrumb\":{\"@id\":\"https:\/\/neobrussels.com\/en\/for-the-public\/economic-impetus\/#breadcrumb\"},\"inLanguage\":\"en-US\",\"potentialAction\":[{\"@type\":\"ReadAction\",\"target\":[\"https:\/\/neobrussels.com\/en\/for-the-public\/economic-impetus\/\"]}]},{\"@type\":\"ImageObject\",\"inLanguage\":\"en-US\",\"@id\":\"https:\/\/neobrussels.com\/en\/for-the-public\/economic-impetus\/#primaryimage\",\"url\":\"https:\/\/neobrussels.com\/wp-content\/uploads\/2020\/08\/horeca-2.jpg\",\"contentUrl\":\"https:\/\/neobrussels.com\/wp-content\/uploads\/2020\/08\/horeca-2.jpg\",\"width\":1500,\"height\":941},{\"@type\":\"BreadcrumbList\",\"@id\":\"https:\/\/neobrussels.com\/en\/for-the-public\/economic-impetus\/#breadcrumb\",\"itemListElement\":[{\"@type\":\"ListItem\",\"position\":1,\"name\":\"Accueil\",\"item\":\"https:\/\/neobrussels.com\/en\/\"},{\"@type\":\"ListItem\",\"position\":2,\"name\":\"For the public\",\"item\":\"https:\/\/neobrussels.com\/en\/pour-le-public\/\"},{\"@type\":\"ListItem\",\"position\":3,\"name\":\"Economic impetus\"}]},{\"@type\":\"WebSite\",\"@id\":\"https:\/\/neobrussels.com\/en\/#website\",\"url\":\"https:\/\/neobrussels.com\/en\/\",\"name\":\"NEO Brussels\",\"description\":\"D\u00e9veloppement et r\u00e9am\u00e9nagement du plateau du Heysel. Une nouvelle ambition pour Bruxelles.\",\"publisher\":{\"@id\":\"https:\/\/neobrussels.com\/en\/#organization\"},\"potentialAction\":[{\"@type\":\"SearchAction\",\"target\":{\"@type\":\"EntryPoint\",\"urlTemplate\":\"https:\/\/neobrussels.com\/en\/?s={search_term_string}\"},\"query-input\":{\"@type\":\"PropertyValueSpecification\",\"valueRequired\":true,\"valueName\":\"search_term_string\"}}],\"inLanguage\":\"en-US\"},{\"@type\":\"Organization\",\"@id\":\"https:\/\/neobrussels.com\/en\/#organization\",\"name\":\"NEO\",\"url\":\"https:\/\/neobrussels.com\/en\/\",\"logo\":{\"@type\":\"ImageObject\",\"inLanguage\":\"en-US\",\"@id\":\"https:\/\/neobrussels.com\/en\/#\/schema\/logo\/image\/\",\"url\":\"https:\/\/neobrussels.com\/wp-content\/uploads\/2025\/01\/Sans-titre-2.png\",\"contentUrl\":\"https:\/\/neobrussels.com\/wp-content\/uploads\/2025\/01\/Sans-titre-2.png\",\"width\":186,\"height\":228,\"caption\":\"NEO\"},\"image\":{\"@id\":\"https:\/\/neobrussels.com\/en\/#\/schema\/logo\/image\/\"},\"sameAs\":[\"https:\/\/www.linkedin.com\/company\/103968427\/admin\/dashboard\/\"]}]}<\/script>\n<!-- \/ Yoast SEO plugin. -->","yoast_head_json":{"title":"Economic impetus - NEO","robots":{"index":"index","follow":"follow","max-snippet":"max-snippet:-1","max-image-preview":"max-image-preview:large","max-video-preview":"max-video-preview:-1"},"canonical":"https:\/\/neobrussels.com\/en\/for-the-public\/economic-impetus\/","og_locale":"en_US","og_type":"article","og_title":"Economic impetus - NEO","og_description":"NEO will be one of the pillars of the international prestige and appeal of Brussels. The strength of the NEO project lies in particular in... Continue","og_url":"https:\/\/neobrussels.com\/en\/for-the-public\/economic-impetus\/","og_site_name":"NEO","article_modified_time":"2020-10-12T07:54:24+00:00","og_image":[{"width":1500,"height":941,"url":"https:\/\/neobrussels.com\/wp-content\/uploads\/2020\/08\/horeca-2.jpg","type":"image\/jpeg"}],"twitter_card":"summary_large_image","twitter_misc":{"Est. reading time":"1 minute"},"schema":{"@context":"https:\/\/schema.org","@graph":[{"@type":"WebPage","@id":"https:\/\/neobrussels.com\/en\/for-the-public\/economic-impetus\/","url":"https:\/\/neobrussels.com\/en\/for-the-public\/economic-impetus\/","name":"Economic impetus - NEO","isPartOf":{"@id":"https:\/\/neobrussels.com\/en\/#website"},"primaryImageOfPage":{"@id":"https:\/\/neobrussels.com\/en\/for-the-public\/economic-impetus\/#primaryimage"},"image":{"@id":"https:\/\/neobrussels.com\/en\/for-the-public\/economic-impetus\/#primaryimage"},"thumbnailUrl":"https:\/\/neobrussels.com\/wp-content\/uploads\/2020\/08\/horeca-2.jpg","datePublished":"2020-07-31T07:48:26+00:00","dateModified":"2020-10-12T07:54:24+00:00","breadcrumb":{"@id":"https:\/\/neobrussels.com\/en\/for-the-public\/economic-impetus\/#breadcrumb"},"inLanguage":"en-US","potentialAction":[{"@type":"ReadAction","target":["https:\/\/neobrussels.com\/en\/for-the-public\/economic-impetus\/"]}]},{"@type":"ImageObject","inLanguage":"en-US","@id":"https:\/\/neobrussels.com\/en\/for-the-public\/economic-impetus\/#primaryimage","url":"https:\/\/neobrussels.com\/wp-content\/uploads\/2020\/08\/horeca-2.jpg","contentUrl":"https:\/\/neobrussels.com\/wp-content\/uploads\/2020\/08\/horeca-2.jpg","width":1500,"height":941},{"@type":"BreadcrumbList","@id":"https:\/\/neobrussels.com\/en\/for-the-public\/economic-impetus\/#breadcrumb","itemListElement":[{"@type":"ListItem","position":1,"name":"Accueil","item":"https:\/\/neobrussels.com\/en\/"},{"@type":"ListItem","position":2,"name":"For the public","item":"https:\/\/neobrussels.com\/en\/pour-le-public\/"},{"@type":"ListItem","position":3,"name":"Economic impetus"}]},{"@type":"WebSite","@id":"https:\/\/neobrussels.com\/en\/#website","url":"https:\/\/neobrussels.com\/en\/","name":"NEO Brussels","description":"D\u00e9veloppement et r\u00e9am\u00e9nagement du plateau du Heysel. Une nouvelle ambition pour Bruxelles.","publisher":{"@id":"https:\/\/neobrussels.com\/en\/#organization"},"potentialAction":[{"@type":"SearchAction","target":{"@type":"EntryPoint","urlTemplate":"https:\/\/neobrussels.com\/en\/?s={search_term_string}"},"query-input":{"@type":"PropertyValueSpecification","valueRequired":true,"valueName":"search_term_string"}}],"inLanguage":"en-US"},{"@type":"Organization","@id":"https:\/\/neobrussels.com\/en\/#organization","name":"NEO","url":"https:\/\/neobrussels.com\/en\/","logo":{"@type":"ImageObject","inLanguage":"en-US","@id":"https:\/\/neobrussels.com\/en\/#\/schema\/logo\/image\/","url":"https:\/\/neobrussels.com\/wp-content\/uploads\/2025\/01\/Sans-titre-2.png","contentUrl":"https:\/\/neobrussels.com\/wp-content\/uploads\/2025\/01\/Sans-titre-2.png","width":186,"height":228,"caption":"NEO"},"image":{"@id":"https:\/\/neobrussels.com\/en\/#\/schema\/logo\/image\/"},"sameAs":["https:\/\/www.linkedin.com\/company\/103968427\/admin\/dashboard\/"]}]}},"_links":{"self":[{"href":"https:\/\/neobrussels.com\/en\/wp-json\/wp\/v2\/pages\/637","targetHints":{"allow":["GET"]}}],"collection":[{"href":"https:\/\/neobrussels.com\/en\/wp-json\/wp\/v2\/pages"}],"about":[{"href":"https:\/\/neobrussels.com\/en\/wp-json\/wp\/v2\/types\/page"}],"author":[{"embeddable":true,"href":"https:\/\/neobrussels.com\/en\/wp-json\/wp\/v2\/users\/1"}],"replies":[{"embeddable":true,"href":"https:\/\/neobrussels.com\/en\/wp-json\/wp\/v2\/comments?post=637"}],"version-history":[{"count":3,"href":"https:\/\/neobrussels.com\/en\/wp-json\/wp\/v2\/pages\/637\/revisions"}],"predecessor-version":[{"id":1487,"href":"https:\/\/neobrussels.com\/en\/wp-json\/wp\/v2\/pages\/637\/revisions\/1487"}],"up":[{"embeddable":true,"href":"https:\/\/neobrussels.com\/en\/wp-json\/wp\/v2\/pages\/591"}],"wp:featuredmedia":[{"embeddable":true,"href":"https:\/\/neobrussels.com\/en\/wp-json\/wp\/v2\/media\/531"}],"wp:attachment":[{"href":"https:\/\/neobrussels.com\/en\/wp-json\/wp\/v2\/media?parent=637"}],"curies":[{"name":"wp","href":"https:\/\/api.w.org\/{rel}","templated":true}]}}