{"id":635,"date":"2020-08-08T15:34:02","date_gmt":"2020-08-08T13:34:02","guid":{"rendered":"http:\/\/localhost:8888\/neo\/pour-le-public\/le-projet\/mice\/"},"modified":"2020-10-12T09:49:26","modified_gmt":"2020-10-12T07:49:26","slug":"mice","status":"publish","type":"page","link":"https:\/\/neobrussels.com\/en\/for-the-public\/the-project\/mice\/","title":{"rendered":"MICE"},"content":{"rendered":"\n<p><em>The Brussels International Development Plan (2007) identified a certain number of infrastructure deficiencies that handicap the status of Brussels as an international capital. This situation is all the more regrettable as Brussels is determined to bolster this status and to offer maximum facilities to the institutions it hosts.&nbsp;<\/em><\/p>\n\n\n\n<p><em>Against this background, the construction of a convention centre with an international dimension is bound to bolster business tourism, which already constitutes a major element of economic activity in the Brussels Region.\u00a0<\/em><\/p>\n","protected":false},"excerpt":{"rendered":"<p>The Brussels International Development Plan (2007) identified a certain number of infrastructure deficiencies that handicap the status of Brussels as an international capital. This situation&#8230; <a class=\"more\" href=\"https:\/\/neobrussels.com\/en\/for-the-public\/the-project\/mice\/\">Continue<\/a><\/p>\n","protected":false},"author":1,"featured_media":0,"parent":595,"menu_order":6,"comment_status":"closed","ping_status":"closed","template":"page-map.php","meta":{"_acf_changed":false,"footnotes":""},"class_list":["post-635","page","type-page","status-publish","hentry"],"acf":[],"yoast_head":"<!-- This site is optimized with the Yoast SEO plugin v24.2 - https:\/\/yoast.com\/wordpress\/plugins\/seo\/ -->\n<title>MICE - NEO<\/title>\n<meta name=\"robots\" content=\"index, follow, max-snippet:-1, max-image-preview:large, max-video-preview:-1\" \/>\n<link rel=\"canonical\" href=\"https:\/\/neobrussels.com\/en\/for-the-public\/the-project\/mice\/\" \/>\n<meta property=\"og:locale\" content=\"en_US\" \/>\n<meta property=\"og:type\" content=\"article\" \/>\n<meta property=\"og:title\" content=\"MICE - NEO\" \/>\n<meta property=\"og:description\" content=\"The Brussels International Development Plan (2007) identified a certain number of infrastructure deficiencies that handicap the status of Brussels as an international capital. This situation... Continue\" \/>\n<meta property=\"og:url\" content=\"https:\/\/neobrussels.com\/en\/for-the-public\/the-project\/mice\/\" \/>\n<meta property=\"og:site_name\" content=\"NEO\" \/>\n<meta property=\"article:modified_time\" content=\"2020-10-12T07:49:26+00:00\" \/>\n<meta name=\"twitter:card\" content=\"summary_large_image\" \/>\n<script type=\"application\/ld+json\" class=\"yoast-schema-graph\">{\"@context\":\"https:\/\/schema.org\",\"@graph\":[{\"@type\":\"WebPage\",\"@id\":\"https:\/\/neobrussels.com\/en\/for-the-public\/the-project\/mice\/\",\"url\":\"https:\/\/neobrussels.com\/en\/for-the-public\/the-project\/mice\/\",\"name\":\"MICE - NEO\",\"isPartOf\":{\"@id\":\"https:\/\/neobrussels.com\/en\/#website\"},\"datePublished\":\"2020-08-08T13:34:02+00:00\",\"dateModified\":\"2020-10-12T07:49:26+00:00\",\"breadcrumb\":{\"@id\":\"https:\/\/neobrussels.com\/en\/for-the-public\/the-project\/mice\/#breadcrumb\"},\"inLanguage\":\"en-US\",\"potentialAction\":[{\"@type\":\"ReadAction\",\"target\":[\"https:\/\/neobrussels.com\/en\/for-the-public\/the-project\/mice\/\"]}]},{\"@type\":\"BreadcrumbList\",\"@id\":\"https:\/\/neobrussels.com\/en\/for-the-public\/the-project\/mice\/#breadcrumb\",\"itemListElement\":[{\"@type\":\"ListItem\",\"position\":1,\"name\":\"Accueil\",\"item\":\"https:\/\/neobrussels.com\/en\/\"},{\"@type\":\"ListItem\",\"position\":2,\"name\":\"For the public\",\"item\":\"https:\/\/neobrussels.com\/en\/pour-le-public\/\"},{\"@type\":\"ListItem\",\"position\":3,\"name\":\"The project\",\"item\":\"https:\/\/neobrussels.com\/en\/pour-le-public\/le-projet\/\"},{\"@type\":\"ListItem\",\"position\":4,\"name\":\"MICE\"}]},{\"@type\":\"WebSite\",\"@id\":\"https:\/\/neobrussels.com\/en\/#website\",\"url\":\"https:\/\/neobrussels.com\/en\/\",\"name\":\"NEO Brussels\",\"description\":\"D\u00e9veloppement et r\u00e9am\u00e9nagement du plateau du Heysel. Une nouvelle ambition pour Bruxelles.\",\"publisher\":{\"@id\":\"https:\/\/neobrussels.com\/en\/#organization\"},\"potentialAction\":[{\"@type\":\"SearchAction\",\"target\":{\"@type\":\"EntryPoint\",\"urlTemplate\":\"https:\/\/neobrussels.com\/en\/?s={search_term_string}\"},\"query-input\":{\"@type\":\"PropertyValueSpecification\",\"valueRequired\":true,\"valueName\":\"search_term_string\"}}],\"inLanguage\":\"en-US\"},{\"@type\":\"Organization\",\"@id\":\"https:\/\/neobrussels.com\/en\/#organization\",\"name\":\"NEO\",\"url\":\"https:\/\/neobrussels.com\/en\/\",\"logo\":{\"@type\":\"ImageObject\",\"inLanguage\":\"en-US\",\"@id\":\"https:\/\/neobrussels.com\/en\/#\/schema\/logo\/image\/\",\"url\":\"https:\/\/neobrussels.com\/wp-content\/uploads\/2025\/01\/Sans-titre-2.png\",\"contentUrl\":\"https:\/\/neobrussels.com\/wp-content\/uploads\/2025\/01\/Sans-titre-2.png\",\"width\":186,\"height\":228,\"caption\":\"NEO\"},\"image\":{\"@id\":\"https:\/\/neobrussels.com\/en\/#\/schema\/logo\/image\/\"},\"sameAs\":[\"https:\/\/www.linkedin.com\/company\/103968427\/admin\/dashboard\/\"]}]}<\/script>\n<!-- \/ Yoast SEO plugin. -->","yoast_head_json":{"title":"MICE - NEO","robots":{"index":"index","follow":"follow","max-snippet":"max-snippet:-1","max-image-preview":"max-image-preview:large","max-video-preview":"max-video-preview:-1"},"canonical":"https:\/\/neobrussels.com\/en\/for-the-public\/the-project\/mice\/","og_locale":"en_US","og_type":"article","og_title":"MICE - NEO","og_description":"The Brussels International Development Plan (2007) identified a certain number of infrastructure deficiencies that handicap the status of Brussels as an international capital. This situation... Continue","og_url":"https:\/\/neobrussels.com\/en\/for-the-public\/the-project\/mice\/","og_site_name":"NEO","article_modified_time":"2020-10-12T07:49:26+00:00","twitter_card":"summary_large_image","schema":{"@context":"https:\/\/schema.org","@graph":[{"@type":"WebPage","@id":"https:\/\/neobrussels.com\/en\/for-the-public\/the-project\/mice\/","url":"https:\/\/neobrussels.com\/en\/for-the-public\/the-project\/mice\/","name":"MICE - NEO","isPartOf":{"@id":"https:\/\/neobrussels.com\/en\/#website"},"datePublished":"2020-08-08T13:34:02+00:00","dateModified":"2020-10-12T07:49:26+00:00","breadcrumb":{"@id":"https:\/\/neobrussels.com\/en\/for-the-public\/the-project\/mice\/#breadcrumb"},"inLanguage":"en-US","potentialAction":[{"@type":"ReadAction","target":["https:\/\/neobrussels.com\/en\/for-the-public\/the-project\/mice\/"]}]},{"@type":"BreadcrumbList","@id":"https:\/\/neobrussels.com\/en\/for-the-public\/the-project\/mice\/#breadcrumb","itemListElement":[{"@type":"ListItem","position":1,"name":"Accueil","item":"https:\/\/neobrussels.com\/en\/"},{"@type":"ListItem","position":2,"name":"For the public","item":"https:\/\/neobrussels.com\/en\/pour-le-public\/"},{"@type":"ListItem","position":3,"name":"The project","item":"https:\/\/neobrussels.com\/en\/pour-le-public\/le-projet\/"},{"@type":"ListItem","position":4,"name":"MICE"}]},{"@type":"WebSite","@id":"https:\/\/neobrussels.com\/en\/#website","url":"https:\/\/neobrussels.com\/en\/","name":"NEO Brussels","description":"D\u00e9veloppement et r\u00e9am\u00e9nagement du plateau du Heysel. Une nouvelle ambition pour Bruxelles.","publisher":{"@id":"https:\/\/neobrussels.com\/en\/#organization"},"potentialAction":[{"@type":"SearchAction","target":{"@type":"EntryPoint","urlTemplate":"https:\/\/neobrussels.com\/en\/?s={search_term_string}"},"query-input":{"@type":"PropertyValueSpecification","valueRequired":true,"valueName":"search_term_string"}}],"inLanguage":"en-US"},{"@type":"Organization","@id":"https:\/\/neobrussels.com\/en\/#organization","name":"NEO","url":"https:\/\/neobrussels.com\/en\/","logo":{"@type":"ImageObject","inLanguage":"en-US","@id":"https:\/\/neobrussels.com\/en\/#\/schema\/logo\/image\/","url":"https:\/\/neobrussels.com\/wp-content\/uploads\/2025\/01\/Sans-titre-2.png","contentUrl":"https:\/\/neobrussels.com\/wp-content\/uploads\/2025\/01\/Sans-titre-2.png","width":186,"height":228,"caption":"NEO"},"image":{"@id":"https:\/\/neobrussels.com\/en\/#\/schema\/logo\/image\/"},"sameAs":["https:\/\/www.linkedin.com\/company\/103968427\/admin\/dashboard\/"]}]}},"_links":{"self":[{"href":"https:\/\/neobrussels.com\/en\/wp-json\/wp\/v2\/pages\/635","targetHints":{"allow":["GET"]}}],"collection":[{"href":"https:\/\/neobrussels.com\/en\/wp-json\/wp\/v2\/pages"}],"about":[{"href":"https:\/\/neobrussels.com\/en\/wp-json\/wp\/v2\/types\/page"}],"author":[{"embeddable":true,"href":"https:\/\/neobrussels.com\/en\/wp-json\/wp\/v2\/users\/1"}],"replies":[{"embeddable":true,"href":"https:\/\/neobrussels.com\/en\/wp-json\/wp\/v2\/comments?post=635"}],"version-history":[{"count":4,"href":"https:\/\/neobrussels.com\/en\/wp-json\/wp\/v2\/pages\/635\/revisions"}],"predecessor-version":[{"id":1485,"href":"https:\/\/neobrussels.com\/en\/wp-json\/wp\/v2\/pages\/635\/revisions\/1485"}],"up":[{"embeddable":true,"href":"https:\/\/neobrussels.com\/en\/wp-json\/wp\/v2\/pages\/595"}],"wp:attachment":[{"href":"https:\/\/neobrussels.com\/en\/wp-json\/wp\/v2\/media?parent=635"}],"curies":[{"name":"wp","href":"https:\/\/api.w.org\/{rel}","templated":true}]}}