{"id":631,"date":"2020-07-31T09:56:12","date_gmt":"2020-07-31T07:56:12","guid":{"rendered":"http:\/\/localhost:8888\/neo\/presse\/"},"modified":"2024-05-16T18:47:21","modified_gmt":"2024-05-16T16:47:21","slug":"press","status":"publish","type":"page","link":"https:\/\/neobrussels.com\/en\/press\/","title":{"rendered":"Press"},"content":{"rendered":"\r\n<h2 class=\"wp-block-heading\">14 December 2022<\/h2>\r\n<p><a href=\"https:\/\/neobrussels.com\/wp-content\/uploads\/2024\/05\/221212_CP-Verregat.pdf\">Renovated Laeken Verregat Park festively inaugurated<\/a><\/p>\r\n<h2>6 January 2021<\/h2>\r\n\r\n\r\n\r\n<p><a href=\"https:\/\/neobrussels.com\/wp-content\/uploads\/2021\/01\/PRESS-RELEASE-Mini-Europe-FINAL-1.pdf\">Mini-Europe confirmed within the NEO-EUROPEA project<\/a><\/p>\r\n\r\n\r\n\r\n<h2 class=\"wp-block-heading\">16 October 2020<\/h2>\r\n\r\n\r\n\r\n<p><a href=\"https:\/\/neobrussels.com\/en\/la-ville-a-annonce-quen-raison-des-incertitudes-liees-a-la-crise-sanitaire-les-pouvoirs-publics-ont-du-se-resoudre-a-renoncer-au-marche-neo2\/\">The City announced that owing to uncertainties brought about by the health crisis, the public authorities have been forced to relinquish the NEO2 contract.<\/a><\/p>\r\n\r\n\r\n\r\n<h2 class=\"wp-block-heading\">July 2020<\/h2>\r\n\r\n\r\n\r\n<p><a href=\"https:\/\/neobrussels.com\/en\/july-2020-connecting-roadway-under-construction\/\">Connecting Roadway : Under Construction<\/a><\/p>\r\n\r\n\r\n\r\n<h2 class=\"wp-block-heading\">25 February 2020<\/h2>\r\n\r\n\r\n\r\n<p><a href=\"https:\/\/neobrussels.com\/en\/february-2020-granting-of-permit-for-the-parc-des-sports\/\">Granting of permit for the Parc des Sports<\/a><\/p>\r\n\r\n\r\n\r\n<h2 class=\"wp-block-heading\">30 April 2017<\/h2>\r\n\r\n\r\n\r\n<p><a href=\"https:\/\/neobrussels.com\/en\/april-2017-heysel-will-become-the-countrys-largest-public-transport-hub\/\">Heysel will become the country\u2019s largest public transport hub<\/a><\/p>\r\n\r\n\r\n\r\n<h2 class=\"wp-block-heading\">7 May 2012<\/h2>\r\n\r\n\r\n\r\n<p><a href=\"https:\/\/neobrussels.com\/wp-content\/uploads\/2020\/10\/neo-press-07052012-en.pdf\" target=\"_blank\" rel=\"noreferrer noopener\" data-type=\"URL\" data-id=\"https:\/\/neobrussels.com\/wp-content\/uploads\/2020\/10\/neo-press-07052012-en.pdf\">The City of Brussels and the Region of Brussels Capital launch the second phase of the NEO project<\/a><\/p>\r\n\r\n\r\n\r\n<h2 class=\"wp-block-heading\">23 June 2011<\/h2>\r\n\r\n\r\n\r\n<p><a href=\"https:\/\/neobrussels.com\/wp-content\/uploads\/2020\/10\/neo-press-23062011-en.pdf\" target=\"_blank\" rel=\"noreferrer noopener\" data-type=\"URL\" data-id=\"https:\/\/neobrussels.com\/wp-content\/uploads\/2020\/10\/neo-press-23062011-en.pdf\">The Heyzel plateau : a strategic hub in the international development of Brussels.<\/a><\/p>\r\n\r\n\r\n\r\n<h2 class=\"wp-block-heading\">28\u00a0September 2010<\/h2>\r\n\r\n\r\n\r\n<p><a href=\"https:\/\/neobrussels.com\/wp-content\/uploads\/2020\/10\/neo-press-28092010-fr.pdf\" target=\"_blank\" rel=\"noreferrer noopener\" data-type=\"URL\" data-id=\"https:\/\/neobrussels.com\/wp-content\/uploads\/2020\/10\/neo-press-28092010-fr.pdf\">R\u00e9urbanisation du p\u00f4le strat\u00e9gique nord de la Ville de Bruxelles. Concours de projets : d\u00e9signation de l\u2019Urbaniste en chef.<\/a>\u00a0(in French)<\/p>\r\n\r\n\r\n\r\n<p><a href=\"https:\/\/neobrussels.com\/wp-content\/uploads\/2020\/10\/neo-press-28092010-nl.pdf\" target=\"_blank\" rel=\"noreferrer noopener\" data-type=\"URL\" data-id=\"https:\/\/neobrussels.com\/wp-content\/uploads\/2020\/10\/neo-press-28092010-nl.pdf\">Heraanleg van de strategische pool Noord van de Stad Brussel. Prijsvraag voor ontwerpen : aanstelling van een hoofdstedenbouwkundige.<\/a>\u00a0(in Dutch)<\/p>\r\n\r\n\r\n\r\n<h2 class=\"wp-block-heading\">26 October 2009<\/h2>\r\n\r\n\r\n\r\n<p><a href=\"https:\/\/neobrussels.com\/wp-content\/uploads\/2020\/10\/neo-press-26102009-en.pdf\" target=\"_blank\" rel=\"noreferrer noopener\" data-type=\"URL\" data-id=\"https:\/\/neobrussels.com\/wp-content\/uploads\/2020\/10\/neo-press-26102009-en.pdf\">Neo, fresh Ambition for Brussels. Development and Regeneration of the Heysel Plateau. Competition : 8 architecture companies chosen.<\/a><\/p>\r\n","protected":false},"excerpt":{"rendered":"<p>14 December 2022 Renovated Laeken Verregat Park festively inaugurated 6 January 2021 Mini-Europe confirmed within the NEO-EUROPEA project 16 October 2020 The City announced that&#8230; <a class=\"more\" href=\"https:\/\/neobrussels.com\/en\/press\/\">Continue<\/a><\/p>\n","protected":false},"author":1,"featured_media":1761,"parent":0,"menu_order":0,"comment_status":"closed","ping_status":"closed","template":"","meta":{"_acf_changed":false,"footnotes":""},"class_list":["post-631","page","type-page","status-publish","has-post-thumbnail","hentry"],"acf":[],"yoast_head":"<!-- This site is optimized with the Yoast SEO plugin v24.2 - https:\/\/yoast.com\/wordpress\/plugins\/seo\/ -->\n<title>Press - NEO<\/title>\n<meta name=\"robots\" content=\"index, follow, max-snippet:-1, max-image-preview:large, max-video-preview:-1\" \/>\n<link rel=\"canonical\" href=\"https:\/\/neobrussels.com\/en\/press\/\" \/>\n<meta property=\"og:locale\" content=\"en_US\" \/>\n<meta property=\"og:type\" content=\"article\" \/>\n<meta property=\"og:title\" content=\"Press - NEO\" \/>\n<meta property=\"og:description\" content=\"14 December 2022 Renovated Laeken Verregat Park festively inaugurated 6 January 2021 Mini-Europe confirmed within the NEO-EUROPEA project 16 October 2020 The City announced that... Continue\" \/>\n<meta property=\"og:url\" content=\"https:\/\/neobrussels.com\/en\/press\/\" \/>\n<meta property=\"og:site_name\" content=\"NEO\" \/>\n<meta property=\"article:modified_time\" content=\"2024-05-16T16:47:21+00:00\" \/>\n<meta property=\"og:image\" content=\"https:\/\/neobrussels.com\/wp-content\/uploads\/2021\/01\/IMG-0114-scaled.jpg\" \/>\n\t<meta property=\"og:image:width\" content=\"2560\" \/>\n\t<meta property=\"og:image:height\" content=\"1709\" \/>\n\t<meta property=\"og:image:type\" content=\"image\/jpeg\" \/>\n<meta name=\"twitter:card\" content=\"summary_large_image\" \/>\n<meta name=\"twitter:label1\" content=\"Est. reading time\" \/>\n\t<meta name=\"twitter:data1\" content=\"1 minute\" \/>\n<script type=\"application\/ld+json\" class=\"yoast-schema-graph\">{\"@context\":\"https:\/\/schema.org\",\"@graph\":[{\"@type\":\"WebPage\",\"@id\":\"https:\/\/neobrussels.com\/en\/press\/\",\"url\":\"https:\/\/neobrussels.com\/en\/press\/\",\"name\":\"Press - NEO\",\"isPartOf\":{\"@id\":\"https:\/\/neobrussels.com\/en\/#website\"},\"primaryImageOfPage\":{\"@id\":\"https:\/\/neobrussels.com\/en\/press\/#primaryimage\"},\"image\":{\"@id\":\"https:\/\/neobrussels.com\/en\/press\/#primaryimage\"},\"thumbnailUrl\":\"https:\/\/neobrussels.com\/wp-content\/uploads\/2021\/01\/IMG-0114-scaled.jpg\",\"datePublished\":\"2020-07-31T07:56:12+00:00\",\"dateModified\":\"2024-05-16T16:47:21+00:00\",\"breadcrumb\":{\"@id\":\"https:\/\/neobrussels.com\/en\/press\/#breadcrumb\"},\"inLanguage\":\"en-US\",\"potentialAction\":[{\"@type\":\"ReadAction\",\"target\":[\"https:\/\/neobrussels.com\/en\/press\/\"]}]},{\"@type\":\"ImageObject\",\"inLanguage\":\"en-US\",\"@id\":\"https:\/\/neobrussels.com\/en\/press\/#primaryimage\",\"url\":\"https:\/\/neobrussels.com\/wp-content\/uploads\/2021\/01\/IMG-0114-scaled.jpg\",\"contentUrl\":\"https:\/\/neobrussels.com\/wp-content\/uploads\/2021\/01\/IMG-0114-scaled.jpg\",\"width\":2560,\"height\":1709},{\"@type\":\"BreadcrumbList\",\"@id\":\"https:\/\/neobrussels.com\/en\/press\/#breadcrumb\",\"itemListElement\":[{\"@type\":\"ListItem\",\"position\":1,\"name\":\"Accueil\",\"item\":\"https:\/\/neobrussels.com\/en\/\"},{\"@type\":\"ListItem\",\"position\":2,\"name\":\"Press\"}]},{\"@type\":\"WebSite\",\"@id\":\"https:\/\/neobrussels.com\/en\/#website\",\"url\":\"https:\/\/neobrussels.com\/en\/\",\"name\":\"NEO Brussels\",\"description\":\"D\u00e9veloppement et r\u00e9am\u00e9nagement du plateau du Heysel. Une nouvelle ambition pour Bruxelles.\",\"publisher\":{\"@id\":\"https:\/\/neobrussels.com\/en\/#organization\"},\"potentialAction\":[{\"@type\":\"SearchAction\",\"target\":{\"@type\":\"EntryPoint\",\"urlTemplate\":\"https:\/\/neobrussels.com\/en\/?s={search_term_string}\"},\"query-input\":{\"@type\":\"PropertyValueSpecification\",\"valueRequired\":true,\"valueName\":\"search_term_string\"}}],\"inLanguage\":\"en-US\"},{\"@type\":\"Organization\",\"@id\":\"https:\/\/neobrussels.com\/en\/#organization\",\"name\":\"NEO\",\"url\":\"https:\/\/neobrussels.com\/en\/\",\"logo\":{\"@type\":\"ImageObject\",\"inLanguage\":\"en-US\",\"@id\":\"https:\/\/neobrussels.com\/en\/#\/schema\/logo\/image\/\",\"url\":\"https:\/\/neobrussels.com\/wp-content\/uploads\/2025\/01\/Sans-titre-2.png\",\"contentUrl\":\"https:\/\/neobrussels.com\/wp-content\/uploads\/2025\/01\/Sans-titre-2.png\",\"width\":186,\"height\":228,\"caption\":\"NEO\"},\"image\":{\"@id\":\"https:\/\/neobrussels.com\/en\/#\/schema\/logo\/image\/\"},\"sameAs\":[\"https:\/\/www.linkedin.com\/company\/103968427\/admin\/dashboard\/\"]}]}<\/script>\n<!-- \/ Yoast SEO plugin. -->","yoast_head_json":{"title":"Press - NEO","robots":{"index":"index","follow":"follow","max-snippet":"max-snippet:-1","max-image-preview":"max-image-preview:large","max-video-preview":"max-video-preview:-1"},"canonical":"https:\/\/neobrussels.com\/en\/press\/","og_locale":"en_US","og_type":"article","og_title":"Press - NEO","og_description":"14 December 2022 Renovated Laeken Verregat Park festively inaugurated 6 January 2021 Mini-Europe confirmed within the NEO-EUROPEA project 16 October 2020 The City announced that... Continue","og_url":"https:\/\/neobrussels.com\/en\/press\/","og_site_name":"NEO","article_modified_time":"2024-05-16T16:47:21+00:00","og_image":[{"width":2560,"height":1709,"url":"https:\/\/neobrussels.com\/wp-content\/uploads\/2021\/01\/IMG-0114-scaled.jpg","type":"image\/jpeg"}],"twitter_card":"summary_large_image","twitter_misc":{"Est. reading time":"1 minute"},"schema":{"@context":"https:\/\/schema.org","@graph":[{"@type":"WebPage","@id":"https:\/\/neobrussels.com\/en\/press\/","url":"https:\/\/neobrussels.com\/en\/press\/","name":"Press - NEO","isPartOf":{"@id":"https:\/\/neobrussels.com\/en\/#website"},"primaryImageOfPage":{"@id":"https:\/\/neobrussels.com\/en\/press\/#primaryimage"},"image":{"@id":"https:\/\/neobrussels.com\/en\/press\/#primaryimage"},"thumbnailUrl":"https:\/\/neobrussels.com\/wp-content\/uploads\/2021\/01\/IMG-0114-scaled.jpg","datePublished":"2020-07-31T07:56:12+00:00","dateModified":"2024-05-16T16:47:21+00:00","breadcrumb":{"@id":"https:\/\/neobrussels.com\/en\/press\/#breadcrumb"},"inLanguage":"en-US","potentialAction":[{"@type":"ReadAction","target":["https:\/\/neobrussels.com\/en\/press\/"]}]},{"@type":"ImageObject","inLanguage":"en-US","@id":"https:\/\/neobrussels.com\/en\/press\/#primaryimage","url":"https:\/\/neobrussels.com\/wp-content\/uploads\/2021\/01\/IMG-0114-scaled.jpg","contentUrl":"https:\/\/neobrussels.com\/wp-content\/uploads\/2021\/01\/IMG-0114-scaled.jpg","width":2560,"height":1709},{"@type":"BreadcrumbList","@id":"https:\/\/neobrussels.com\/en\/press\/#breadcrumb","itemListElement":[{"@type":"ListItem","position":1,"name":"Accueil","item":"https:\/\/neobrussels.com\/en\/"},{"@type":"ListItem","position":2,"name":"Press"}]},{"@type":"WebSite","@id":"https:\/\/neobrussels.com\/en\/#website","url":"https:\/\/neobrussels.com\/en\/","name":"NEO Brussels","description":"D\u00e9veloppement et r\u00e9am\u00e9nagement du plateau du Heysel. Une nouvelle ambition pour Bruxelles.","publisher":{"@id":"https:\/\/neobrussels.com\/en\/#organization"},"potentialAction":[{"@type":"SearchAction","target":{"@type":"EntryPoint","urlTemplate":"https:\/\/neobrussels.com\/en\/?s={search_term_string}"},"query-input":{"@type":"PropertyValueSpecification","valueRequired":true,"valueName":"search_term_string"}}],"inLanguage":"en-US"},{"@type":"Organization","@id":"https:\/\/neobrussels.com\/en\/#organization","name":"NEO","url":"https:\/\/neobrussels.com\/en\/","logo":{"@type":"ImageObject","inLanguage":"en-US","@id":"https:\/\/neobrussels.com\/en\/#\/schema\/logo\/image\/","url":"https:\/\/neobrussels.com\/wp-content\/uploads\/2025\/01\/Sans-titre-2.png","contentUrl":"https:\/\/neobrussels.com\/wp-content\/uploads\/2025\/01\/Sans-titre-2.png","width":186,"height":228,"caption":"NEO"},"image":{"@id":"https:\/\/neobrussels.com\/en\/#\/schema\/logo\/image\/"},"sameAs":["https:\/\/www.linkedin.com\/company\/103968427\/admin\/dashboard\/"]}]}},"_links":{"self":[{"href":"https:\/\/neobrussels.com\/en\/wp-json\/wp\/v2\/pages\/631","targetHints":{"allow":["GET"]}}],"collection":[{"href":"https:\/\/neobrussels.com\/en\/wp-json\/wp\/v2\/pages"}],"about":[{"href":"https:\/\/neobrussels.com\/en\/wp-json\/wp\/v2\/types\/page"}],"author":[{"embeddable":true,"href":"https:\/\/neobrussels.com\/en\/wp-json\/wp\/v2\/users\/1"}],"replies":[{"embeddable":true,"href":"https:\/\/neobrussels.com\/en\/wp-json\/wp\/v2\/comments?post=631"}],"version-history":[{"count":16,"href":"https:\/\/neobrussels.com\/en\/wp-json\/wp\/v2\/pages\/631\/revisions"}],"predecessor-version":[{"id":2371,"href":"https:\/\/neobrussels.com\/en\/wp-json\/wp\/v2\/pages\/631\/revisions\/2371"}],"wp:featuredmedia":[{"embeddable":true,"href":"https:\/\/neobrussels.com\/en\/wp-json\/wp\/v2\/media\/1761"}],"wp:attachment":[{"href":"https:\/\/neobrussels.com\/en\/wp-json\/wp\/v2\/media?parent=631"}],"curies":[{"name":"wp","href":"https:\/\/api.w.org\/{rel}","templated":true}]}}