{"id":627,"date":"2020-07-31T09:49:05","date_gmt":"2020-07-31T07:49:05","guid":{"rendered":"http:\/\/localhost:8888\/neo\/pour-le-public\/un-peu-dhistoire\/"},"modified":"2020-10-12T09:59:04","modified_gmt":"2020-10-12T07:59:04","slug":"a-bit-of-history","status":"publish","type":"page","link":"https:\/\/neobrussels.com\/en\/for-the-public\/a-bit-of-history\/","title":{"rendered":"A bit of history"},"content":{"rendered":"\n<p><strong>End of 19<sup>th<\/sup> century<\/strong>: Leopold II decides to urbanize the Heysel plain composed of vast agricultural areas. He built up a vast estate of nearly 200 hectares through a policy of acquisitions and expropriations.&nbsp;<\/p>\n\n\n\n<p><strong>1926:<\/strong>&nbsp;In search of land on which to hold the festivities of the centennial of Belgian independence, the City of Brussels buys the Heysel Plateau from the royal family. The city had already planned to build a new exhibition complex of national and international dimensions, as the Parc du Cinquantenaire was considered too small.&nbsp;<\/p>\n\n\n\n<p><strong>1930:<\/strong>&nbsp;Construction of the 70,000 seat Stade du Centenaire [Centennial Stadium] (today Stade Roi Baudouin).&nbsp;<\/p>\n\n\n\n<p><strong>1935:<\/strong>&nbsp;Five halls are designed by the architect Joseph Van Neck for the Universal Exhibition. Fairs and exhibitions proliferate.&nbsp;<\/p>\n\n\n\n<p><strong>1958:<\/strong>&nbsp;The crisis of the 1930s and World War II made it impossible to divide Heysel into plots. The 1958 universal exhibition can thus occupy these grounds and avail itself of the existing infrastructure and facilities. Against a backdrop of an increase in the number of cars, the road network is recast. The Brussels Ring Road starts being built in the area close to the fairgrounds so as to channel traffic towards Expo 58. The general plan is now organized around the Atomium which is located in the centre of the site and ever so imposing for the entire site due to its sheer size. The exhibition centre was enlarged as a result.&nbsp;<\/p>\n\n\n\n<p><strong>1980s: <\/strong>The sporting and leisure dimensions are developed thanks to the presence of the Stade Roi Baudouin and the Brussels Expo Exhibition Halls s. <\/p>\n","protected":false},"excerpt":{"rendered":"<p>End of 19th century: Leopold II decides to urbanize the Heysel plain composed of vast agricultural areas. He built up a vast estate of nearly&#8230; <a class=\"more\" href=\"https:\/\/neobrussels.com\/en\/for-the-public\/a-bit-of-history\/\">Continue<\/a><\/p>\n","protected":false},"author":1,"featured_media":559,"parent":591,"menu_order":3,"comment_status":"closed","ping_status":"closed","template":"","meta":{"_acf_changed":false,"footnotes":""},"class_list":["post-627","page","type-page","status-publish","has-post-thumbnail","hentry"],"acf":[],"yoast_head":"<!-- This site is optimized with the Yoast SEO plugin v24.2 - https:\/\/yoast.com\/wordpress\/plugins\/seo\/ -->\n<title>A bit of history - NEO<\/title>\n<meta name=\"robots\" content=\"index, follow, max-snippet:-1, max-image-preview:large, max-video-preview:-1\" \/>\n<link rel=\"canonical\" href=\"https:\/\/neobrussels.com\/en\/for-the-public\/a-bit-of-history\/\" \/>\n<meta property=\"og:locale\" content=\"en_US\" \/>\n<meta property=\"og:type\" content=\"article\" \/>\n<meta property=\"og:title\" content=\"A bit of history - NEO\" \/>\n<meta property=\"og:description\" content=\"End of 19th century: Leopold II decides to urbanize the Heysel plain composed of vast agricultural areas. He built up a vast estate of nearly... Continue\" \/>\n<meta property=\"og:url\" content=\"https:\/\/neobrussels.com\/en\/for-the-public\/a-bit-of-history\/\" \/>\n<meta property=\"og:site_name\" content=\"NEO\" \/>\n<meta property=\"article:modified_time\" content=\"2020-10-12T07:59:04+00:00\" \/>\n<meta property=\"og:image\" content=\"https:\/\/neobrussels.com\/wp-content\/uploads\/2020\/08\/heysel.jpg\" \/>\n\t<meta property=\"og:image:width\" content=\"1500\" \/>\n\t<meta property=\"og:image:height\" content=\"900\" \/>\n\t<meta property=\"og:image:type\" content=\"image\/jpeg\" \/>\n<meta name=\"twitter:card\" content=\"summary_large_image\" \/>\n<meta name=\"twitter:label1\" content=\"Est. reading time\" \/>\n\t<meta name=\"twitter:data1\" content=\"1 minute\" \/>\n<script type=\"application\/ld+json\" class=\"yoast-schema-graph\">{\"@context\":\"https:\/\/schema.org\",\"@graph\":[{\"@type\":\"WebPage\",\"@id\":\"https:\/\/neobrussels.com\/en\/for-the-public\/a-bit-of-history\/\",\"url\":\"https:\/\/neobrussels.com\/en\/for-the-public\/a-bit-of-history\/\",\"name\":\"A bit of history - NEO\",\"isPartOf\":{\"@id\":\"https:\/\/neobrussels.com\/en\/#website\"},\"primaryImageOfPage\":{\"@id\":\"https:\/\/neobrussels.com\/en\/for-the-public\/a-bit-of-history\/#primaryimage\"},\"image\":{\"@id\":\"https:\/\/neobrussels.com\/en\/for-the-public\/a-bit-of-history\/#primaryimage\"},\"thumbnailUrl\":\"https:\/\/neobrussels.com\/wp-content\/uploads\/2020\/08\/heysel.jpg\",\"datePublished\":\"2020-07-31T07:49:05+00:00\",\"dateModified\":\"2020-10-12T07:59:04+00:00\",\"breadcrumb\":{\"@id\":\"https:\/\/neobrussels.com\/en\/for-the-public\/a-bit-of-history\/#breadcrumb\"},\"inLanguage\":\"en-US\",\"potentialAction\":[{\"@type\":\"ReadAction\",\"target\":[\"https:\/\/neobrussels.com\/en\/for-the-public\/a-bit-of-history\/\"]}]},{\"@type\":\"ImageObject\",\"inLanguage\":\"en-US\",\"@id\":\"https:\/\/neobrussels.com\/en\/for-the-public\/a-bit-of-history\/#primaryimage\",\"url\":\"https:\/\/neobrussels.com\/wp-content\/uploads\/2020\/08\/heysel.jpg\",\"contentUrl\":\"https:\/\/neobrussels.com\/wp-content\/uploads\/2020\/08\/heysel.jpg\",\"width\":1500,\"height\":900},{\"@type\":\"BreadcrumbList\",\"@id\":\"https:\/\/neobrussels.com\/en\/for-the-public\/a-bit-of-history\/#breadcrumb\",\"itemListElement\":[{\"@type\":\"ListItem\",\"position\":1,\"name\":\"Accueil\",\"item\":\"https:\/\/neobrussels.com\/en\/\"},{\"@type\":\"ListItem\",\"position\":2,\"name\":\"For the public\",\"item\":\"https:\/\/neobrussels.com\/en\/pour-le-public\/\"},{\"@type\":\"ListItem\",\"position\":3,\"name\":\"A bit of history\"}]},{\"@type\":\"WebSite\",\"@id\":\"https:\/\/neobrussels.com\/en\/#website\",\"url\":\"https:\/\/neobrussels.com\/en\/\",\"name\":\"NEO Brussels\",\"description\":\"D\u00e9veloppement et r\u00e9am\u00e9nagement du plateau du Heysel. Une nouvelle ambition pour Bruxelles.\",\"publisher\":{\"@id\":\"https:\/\/neobrussels.com\/en\/#organization\"},\"potentialAction\":[{\"@type\":\"SearchAction\",\"target\":{\"@type\":\"EntryPoint\",\"urlTemplate\":\"https:\/\/neobrussels.com\/en\/?s={search_term_string}\"},\"query-input\":{\"@type\":\"PropertyValueSpecification\",\"valueRequired\":true,\"valueName\":\"search_term_string\"}}],\"inLanguage\":\"en-US\"},{\"@type\":\"Organization\",\"@id\":\"https:\/\/neobrussels.com\/en\/#organization\",\"name\":\"NEO\",\"url\":\"https:\/\/neobrussels.com\/en\/\",\"logo\":{\"@type\":\"ImageObject\",\"inLanguage\":\"en-US\",\"@id\":\"https:\/\/neobrussels.com\/en\/#\/schema\/logo\/image\/\",\"url\":\"https:\/\/neobrussels.com\/wp-content\/uploads\/2025\/01\/Sans-titre-2.png\",\"contentUrl\":\"https:\/\/neobrussels.com\/wp-content\/uploads\/2025\/01\/Sans-titre-2.png\",\"width\":186,\"height\":228,\"caption\":\"NEO\"},\"image\":{\"@id\":\"https:\/\/neobrussels.com\/en\/#\/schema\/logo\/image\/\"},\"sameAs\":[\"https:\/\/www.linkedin.com\/company\/103968427\/admin\/dashboard\/\"]}]}<\/script>\n<!-- \/ Yoast SEO plugin. -->","yoast_head_json":{"title":"A bit of history - NEO","robots":{"index":"index","follow":"follow","max-snippet":"max-snippet:-1","max-image-preview":"max-image-preview:large","max-video-preview":"max-video-preview:-1"},"canonical":"https:\/\/neobrussels.com\/en\/for-the-public\/a-bit-of-history\/","og_locale":"en_US","og_type":"article","og_title":"A bit of history - NEO","og_description":"End of 19th century: Leopold II decides to urbanize the Heysel plain composed of vast agricultural areas. He built up a vast estate of nearly... Continue","og_url":"https:\/\/neobrussels.com\/en\/for-the-public\/a-bit-of-history\/","og_site_name":"NEO","article_modified_time":"2020-10-12T07:59:04+00:00","og_image":[{"width":1500,"height":900,"url":"https:\/\/neobrussels.com\/wp-content\/uploads\/2020\/08\/heysel.jpg","type":"image\/jpeg"}],"twitter_card":"summary_large_image","twitter_misc":{"Est. reading time":"1 minute"},"schema":{"@context":"https:\/\/schema.org","@graph":[{"@type":"WebPage","@id":"https:\/\/neobrussels.com\/en\/for-the-public\/a-bit-of-history\/","url":"https:\/\/neobrussels.com\/en\/for-the-public\/a-bit-of-history\/","name":"A bit of history - NEO","isPartOf":{"@id":"https:\/\/neobrussels.com\/en\/#website"},"primaryImageOfPage":{"@id":"https:\/\/neobrussels.com\/en\/for-the-public\/a-bit-of-history\/#primaryimage"},"image":{"@id":"https:\/\/neobrussels.com\/en\/for-the-public\/a-bit-of-history\/#primaryimage"},"thumbnailUrl":"https:\/\/neobrussels.com\/wp-content\/uploads\/2020\/08\/heysel.jpg","datePublished":"2020-07-31T07:49:05+00:00","dateModified":"2020-10-12T07:59:04+00:00","breadcrumb":{"@id":"https:\/\/neobrussels.com\/en\/for-the-public\/a-bit-of-history\/#breadcrumb"},"inLanguage":"en-US","potentialAction":[{"@type":"ReadAction","target":["https:\/\/neobrussels.com\/en\/for-the-public\/a-bit-of-history\/"]}]},{"@type":"ImageObject","inLanguage":"en-US","@id":"https:\/\/neobrussels.com\/en\/for-the-public\/a-bit-of-history\/#primaryimage","url":"https:\/\/neobrussels.com\/wp-content\/uploads\/2020\/08\/heysel.jpg","contentUrl":"https:\/\/neobrussels.com\/wp-content\/uploads\/2020\/08\/heysel.jpg","width":1500,"height":900},{"@type":"BreadcrumbList","@id":"https:\/\/neobrussels.com\/en\/for-the-public\/a-bit-of-history\/#breadcrumb","itemListElement":[{"@type":"ListItem","position":1,"name":"Accueil","item":"https:\/\/neobrussels.com\/en\/"},{"@type":"ListItem","position":2,"name":"For the public","item":"https:\/\/neobrussels.com\/en\/pour-le-public\/"},{"@type":"ListItem","position":3,"name":"A bit of history"}]},{"@type":"WebSite","@id":"https:\/\/neobrussels.com\/en\/#website","url":"https:\/\/neobrussels.com\/en\/","name":"NEO Brussels","description":"D\u00e9veloppement et r\u00e9am\u00e9nagement du plateau du Heysel. Une nouvelle ambition pour Bruxelles.","publisher":{"@id":"https:\/\/neobrussels.com\/en\/#organization"},"potentialAction":[{"@type":"SearchAction","target":{"@type":"EntryPoint","urlTemplate":"https:\/\/neobrussels.com\/en\/?s={search_term_string}"},"query-input":{"@type":"PropertyValueSpecification","valueRequired":true,"valueName":"search_term_string"}}],"inLanguage":"en-US"},{"@type":"Organization","@id":"https:\/\/neobrussels.com\/en\/#organization","name":"NEO","url":"https:\/\/neobrussels.com\/en\/","logo":{"@type":"ImageObject","inLanguage":"en-US","@id":"https:\/\/neobrussels.com\/en\/#\/schema\/logo\/image\/","url":"https:\/\/neobrussels.com\/wp-content\/uploads\/2025\/01\/Sans-titre-2.png","contentUrl":"https:\/\/neobrussels.com\/wp-content\/uploads\/2025\/01\/Sans-titre-2.png","width":186,"height":228,"caption":"NEO"},"image":{"@id":"https:\/\/neobrussels.com\/en\/#\/schema\/logo\/image\/"},"sameAs":["https:\/\/www.linkedin.com\/company\/103968427\/admin\/dashboard\/"]}]}},"_links":{"self":[{"href":"https:\/\/neobrussels.com\/en\/wp-json\/wp\/v2\/pages\/627","targetHints":{"allow":["GET"]}}],"collection":[{"href":"https:\/\/neobrussels.com\/en\/wp-json\/wp\/v2\/pages"}],"about":[{"href":"https:\/\/neobrussels.com\/en\/wp-json\/wp\/v2\/types\/page"}],"author":[{"embeddable":true,"href":"https:\/\/neobrussels.com\/en\/wp-json\/wp\/v2\/users\/1"}],"replies":[{"embeddable":true,"href":"https:\/\/neobrussels.com\/en\/wp-json\/wp\/v2\/comments?post=627"}],"version-history":[{"count":4,"href":"https:\/\/neobrussels.com\/en\/wp-json\/wp\/v2\/pages\/627\/revisions"}],"predecessor-version":[{"id":1489,"href":"https:\/\/neobrussels.com\/en\/wp-json\/wp\/v2\/pages\/627\/revisions\/1489"}],"up":[{"embeddable":true,"href":"https:\/\/neobrussels.com\/en\/wp-json\/wp\/v2\/pages\/591"}],"wp:featuredmedia":[{"embeddable":true,"href":"https:\/\/neobrussels.com\/en\/wp-json\/wp\/v2\/media\/559"}],"wp:attachment":[{"href":"https:\/\/neobrussels.com\/en\/wp-json\/wp\/v2\/media?parent=627"}],"curies":[{"name":"wp","href":"https:\/\/api.w.org\/{rel}","templated":true}]}}