{"id":623,"date":"2020-07-31T09:48:42","date_gmt":"2020-07-31T07:48:42","guid":{"rendered":"http:\/\/localhost:8888\/neo\/pour-le-public\/developpement-durable\/"},"modified":"2020-10-12T09:56:39","modified_gmt":"2020-10-12T07:56:39","slug":"sustainable-development","status":"publish","type":"page","link":"https:\/\/neobrussels.com\/en\/for-the-public\/sustainable-development\/","title":{"rendered":"Sustainable development"},"content":{"rendered":"\n<h2 class=\"wp-block-heading\">The project includes a strong strategy for sustainable development in mobility, energy and water.<\/h2>\n\n\n\n<p>It aims to be exemplary in terms of architecture and sustainable development in all areas. The most modern techniques will be systematically prioritized.<\/p>\n\n\n\n<ul class=\"wp-block-list\"><li>New constructions that meet the latest low-emission standards, designed to help extend their lifecycle.\u00a0<\/li><li>Economical use of energy, materials and water and their reuse.\u00a0<\/li><li>Permeability of the entire site thanks to hydro-absorbent surfaces.\u00a0<\/li><li>Layout of the Plateau to promote soft mobility links on the site.\u00a0<\/li><li>Exemplary Shopping District, used as a reference of best practices on the matter.\u00a0<\/li><li>Local generation of 20% of energy needs. <\/li><li>Rainwater collection and recycling. <\/li><li>Creation of ecological links to promote the movement of species between green spaces.\u00a0<\/li><li>Integration of the sports infrastructure into a new park layout. <\/li><li>Protection of large trees. <\/li><\/ul>\n","protected":false},"excerpt":{"rendered":"<p>The project includes a strong strategy for sustainable development in mobility, energy and water. It aims to be exemplary in terms of architecture and sustainable&#8230; <a class=\"more\" href=\"https:\/\/neobrussels.com\/en\/for-the-public\/sustainable-development\/\">Continue<\/a><\/p>\n","protected":false},"author":1,"featured_media":505,"parent":591,"menu_order":2,"comment_status":"closed","ping_status":"closed","template":"","meta":{"_acf_changed":false,"footnotes":""},"class_list":["post-623","page","type-page","status-publish","has-post-thumbnail","hentry"],"acf":[],"yoast_head":"<!-- This site is optimized with the Yoast SEO plugin v24.2 - https:\/\/yoast.com\/wordpress\/plugins\/seo\/ -->\n<title>Sustainable development - NEO<\/title>\n<meta name=\"robots\" content=\"index, follow, max-snippet:-1, max-image-preview:large, max-video-preview:-1\" \/>\n<link rel=\"canonical\" href=\"https:\/\/neobrussels.com\/en\/for-the-public\/sustainable-development\/\" \/>\n<meta property=\"og:locale\" content=\"en_US\" \/>\n<meta property=\"og:type\" content=\"article\" \/>\n<meta property=\"og:title\" content=\"Sustainable development - NEO\" \/>\n<meta property=\"og:description\" content=\"The project includes a strong strategy for sustainable development in mobility, energy and water. It aims to be exemplary in terms of architecture and sustainable... Continue\" \/>\n<meta property=\"og:url\" content=\"https:\/\/neobrussels.com\/en\/for-the-public\/sustainable-development\/\" \/>\n<meta property=\"og:site_name\" content=\"NEO\" \/>\n<meta property=\"article:modified_time\" content=\"2020-10-12T07:56:39+00:00\" \/>\n<meta property=\"og:image\" content=\"https:\/\/neobrussels.com\/wp-content\/uploads\/2020\/08\/home-2.jpg\" \/>\n\t<meta property=\"og:image:width\" content=\"1500\" \/>\n\t<meta property=\"og:image:height\" content=\"859\" \/>\n\t<meta property=\"og:image:type\" content=\"image\/jpeg\" \/>\n<meta name=\"twitter:card\" content=\"summary_large_image\" \/>\n<meta name=\"twitter:label1\" content=\"Est. reading time\" \/>\n\t<meta name=\"twitter:data1\" content=\"1 minute\" \/>\n<script type=\"application\/ld+json\" class=\"yoast-schema-graph\">{\"@context\":\"https:\/\/schema.org\",\"@graph\":[{\"@type\":\"WebPage\",\"@id\":\"https:\/\/neobrussels.com\/en\/for-the-public\/sustainable-development\/\",\"url\":\"https:\/\/neobrussels.com\/en\/for-the-public\/sustainable-development\/\",\"name\":\"Sustainable development - NEO\",\"isPartOf\":{\"@id\":\"https:\/\/neobrussels.com\/en\/#website\"},\"primaryImageOfPage\":{\"@id\":\"https:\/\/neobrussels.com\/en\/for-the-public\/sustainable-development\/#primaryimage\"},\"image\":{\"@id\":\"https:\/\/neobrussels.com\/en\/for-the-public\/sustainable-development\/#primaryimage\"},\"thumbnailUrl\":\"https:\/\/neobrussels.com\/wp-content\/uploads\/2020\/08\/home-2.jpg\",\"datePublished\":\"2020-07-31T07:48:42+00:00\",\"dateModified\":\"2020-10-12T07:56:39+00:00\",\"breadcrumb\":{\"@id\":\"https:\/\/neobrussels.com\/en\/for-the-public\/sustainable-development\/#breadcrumb\"},\"inLanguage\":\"en-US\",\"potentialAction\":[{\"@type\":\"ReadAction\",\"target\":[\"https:\/\/neobrussels.com\/en\/for-the-public\/sustainable-development\/\"]}]},{\"@type\":\"ImageObject\",\"inLanguage\":\"en-US\",\"@id\":\"https:\/\/neobrussels.com\/en\/for-the-public\/sustainable-development\/#primaryimage\",\"url\":\"https:\/\/neobrussels.com\/wp-content\/uploads\/2020\/08\/home-2.jpg\",\"contentUrl\":\"https:\/\/neobrussels.com\/wp-content\/uploads\/2020\/08\/home-2.jpg\",\"width\":1500,\"height\":859},{\"@type\":\"BreadcrumbList\",\"@id\":\"https:\/\/neobrussels.com\/en\/for-the-public\/sustainable-development\/#breadcrumb\",\"itemListElement\":[{\"@type\":\"ListItem\",\"position\":1,\"name\":\"Accueil\",\"item\":\"https:\/\/neobrussels.com\/en\/\"},{\"@type\":\"ListItem\",\"position\":2,\"name\":\"For the public\",\"item\":\"https:\/\/neobrussels.com\/en\/pour-le-public\/\"},{\"@type\":\"ListItem\",\"position\":3,\"name\":\"Sustainable development\"}]},{\"@type\":\"WebSite\",\"@id\":\"https:\/\/neobrussels.com\/en\/#website\",\"url\":\"https:\/\/neobrussels.com\/en\/\",\"name\":\"NEO Brussels\",\"description\":\"D\u00e9veloppement et r\u00e9am\u00e9nagement du plateau du Heysel. Une nouvelle ambition pour Bruxelles.\",\"publisher\":{\"@id\":\"https:\/\/neobrussels.com\/en\/#organization\"},\"potentialAction\":[{\"@type\":\"SearchAction\",\"target\":{\"@type\":\"EntryPoint\",\"urlTemplate\":\"https:\/\/neobrussels.com\/en\/?s={search_term_string}\"},\"query-input\":{\"@type\":\"PropertyValueSpecification\",\"valueRequired\":true,\"valueName\":\"search_term_string\"}}],\"inLanguage\":\"en-US\"},{\"@type\":\"Organization\",\"@id\":\"https:\/\/neobrussels.com\/en\/#organization\",\"name\":\"NEO\",\"url\":\"https:\/\/neobrussels.com\/en\/\",\"logo\":{\"@type\":\"ImageObject\",\"inLanguage\":\"en-US\",\"@id\":\"https:\/\/neobrussels.com\/en\/#\/schema\/logo\/image\/\",\"url\":\"https:\/\/neobrussels.com\/wp-content\/uploads\/2025\/01\/Sans-titre-2.png\",\"contentUrl\":\"https:\/\/neobrussels.com\/wp-content\/uploads\/2025\/01\/Sans-titre-2.png\",\"width\":186,\"height\":228,\"caption\":\"NEO\"},\"image\":{\"@id\":\"https:\/\/neobrussels.com\/en\/#\/schema\/logo\/image\/\"},\"sameAs\":[\"https:\/\/www.linkedin.com\/company\/103968427\/admin\/dashboard\/\"]}]}<\/script>\n<!-- \/ Yoast SEO plugin. -->","yoast_head_json":{"title":"Sustainable development - NEO","robots":{"index":"index","follow":"follow","max-snippet":"max-snippet:-1","max-image-preview":"max-image-preview:large","max-video-preview":"max-video-preview:-1"},"canonical":"https:\/\/neobrussels.com\/en\/for-the-public\/sustainable-development\/","og_locale":"en_US","og_type":"article","og_title":"Sustainable development - NEO","og_description":"The project includes a strong strategy for sustainable development in mobility, energy and water. It aims to be exemplary in terms of architecture and sustainable... Continue","og_url":"https:\/\/neobrussels.com\/en\/for-the-public\/sustainable-development\/","og_site_name":"NEO","article_modified_time":"2020-10-12T07:56:39+00:00","og_image":[{"width":1500,"height":859,"url":"https:\/\/neobrussels.com\/wp-content\/uploads\/2020\/08\/home-2.jpg","type":"image\/jpeg"}],"twitter_card":"summary_large_image","twitter_misc":{"Est. reading time":"1 minute"},"schema":{"@context":"https:\/\/schema.org","@graph":[{"@type":"WebPage","@id":"https:\/\/neobrussels.com\/en\/for-the-public\/sustainable-development\/","url":"https:\/\/neobrussels.com\/en\/for-the-public\/sustainable-development\/","name":"Sustainable development - NEO","isPartOf":{"@id":"https:\/\/neobrussels.com\/en\/#website"},"primaryImageOfPage":{"@id":"https:\/\/neobrussels.com\/en\/for-the-public\/sustainable-development\/#primaryimage"},"image":{"@id":"https:\/\/neobrussels.com\/en\/for-the-public\/sustainable-development\/#primaryimage"},"thumbnailUrl":"https:\/\/neobrussels.com\/wp-content\/uploads\/2020\/08\/home-2.jpg","datePublished":"2020-07-31T07:48:42+00:00","dateModified":"2020-10-12T07:56:39+00:00","breadcrumb":{"@id":"https:\/\/neobrussels.com\/en\/for-the-public\/sustainable-development\/#breadcrumb"},"inLanguage":"en-US","potentialAction":[{"@type":"ReadAction","target":["https:\/\/neobrussels.com\/en\/for-the-public\/sustainable-development\/"]}]},{"@type":"ImageObject","inLanguage":"en-US","@id":"https:\/\/neobrussels.com\/en\/for-the-public\/sustainable-development\/#primaryimage","url":"https:\/\/neobrussels.com\/wp-content\/uploads\/2020\/08\/home-2.jpg","contentUrl":"https:\/\/neobrussels.com\/wp-content\/uploads\/2020\/08\/home-2.jpg","width":1500,"height":859},{"@type":"BreadcrumbList","@id":"https:\/\/neobrussels.com\/en\/for-the-public\/sustainable-development\/#breadcrumb","itemListElement":[{"@type":"ListItem","position":1,"name":"Accueil","item":"https:\/\/neobrussels.com\/en\/"},{"@type":"ListItem","position":2,"name":"For the public","item":"https:\/\/neobrussels.com\/en\/pour-le-public\/"},{"@type":"ListItem","position":3,"name":"Sustainable development"}]},{"@type":"WebSite","@id":"https:\/\/neobrussels.com\/en\/#website","url":"https:\/\/neobrussels.com\/en\/","name":"NEO Brussels","description":"D\u00e9veloppement et r\u00e9am\u00e9nagement du plateau du Heysel. Une nouvelle ambition pour Bruxelles.","publisher":{"@id":"https:\/\/neobrussels.com\/en\/#organization"},"potentialAction":[{"@type":"SearchAction","target":{"@type":"EntryPoint","urlTemplate":"https:\/\/neobrussels.com\/en\/?s={search_term_string}"},"query-input":{"@type":"PropertyValueSpecification","valueRequired":true,"valueName":"search_term_string"}}],"inLanguage":"en-US"},{"@type":"Organization","@id":"https:\/\/neobrussels.com\/en\/#organization","name":"NEO","url":"https:\/\/neobrussels.com\/en\/","logo":{"@type":"ImageObject","inLanguage":"en-US","@id":"https:\/\/neobrussels.com\/en\/#\/schema\/logo\/image\/","url":"https:\/\/neobrussels.com\/wp-content\/uploads\/2025\/01\/Sans-titre-2.png","contentUrl":"https:\/\/neobrussels.com\/wp-content\/uploads\/2025\/01\/Sans-titre-2.png","width":186,"height":228,"caption":"NEO"},"image":{"@id":"https:\/\/neobrussels.com\/en\/#\/schema\/logo\/image\/"},"sameAs":["https:\/\/www.linkedin.com\/company\/103968427\/admin\/dashboard\/"]}]}},"_links":{"self":[{"href":"https:\/\/neobrussels.com\/en\/wp-json\/wp\/v2\/pages\/623","targetHints":{"allow":["GET"]}}],"collection":[{"href":"https:\/\/neobrussels.com\/en\/wp-json\/wp\/v2\/pages"}],"about":[{"href":"https:\/\/neobrussels.com\/en\/wp-json\/wp\/v2\/types\/page"}],"author":[{"embeddable":true,"href":"https:\/\/neobrussels.com\/en\/wp-json\/wp\/v2\/users\/1"}],"replies":[{"embeddable":true,"href":"https:\/\/neobrussels.com\/en\/wp-json\/wp\/v2\/comments?post=623"}],"version-history":[{"count":3,"href":"https:\/\/neobrussels.com\/en\/wp-json\/wp\/v2\/pages\/623\/revisions"}],"predecessor-version":[{"id":1488,"href":"https:\/\/neobrussels.com\/en\/wp-json\/wp\/v2\/pages\/623\/revisions\/1488"}],"up":[{"embeddable":true,"href":"https:\/\/neobrussels.com\/en\/wp-json\/wp\/v2\/pages\/591"}],"wp:featuredmedia":[{"embeddable":true,"href":"https:\/\/neobrussels.com\/en\/wp-json\/wp\/v2\/media\/505"}],"wp:attachment":[{"href":"https:\/\/neobrussels.com\/en\/wp-json\/wp\/v2\/media?parent=623"}],"curies":[{"name":"wp","href":"https:\/\/api.w.org\/{rel}","templated":true}]}}