{"id":606,"date":"2020-08-01T09:17:36","date_gmt":"2020-08-01T07:17:36","guid":{"rendered":"http:\/\/localhost:8888\/neo\/pour-le-public\/le-projet\/equipements-publics\/"},"modified":"2020-10-09T09:53:59","modified_gmt":"2020-10-09T07:53:59","slug":"public-facilities","status":"publish","type":"page","link":"https:\/\/neobrussels.com\/en\/for-the-public\/the-project\/public-facilities\/","title":{"rendered":"Public facilities"},"content":{"rendered":"\n<h2 class=\"wp-block-heading\">The redevelopment of the Heysel Plateau is to feature many public facilities.<\/h2>\n","protected":false},"excerpt":{"rendered":"<p>The redevelopment of the Heysel Plateau is to feature many public facilities.<\/p>\n","protected":false},"author":1,"featured_media":0,"parent":595,"menu_order":1,"comment_status":"closed","ping_status":"closed","template":"page-map.php","meta":{"_acf_changed":false,"footnotes":""},"class_list":["post-606","page","type-page","status-publish","hentry"],"acf":[],"yoast_head":"<!-- This site is optimized with the Yoast SEO plugin v24.2 - https:\/\/yoast.com\/wordpress\/plugins\/seo\/ -->\n<title>Public facilities - NEO<\/title>\n<meta name=\"robots\" content=\"index, follow, max-snippet:-1, max-image-preview:large, max-video-preview:-1\" \/>\n<link rel=\"canonical\" href=\"https:\/\/neobrussels.com\/en\/for-the-public\/the-project\/public-facilities\/\" \/>\n<meta property=\"og:locale\" content=\"en_US\" \/>\n<meta property=\"og:type\" content=\"article\" \/>\n<meta property=\"og:title\" content=\"Public facilities - NEO\" \/>\n<meta property=\"og:description\" content=\"The redevelopment of the Heysel Plateau is to feature many public facilities.\" \/>\n<meta property=\"og:url\" content=\"https:\/\/neobrussels.com\/en\/for-the-public\/the-project\/public-facilities\/\" \/>\n<meta property=\"og:site_name\" content=\"NEO\" \/>\n<meta property=\"article:modified_time\" content=\"2020-10-09T07:53:59+00:00\" \/>\n<meta name=\"twitter:card\" content=\"summary_large_image\" \/>\n<script type=\"application\/ld+json\" class=\"yoast-schema-graph\">{\"@context\":\"https:\/\/schema.org\",\"@graph\":[{\"@type\":\"WebPage\",\"@id\":\"https:\/\/neobrussels.com\/en\/for-the-public\/the-project\/public-facilities\/\",\"url\":\"https:\/\/neobrussels.com\/en\/for-the-public\/the-project\/public-facilities\/\",\"name\":\"Public facilities - NEO\",\"isPartOf\":{\"@id\":\"https:\/\/neobrussels.com\/en\/#website\"},\"datePublished\":\"2020-08-01T07:17:36+00:00\",\"dateModified\":\"2020-10-09T07:53:59+00:00\",\"breadcrumb\":{\"@id\":\"https:\/\/neobrussels.com\/en\/for-the-public\/the-project\/public-facilities\/#breadcrumb\"},\"inLanguage\":\"en-US\",\"potentialAction\":[{\"@type\":\"ReadAction\",\"target\":[\"https:\/\/neobrussels.com\/en\/for-the-public\/the-project\/public-facilities\/\"]}]},{\"@type\":\"BreadcrumbList\",\"@id\":\"https:\/\/neobrussels.com\/en\/for-the-public\/the-project\/public-facilities\/#breadcrumb\",\"itemListElement\":[{\"@type\":\"ListItem\",\"position\":1,\"name\":\"Accueil\",\"item\":\"https:\/\/neobrussels.com\/en\/\"},{\"@type\":\"ListItem\",\"position\":2,\"name\":\"For the public\",\"item\":\"https:\/\/neobrussels.com\/en\/pour-le-public\/\"},{\"@type\":\"ListItem\",\"position\":3,\"name\":\"The project\",\"item\":\"https:\/\/neobrussels.com\/en\/pour-le-public\/le-projet\/\"},{\"@type\":\"ListItem\",\"position\":4,\"name\":\"Public facilities\"}]},{\"@type\":\"WebSite\",\"@id\":\"https:\/\/neobrussels.com\/en\/#website\",\"url\":\"https:\/\/neobrussels.com\/en\/\",\"name\":\"NEO Brussels\",\"description\":\"D\u00e9veloppement et r\u00e9am\u00e9nagement du plateau du Heysel. Une nouvelle ambition pour Bruxelles.\",\"publisher\":{\"@id\":\"https:\/\/neobrussels.com\/en\/#organization\"},\"potentialAction\":[{\"@type\":\"SearchAction\",\"target\":{\"@type\":\"EntryPoint\",\"urlTemplate\":\"https:\/\/neobrussels.com\/en\/?s={search_term_string}\"},\"query-input\":{\"@type\":\"PropertyValueSpecification\",\"valueRequired\":true,\"valueName\":\"search_term_string\"}}],\"inLanguage\":\"en-US\"},{\"@type\":\"Organization\",\"@id\":\"https:\/\/neobrussels.com\/en\/#organization\",\"name\":\"NEO\",\"url\":\"https:\/\/neobrussels.com\/en\/\",\"logo\":{\"@type\":\"ImageObject\",\"inLanguage\":\"en-US\",\"@id\":\"https:\/\/neobrussels.com\/en\/#\/schema\/logo\/image\/\",\"url\":\"https:\/\/neobrussels.com\/wp-content\/uploads\/2025\/01\/Sans-titre-2.png\",\"contentUrl\":\"https:\/\/neobrussels.com\/wp-content\/uploads\/2025\/01\/Sans-titre-2.png\",\"width\":186,\"height\":228,\"caption\":\"NEO\"},\"image\":{\"@id\":\"https:\/\/neobrussels.com\/en\/#\/schema\/logo\/image\/\"},\"sameAs\":[\"https:\/\/www.linkedin.com\/company\/103968427\/admin\/dashboard\/\"]}]}<\/script>\n<!-- \/ Yoast SEO plugin. -->","yoast_head_json":{"title":"Public facilities - NEO","robots":{"index":"index","follow":"follow","max-snippet":"max-snippet:-1","max-image-preview":"max-image-preview:large","max-video-preview":"max-video-preview:-1"},"canonical":"https:\/\/neobrussels.com\/en\/for-the-public\/the-project\/public-facilities\/","og_locale":"en_US","og_type":"article","og_title":"Public facilities - NEO","og_description":"The redevelopment of the Heysel Plateau is to feature many public facilities.","og_url":"https:\/\/neobrussels.com\/en\/for-the-public\/the-project\/public-facilities\/","og_site_name":"NEO","article_modified_time":"2020-10-09T07:53:59+00:00","twitter_card":"summary_large_image","schema":{"@context":"https:\/\/schema.org","@graph":[{"@type":"WebPage","@id":"https:\/\/neobrussels.com\/en\/for-the-public\/the-project\/public-facilities\/","url":"https:\/\/neobrussels.com\/en\/for-the-public\/the-project\/public-facilities\/","name":"Public facilities - NEO","isPartOf":{"@id":"https:\/\/neobrussels.com\/en\/#website"},"datePublished":"2020-08-01T07:17:36+00:00","dateModified":"2020-10-09T07:53:59+00:00","breadcrumb":{"@id":"https:\/\/neobrussels.com\/en\/for-the-public\/the-project\/public-facilities\/#breadcrumb"},"inLanguage":"en-US","potentialAction":[{"@type":"ReadAction","target":["https:\/\/neobrussels.com\/en\/for-the-public\/the-project\/public-facilities\/"]}]},{"@type":"BreadcrumbList","@id":"https:\/\/neobrussels.com\/en\/for-the-public\/the-project\/public-facilities\/#breadcrumb","itemListElement":[{"@type":"ListItem","position":1,"name":"Accueil","item":"https:\/\/neobrussels.com\/en\/"},{"@type":"ListItem","position":2,"name":"For the public","item":"https:\/\/neobrussels.com\/en\/pour-le-public\/"},{"@type":"ListItem","position":3,"name":"The project","item":"https:\/\/neobrussels.com\/en\/pour-le-public\/le-projet\/"},{"@type":"ListItem","position":4,"name":"Public facilities"}]},{"@type":"WebSite","@id":"https:\/\/neobrussels.com\/en\/#website","url":"https:\/\/neobrussels.com\/en\/","name":"NEO Brussels","description":"D\u00e9veloppement et r\u00e9am\u00e9nagement du plateau du Heysel. Une nouvelle ambition pour Bruxelles.","publisher":{"@id":"https:\/\/neobrussels.com\/en\/#organization"},"potentialAction":[{"@type":"SearchAction","target":{"@type":"EntryPoint","urlTemplate":"https:\/\/neobrussels.com\/en\/?s={search_term_string}"},"query-input":{"@type":"PropertyValueSpecification","valueRequired":true,"valueName":"search_term_string"}}],"inLanguage":"en-US"},{"@type":"Organization","@id":"https:\/\/neobrussels.com\/en\/#organization","name":"NEO","url":"https:\/\/neobrussels.com\/en\/","logo":{"@type":"ImageObject","inLanguage":"en-US","@id":"https:\/\/neobrussels.com\/en\/#\/schema\/logo\/image\/","url":"https:\/\/neobrussels.com\/wp-content\/uploads\/2025\/01\/Sans-titre-2.png","contentUrl":"https:\/\/neobrussels.com\/wp-content\/uploads\/2025\/01\/Sans-titre-2.png","width":186,"height":228,"caption":"NEO"},"image":{"@id":"https:\/\/neobrussels.com\/en\/#\/schema\/logo\/image\/"},"sameAs":["https:\/\/www.linkedin.com\/company\/103968427\/admin\/dashboard\/"]}]}},"_links":{"self":[{"href":"https:\/\/neobrussels.com\/en\/wp-json\/wp\/v2\/pages\/606","targetHints":{"allow":["GET"]}}],"collection":[{"href":"https:\/\/neobrussels.com\/en\/wp-json\/wp\/v2\/pages"}],"about":[{"href":"https:\/\/neobrussels.com\/en\/wp-json\/wp\/v2\/types\/page"}],"author":[{"embeddable":true,"href":"https:\/\/neobrussels.com\/en\/wp-json\/wp\/v2\/users\/1"}],"replies":[{"embeddable":true,"href":"https:\/\/neobrussels.com\/en\/wp-json\/wp\/v2\/comments?post=606"}],"version-history":[{"count":5,"href":"https:\/\/neobrussels.com\/en\/wp-json\/wp\/v2\/pages\/606\/revisions"}],"predecessor-version":[{"id":1440,"href":"https:\/\/neobrussels.com\/en\/wp-json\/wp\/v2\/pages\/606\/revisions\/1440"}],"up":[{"embeddable":true,"href":"https:\/\/neobrussels.com\/en\/wp-json\/wp\/v2\/pages\/595"}],"wp:attachment":[{"href":"https:\/\/neobrussels.com\/en\/wp-json\/wp\/v2\/media?parent=606"}],"curies":[{"name":"wp","href":"https:\/\/api.w.org\/{rel}","templated":true}]}}