{"id":602,"date":"2020-08-08T15:31:05","date_gmt":"2020-08-08T13:31:05","guid":{"rendered":"http:\/\/localhost:8888\/neo\/pour-le-public\/le-projet\/mobilite\/"},"modified":"2024-05-16T18:32:15","modified_gmt":"2024-05-16T16:32:15","slug":"mobility","status":"publish","type":"page","link":"https:\/\/neobrussels.com\/en\/for-the-public\/the-project\/mobility\/","title":{"rendered":"Mobility"},"content":{"rendered":"\r\n<p>Already well served by public transport today (a metro line, 3 STIB [Brussels transport] tram lines as well as numerous STIB and De Lijn [Flanders transport] bus lines and road infrastructure (A12 and Ring Road), and close to the airport, NEO is improving the various access routes further. Work on the connecting roadway between car park C and the front of the Brussels Expo halls began in 2019 and is well under way. Soft mobility will be part of the picture in this new district.<\/p>\r\n","protected":false},"excerpt":{"rendered":"<p>Already well served by public transport today (a metro line, 3 STIB [Brussels transport] tram lines as well as numerous STIB and De Lijn [Flanders&#8230; <a class=\"more\" href=\"https:\/\/neobrussels.com\/en\/for-the-public\/the-project\/mobility\/\">Continue<\/a><\/p>\n","protected":false},"author":1,"featured_media":0,"parent":595,"menu_order":2,"comment_status":"closed","ping_status":"closed","template":"page-map.php","meta":{"_acf_changed":false,"footnotes":""},"class_list":["post-602","page","type-page","status-publish","hentry"],"acf":[],"yoast_head":"<!-- This site is optimized with the Yoast SEO plugin v24.2 - https:\/\/yoast.com\/wordpress\/plugins\/seo\/ -->\n<title>Mobility - NEO<\/title>\n<meta name=\"robots\" content=\"index, follow, max-snippet:-1, max-image-preview:large, max-video-preview:-1\" \/>\n<link rel=\"canonical\" href=\"https:\/\/neobrussels.com\/en\/for-the-public\/the-project\/mobility\/\" \/>\n<meta property=\"og:locale\" content=\"en_US\" \/>\n<meta property=\"og:type\" content=\"article\" \/>\n<meta property=\"og:title\" content=\"Mobility - NEO\" \/>\n<meta property=\"og:description\" content=\"Already well served by public transport today (a metro line, 3 STIB [Brussels transport] tram lines as well as numerous STIB and De Lijn [Flanders... Continue\" \/>\n<meta property=\"og:url\" content=\"https:\/\/neobrussels.com\/en\/for-the-public\/the-project\/mobility\/\" \/>\n<meta property=\"og:site_name\" content=\"NEO\" \/>\n<meta property=\"article:modified_time\" content=\"2024-05-16T16:32:15+00:00\" \/>\n<meta name=\"twitter:card\" content=\"summary_large_image\" \/>\n<script type=\"application\/ld+json\" class=\"yoast-schema-graph\">{\"@context\":\"https:\/\/schema.org\",\"@graph\":[{\"@type\":\"WebPage\",\"@id\":\"https:\/\/neobrussels.com\/en\/for-the-public\/the-project\/mobility\/\",\"url\":\"https:\/\/neobrussels.com\/en\/for-the-public\/the-project\/mobility\/\",\"name\":\"Mobility - NEO\",\"isPartOf\":{\"@id\":\"https:\/\/neobrussels.com\/en\/#website\"},\"datePublished\":\"2020-08-08T13:31:05+00:00\",\"dateModified\":\"2024-05-16T16:32:15+00:00\",\"breadcrumb\":{\"@id\":\"https:\/\/neobrussels.com\/en\/for-the-public\/the-project\/mobility\/#breadcrumb\"},\"inLanguage\":\"en-US\",\"potentialAction\":[{\"@type\":\"ReadAction\",\"target\":[\"https:\/\/neobrussels.com\/en\/for-the-public\/the-project\/mobility\/\"]}]},{\"@type\":\"BreadcrumbList\",\"@id\":\"https:\/\/neobrussels.com\/en\/for-the-public\/the-project\/mobility\/#breadcrumb\",\"itemListElement\":[{\"@type\":\"ListItem\",\"position\":1,\"name\":\"Accueil\",\"item\":\"https:\/\/neobrussels.com\/en\/\"},{\"@type\":\"ListItem\",\"position\":2,\"name\":\"For the public\",\"item\":\"https:\/\/neobrussels.com\/en\/pour-le-public\/\"},{\"@type\":\"ListItem\",\"position\":3,\"name\":\"The project\",\"item\":\"https:\/\/neobrussels.com\/en\/pour-le-public\/le-projet\/\"},{\"@type\":\"ListItem\",\"position\":4,\"name\":\"Mobility\"}]},{\"@type\":\"WebSite\",\"@id\":\"https:\/\/neobrussels.com\/en\/#website\",\"url\":\"https:\/\/neobrussels.com\/en\/\",\"name\":\"NEO Brussels\",\"description\":\"D\u00e9veloppement et r\u00e9am\u00e9nagement du plateau du Heysel. Une nouvelle ambition pour Bruxelles.\",\"publisher\":{\"@id\":\"https:\/\/neobrussels.com\/en\/#organization\"},\"potentialAction\":[{\"@type\":\"SearchAction\",\"target\":{\"@type\":\"EntryPoint\",\"urlTemplate\":\"https:\/\/neobrussels.com\/en\/?s={search_term_string}\"},\"query-input\":{\"@type\":\"PropertyValueSpecification\",\"valueRequired\":true,\"valueName\":\"search_term_string\"}}],\"inLanguage\":\"en-US\"},{\"@type\":\"Organization\",\"@id\":\"https:\/\/neobrussels.com\/en\/#organization\",\"name\":\"NEO\",\"url\":\"https:\/\/neobrussels.com\/en\/\",\"logo\":{\"@type\":\"ImageObject\",\"inLanguage\":\"en-US\",\"@id\":\"https:\/\/neobrussels.com\/en\/#\/schema\/logo\/image\/\",\"url\":\"https:\/\/neobrussels.com\/wp-content\/uploads\/2025\/01\/Sans-titre-2.png\",\"contentUrl\":\"https:\/\/neobrussels.com\/wp-content\/uploads\/2025\/01\/Sans-titre-2.png\",\"width\":186,\"height\":228,\"caption\":\"NEO\"},\"image\":{\"@id\":\"https:\/\/neobrussels.com\/en\/#\/schema\/logo\/image\/\"},\"sameAs\":[\"https:\/\/www.linkedin.com\/company\/103968427\/admin\/dashboard\/\"]}]}<\/script>\n<!-- \/ Yoast SEO plugin. -->","yoast_head_json":{"title":"Mobility - NEO","robots":{"index":"index","follow":"follow","max-snippet":"max-snippet:-1","max-image-preview":"max-image-preview:large","max-video-preview":"max-video-preview:-1"},"canonical":"https:\/\/neobrussels.com\/en\/for-the-public\/the-project\/mobility\/","og_locale":"en_US","og_type":"article","og_title":"Mobility - NEO","og_description":"Already well served by public transport today (a metro line, 3 STIB [Brussels transport] tram lines as well as numerous STIB and De Lijn [Flanders... Continue","og_url":"https:\/\/neobrussels.com\/en\/for-the-public\/the-project\/mobility\/","og_site_name":"NEO","article_modified_time":"2024-05-16T16:32:15+00:00","twitter_card":"summary_large_image","schema":{"@context":"https:\/\/schema.org","@graph":[{"@type":"WebPage","@id":"https:\/\/neobrussels.com\/en\/for-the-public\/the-project\/mobility\/","url":"https:\/\/neobrussels.com\/en\/for-the-public\/the-project\/mobility\/","name":"Mobility - NEO","isPartOf":{"@id":"https:\/\/neobrussels.com\/en\/#website"},"datePublished":"2020-08-08T13:31:05+00:00","dateModified":"2024-05-16T16:32:15+00:00","breadcrumb":{"@id":"https:\/\/neobrussels.com\/en\/for-the-public\/the-project\/mobility\/#breadcrumb"},"inLanguage":"en-US","potentialAction":[{"@type":"ReadAction","target":["https:\/\/neobrussels.com\/en\/for-the-public\/the-project\/mobility\/"]}]},{"@type":"BreadcrumbList","@id":"https:\/\/neobrussels.com\/en\/for-the-public\/the-project\/mobility\/#breadcrumb","itemListElement":[{"@type":"ListItem","position":1,"name":"Accueil","item":"https:\/\/neobrussels.com\/en\/"},{"@type":"ListItem","position":2,"name":"For the public","item":"https:\/\/neobrussels.com\/en\/pour-le-public\/"},{"@type":"ListItem","position":3,"name":"The project","item":"https:\/\/neobrussels.com\/en\/pour-le-public\/le-projet\/"},{"@type":"ListItem","position":4,"name":"Mobility"}]},{"@type":"WebSite","@id":"https:\/\/neobrussels.com\/en\/#website","url":"https:\/\/neobrussels.com\/en\/","name":"NEO Brussels","description":"D\u00e9veloppement et r\u00e9am\u00e9nagement du plateau du Heysel. Une nouvelle ambition pour Bruxelles.","publisher":{"@id":"https:\/\/neobrussels.com\/en\/#organization"},"potentialAction":[{"@type":"SearchAction","target":{"@type":"EntryPoint","urlTemplate":"https:\/\/neobrussels.com\/en\/?s={search_term_string}"},"query-input":{"@type":"PropertyValueSpecification","valueRequired":true,"valueName":"search_term_string"}}],"inLanguage":"en-US"},{"@type":"Organization","@id":"https:\/\/neobrussels.com\/en\/#organization","name":"NEO","url":"https:\/\/neobrussels.com\/en\/","logo":{"@type":"ImageObject","inLanguage":"en-US","@id":"https:\/\/neobrussels.com\/en\/#\/schema\/logo\/image\/","url":"https:\/\/neobrussels.com\/wp-content\/uploads\/2025\/01\/Sans-titre-2.png","contentUrl":"https:\/\/neobrussels.com\/wp-content\/uploads\/2025\/01\/Sans-titre-2.png","width":186,"height":228,"caption":"NEO"},"image":{"@id":"https:\/\/neobrussels.com\/en\/#\/schema\/logo\/image\/"},"sameAs":["https:\/\/www.linkedin.com\/company\/103968427\/admin\/dashboard\/"]}]}},"_links":{"self":[{"href":"https:\/\/neobrussels.com\/en\/wp-json\/wp\/v2\/pages\/602","targetHints":{"allow":["GET"]}}],"collection":[{"href":"https:\/\/neobrussels.com\/en\/wp-json\/wp\/v2\/pages"}],"about":[{"href":"https:\/\/neobrussels.com\/en\/wp-json\/wp\/v2\/types\/page"}],"author":[{"embeddable":true,"href":"https:\/\/neobrussels.com\/en\/wp-json\/wp\/v2\/users\/1"}],"replies":[{"embeddable":true,"href":"https:\/\/neobrussels.com\/en\/wp-json\/wp\/v2\/comments?post=602"}],"version-history":[{"count":7,"href":"https:\/\/neobrussels.com\/en\/wp-json\/wp\/v2\/pages\/602\/revisions"}],"predecessor-version":[{"id":2358,"href":"https:\/\/neobrussels.com\/en\/wp-json\/wp\/v2\/pages\/602\/revisions\/2358"}],"up":[{"embeddable":true,"href":"https:\/\/neobrussels.com\/en\/wp-json\/wp\/v2\/pages\/595"}],"wp:attachment":[{"href":"https:\/\/neobrussels.com\/en\/wp-json\/wp\/v2\/media?parent=602"}],"curies":[{"name":"wp","href":"https:\/\/api.w.org\/{rel}","templated":true}]}}