{"id":595,"date":"2020-07-31T09:48:05","date_gmt":"2020-07-31T07:48:05","guid":{"rendered":"http:\/\/localhost:8888\/neo\/pour-le-public\/le-projet\/"},"modified":"2020-10-09T09:29:53","modified_gmt":"2020-10-09T07:29:53","slug":"the-project","status":"publish","type":"page","link":"https:\/\/neobrussels.com\/en\/for-the-public\/the-project\/","title":{"rendered":"The project"},"content":{"rendered":"\n<h2 class=\"wp-block-heading\">Innovative and ambitious, NEO will change the face of the Heysel Plateau to create a new neighbourhood focused on the quality of life, economic dynamism and the international prestige of the capital.\u00a0<\/h2>\n\n\n\n<p>The programme will feature a mixed urban environment with (inter)national conventions, (inter)national events,\u00a0 environmentally friendly housing accessible to all, shopping, restaurants, recreation, green space and culture. Let&#8217;s find out all about it!<\/p>\n","protected":false},"excerpt":{"rendered":"<p>Innovative and ambitious, NEO will change the face of the Heysel Plateau to create a new neighbourhood focused on the quality of life, economic dynamism&#8230; <a class=\"more\" href=\"https:\/\/neobrussels.com\/en\/for-the-public\/the-project\/\">Continue<\/a><\/p>\n","protected":false},"author":1,"featured_media":545,"parent":591,"menu_order":0,"comment_status":"closed","ping_status":"closed","template":"","meta":{"_acf_changed":false,"footnotes":""},"class_list":["post-595","page","type-page","status-publish","has-post-thumbnail","hentry"],"acf":[],"yoast_head":"<!-- This site is optimized with the Yoast SEO plugin v24.2 - https:\/\/yoast.com\/wordpress\/plugins\/seo\/ -->\n<title>The project - NEO<\/title>\n<meta name=\"robots\" content=\"index, follow, max-snippet:-1, max-image-preview:large, max-video-preview:-1\" \/>\n<link rel=\"canonical\" href=\"https:\/\/neobrussels.com\/en\/for-the-public\/the-project\/\" \/>\n<meta property=\"og:locale\" content=\"en_US\" \/>\n<meta property=\"og:type\" content=\"article\" \/>\n<meta property=\"og:title\" content=\"The project - NEO\" \/>\n<meta property=\"og:description\" content=\"Innovative and ambitious, NEO will change the face of the Heysel Plateau to create a new neighbourhood focused on the quality of life, economic dynamism... Continue\" \/>\n<meta property=\"og:url\" content=\"https:\/\/neobrussels.com\/en\/for-the-public\/the-project\/\" \/>\n<meta property=\"og:site_name\" content=\"NEO\" \/>\n<meta property=\"article:modified_time\" content=\"2020-10-09T07:29:53+00:00\" \/>\n<meta property=\"og:image\" content=\"https:\/\/neobrussels.com\/wp-content\/uploads\/2020\/08\/View_of_the_residential_hill_urban_landscape_park_of_Europea.jpg\" \/>\n\t<meta property=\"og:image:width\" content=\"1500\" \/>\n\t<meta property=\"og:image:height\" content=\"910\" \/>\n\t<meta property=\"og:image:type\" content=\"image\/jpeg\" \/>\n<meta name=\"twitter:card\" content=\"summary_large_image\" \/>\n<script type=\"application\/ld+json\" class=\"yoast-schema-graph\">{\"@context\":\"https:\/\/schema.org\",\"@graph\":[{\"@type\":\"WebPage\",\"@id\":\"https:\/\/neobrussels.com\/en\/for-the-public\/the-project\/\",\"url\":\"https:\/\/neobrussels.com\/en\/for-the-public\/the-project\/\",\"name\":\"The project - NEO\",\"isPartOf\":{\"@id\":\"https:\/\/neobrussels.com\/en\/#website\"},\"primaryImageOfPage\":{\"@id\":\"https:\/\/neobrussels.com\/en\/for-the-public\/the-project\/#primaryimage\"},\"image\":{\"@id\":\"https:\/\/neobrussels.com\/en\/for-the-public\/the-project\/#primaryimage\"},\"thumbnailUrl\":\"https:\/\/neobrussels.com\/wp-content\/uploads\/2020\/08\/View_of_the_residential_hill_urban_landscape_park_of_Europea.jpg\",\"datePublished\":\"2020-07-31T07:48:05+00:00\",\"dateModified\":\"2020-10-09T07:29:53+00:00\",\"breadcrumb\":{\"@id\":\"https:\/\/neobrussels.com\/en\/for-the-public\/the-project\/#breadcrumb\"},\"inLanguage\":\"en-US\",\"potentialAction\":[{\"@type\":\"ReadAction\",\"target\":[\"https:\/\/neobrussels.com\/en\/for-the-public\/the-project\/\"]}]},{\"@type\":\"ImageObject\",\"inLanguage\":\"en-US\",\"@id\":\"https:\/\/neobrussels.com\/en\/for-the-public\/the-project\/#primaryimage\",\"url\":\"https:\/\/neobrussels.com\/wp-content\/uploads\/2020\/08\/View_of_the_residential_hill_urban_landscape_park_of_Europea.jpg\",\"contentUrl\":\"https:\/\/neobrussels.com\/wp-content\/uploads\/2020\/08\/View_of_the_residential_hill_urban_landscape_park_of_Europea.jpg\",\"width\":1500,\"height\":910},{\"@type\":\"BreadcrumbList\",\"@id\":\"https:\/\/neobrussels.com\/en\/for-the-public\/the-project\/#breadcrumb\",\"itemListElement\":[{\"@type\":\"ListItem\",\"position\":1,\"name\":\"Accueil\",\"item\":\"https:\/\/neobrussels.com\/en\/\"},{\"@type\":\"ListItem\",\"position\":2,\"name\":\"For the public\",\"item\":\"https:\/\/neobrussels.com\/en\/pour-le-public\/\"},{\"@type\":\"ListItem\",\"position\":3,\"name\":\"The project\"}]},{\"@type\":\"WebSite\",\"@id\":\"https:\/\/neobrussels.com\/en\/#website\",\"url\":\"https:\/\/neobrussels.com\/en\/\",\"name\":\"NEO Brussels\",\"description\":\"D\u00e9veloppement et r\u00e9am\u00e9nagement du plateau du Heysel. Une nouvelle ambition pour Bruxelles.\",\"publisher\":{\"@id\":\"https:\/\/neobrussels.com\/en\/#organization\"},\"potentialAction\":[{\"@type\":\"SearchAction\",\"target\":{\"@type\":\"EntryPoint\",\"urlTemplate\":\"https:\/\/neobrussels.com\/en\/?s={search_term_string}\"},\"query-input\":{\"@type\":\"PropertyValueSpecification\",\"valueRequired\":true,\"valueName\":\"search_term_string\"}}],\"inLanguage\":\"en-US\"},{\"@type\":\"Organization\",\"@id\":\"https:\/\/neobrussels.com\/en\/#organization\",\"name\":\"NEO\",\"url\":\"https:\/\/neobrussels.com\/en\/\",\"logo\":{\"@type\":\"ImageObject\",\"inLanguage\":\"en-US\",\"@id\":\"https:\/\/neobrussels.com\/en\/#\/schema\/logo\/image\/\",\"url\":\"https:\/\/neobrussels.com\/wp-content\/uploads\/2025\/01\/Sans-titre-2.png\",\"contentUrl\":\"https:\/\/neobrussels.com\/wp-content\/uploads\/2025\/01\/Sans-titre-2.png\",\"width\":186,\"height\":228,\"caption\":\"NEO\"},\"image\":{\"@id\":\"https:\/\/neobrussels.com\/en\/#\/schema\/logo\/image\/\"},\"sameAs\":[\"https:\/\/www.linkedin.com\/company\/103968427\/admin\/dashboard\/\"]}]}<\/script>\n<!-- \/ Yoast SEO plugin. -->","yoast_head_json":{"title":"The project - NEO","robots":{"index":"index","follow":"follow","max-snippet":"max-snippet:-1","max-image-preview":"max-image-preview:large","max-video-preview":"max-video-preview:-1"},"canonical":"https:\/\/neobrussels.com\/en\/for-the-public\/the-project\/","og_locale":"en_US","og_type":"article","og_title":"The project - NEO","og_description":"Innovative and ambitious, NEO will change the face of the Heysel Plateau to create a new neighbourhood focused on the quality of life, economic dynamism... Continue","og_url":"https:\/\/neobrussels.com\/en\/for-the-public\/the-project\/","og_site_name":"NEO","article_modified_time":"2020-10-09T07:29:53+00:00","og_image":[{"width":1500,"height":910,"url":"https:\/\/neobrussels.com\/wp-content\/uploads\/2020\/08\/View_of_the_residential_hill_urban_landscape_park_of_Europea.jpg","type":"image\/jpeg"}],"twitter_card":"summary_large_image","schema":{"@context":"https:\/\/schema.org","@graph":[{"@type":"WebPage","@id":"https:\/\/neobrussels.com\/en\/for-the-public\/the-project\/","url":"https:\/\/neobrussels.com\/en\/for-the-public\/the-project\/","name":"The project - NEO","isPartOf":{"@id":"https:\/\/neobrussels.com\/en\/#website"},"primaryImageOfPage":{"@id":"https:\/\/neobrussels.com\/en\/for-the-public\/the-project\/#primaryimage"},"image":{"@id":"https:\/\/neobrussels.com\/en\/for-the-public\/the-project\/#primaryimage"},"thumbnailUrl":"https:\/\/neobrussels.com\/wp-content\/uploads\/2020\/08\/View_of_the_residential_hill_urban_landscape_park_of_Europea.jpg","datePublished":"2020-07-31T07:48:05+00:00","dateModified":"2020-10-09T07:29:53+00:00","breadcrumb":{"@id":"https:\/\/neobrussels.com\/en\/for-the-public\/the-project\/#breadcrumb"},"inLanguage":"en-US","potentialAction":[{"@type":"ReadAction","target":["https:\/\/neobrussels.com\/en\/for-the-public\/the-project\/"]}]},{"@type":"ImageObject","inLanguage":"en-US","@id":"https:\/\/neobrussels.com\/en\/for-the-public\/the-project\/#primaryimage","url":"https:\/\/neobrussels.com\/wp-content\/uploads\/2020\/08\/View_of_the_residential_hill_urban_landscape_park_of_Europea.jpg","contentUrl":"https:\/\/neobrussels.com\/wp-content\/uploads\/2020\/08\/View_of_the_residential_hill_urban_landscape_park_of_Europea.jpg","width":1500,"height":910},{"@type":"BreadcrumbList","@id":"https:\/\/neobrussels.com\/en\/for-the-public\/the-project\/#breadcrumb","itemListElement":[{"@type":"ListItem","position":1,"name":"Accueil","item":"https:\/\/neobrussels.com\/en\/"},{"@type":"ListItem","position":2,"name":"For the public","item":"https:\/\/neobrussels.com\/en\/pour-le-public\/"},{"@type":"ListItem","position":3,"name":"The project"}]},{"@type":"WebSite","@id":"https:\/\/neobrussels.com\/en\/#website","url":"https:\/\/neobrussels.com\/en\/","name":"NEO Brussels","description":"D\u00e9veloppement et r\u00e9am\u00e9nagement du plateau du Heysel. Une nouvelle ambition pour Bruxelles.","publisher":{"@id":"https:\/\/neobrussels.com\/en\/#organization"},"potentialAction":[{"@type":"SearchAction","target":{"@type":"EntryPoint","urlTemplate":"https:\/\/neobrussels.com\/en\/?s={search_term_string}"},"query-input":{"@type":"PropertyValueSpecification","valueRequired":true,"valueName":"search_term_string"}}],"inLanguage":"en-US"},{"@type":"Organization","@id":"https:\/\/neobrussels.com\/en\/#organization","name":"NEO","url":"https:\/\/neobrussels.com\/en\/","logo":{"@type":"ImageObject","inLanguage":"en-US","@id":"https:\/\/neobrussels.com\/en\/#\/schema\/logo\/image\/","url":"https:\/\/neobrussels.com\/wp-content\/uploads\/2025\/01\/Sans-titre-2.png","contentUrl":"https:\/\/neobrussels.com\/wp-content\/uploads\/2025\/01\/Sans-titre-2.png","width":186,"height":228,"caption":"NEO"},"image":{"@id":"https:\/\/neobrussels.com\/en\/#\/schema\/logo\/image\/"},"sameAs":["https:\/\/www.linkedin.com\/company\/103968427\/admin\/dashboard\/"]}]}},"_links":{"self":[{"href":"https:\/\/neobrussels.com\/en\/wp-json\/wp\/v2\/pages\/595","targetHints":{"allow":["GET"]}}],"collection":[{"href":"https:\/\/neobrussels.com\/en\/wp-json\/wp\/v2\/pages"}],"about":[{"href":"https:\/\/neobrussels.com\/en\/wp-json\/wp\/v2\/types\/page"}],"author":[{"embeddable":true,"href":"https:\/\/neobrussels.com\/en\/wp-json\/wp\/v2\/users\/1"}],"replies":[{"embeddable":true,"href":"https:\/\/neobrussels.com\/en\/wp-json\/wp\/v2\/comments?post=595"}],"version-history":[{"count":3,"href":"https:\/\/neobrussels.com\/en\/wp-json\/wp\/v2\/pages\/595\/revisions"}],"predecessor-version":[{"id":1429,"href":"https:\/\/neobrussels.com\/en\/wp-json\/wp\/v2\/pages\/595\/revisions\/1429"}],"up":[{"embeddable":true,"href":"https:\/\/neobrussels.com\/en\/wp-json\/wp\/v2\/pages\/591"}],"wp:featuredmedia":[{"embeddable":true,"href":"https:\/\/neobrussels.com\/en\/wp-json\/wp\/v2\/media\/545"}],"wp:attachment":[{"href":"https:\/\/neobrussels.com\/en\/wp-json\/wp\/v2\/media?parent=595"}],"curies":[{"name":"wp","href":"https:\/\/api.w.org\/{rel}","templated":true}]}}