{"id":587,"date":"2020-07-31T09:56:27","date_gmt":"2020-07-31T07:56:27","guid":{"rendered":"http:\/\/localhost:8888\/neo\/gouvernance\/"},"modified":"2026-03-31T15:39:34","modified_gmt":"2026-03-31T13:39:34","slug":"governance","status":"publish","type":"page","link":"https:\/\/neobrussels.com\/en\/governance\/","title":{"rendered":"Transparence"},"content":{"rendered":"\r\n<h2 class=\"wp-block-heading\">Board of Directors<\/h2>\r\n\r\n\r\n\r\n<ul class=\"wp-block-list\">\r\n<li>Gaspard Roald AERDEN<\/li>\r\n<li>Anton HOUTHUYS<\/li>\r\n<li>Lieven BARO<\/li>\r\n<li>Rapha\u00ebl JEHOTTE<\/li>\r\n<li>Ischa LAMBRECHTS<\/li>\r\n<li>Eric MERCENIER<\/li>\r\n<li>Bernard RICHELLE<\/li>\r\n<li>Sofie BULLYNCK<\/li>\r\n<li>Philippe CLOSE<\/li>\r\n<li>Alexandre BARSTIJN<\/li>\r\n<li>Benjamin CADRANEL<\/li>\r\n<li>Gilles DELFORGE<\/li>\r\n<li>Frederic MASIL<\/li>\r\n<li>Vanessa ISSI<\/li>\r\n<\/ul>\r\n\r\n\r\n\r\n<h2 class=\"wp-block-heading\">Government commissioners<\/h2>\r\n\r\n\r\n\r\n<ul class=\"wp-block-list\">\r\n<li>D\u00e9borah GUSTIN\u00a0<\/li>\r\n<li>Daan FONCK<\/li>\r\n<\/ul>\r\n\r\n\r\n\r\n<h2 class=\"wp-block-heading\">2020<\/h2>\r\n\r\n\r\n\r\n<ul class=\"wp-block-list\">\r\n<li><a href=\"https:\/\/neobrussels.com\/wp-content\/uploads\/2021\/03\/NEO-SCRL-rapport-sur-la-transparence-2020.pdf\">Transparence<\/a><\/li>\r\n<li><a href=\"https:\/\/neobrussels.com\/wp-content\/uploads\/2021\/03\/Tableau-mandataires-NEO-pour-rapport-de-transparence-2020-II.pdf\">Table of mandataries<\/a><\/li>\r\n<li><a href=\"https:\/\/neobrussels.com\/wp-content\/uploads\/2021\/02\/Rubrique-Publicite-active-2020-DOC-16052019.pdf\">Transparence &#8211; Active principle<\/a>\r\n<ul>\r\n<li><sub><a href=\"https:\/\/neobrussels.com\/wp-content\/uploads\/2021\/02\/Documentation-publicite-active-2020.pdf\">Annex 1<\/a><\/sub><\/li>\r\n<li><sub><a href=\"https:\/\/neobrussels.com\/wp-content\/uploads\/2021\/02\/Tableau-NEO-inventaire-des-marches-publics-2020.pdf\">Annex 2<\/a><\/sub><\/li>\r\n<\/ul>\r\n<\/li>\r\n<\/ul>\r\n\r\n\r\n\r\n<h2 class=\"wp-block-heading\">2019<\/h2>\r\n\r\n\r\n\r\n<ul class=\"wp-block-list\">\r\n<li><a href=\"https:\/\/neobrussels.com\/wp-content\/uploads\/2020\/10\/NEO-SC-rapport-sur-la-transparence-2019.docx\" target=\"_blank\" rel=\"noreferrer noopener\" data-type=\"URL\" data-id=\"https:\/\/neobrussels.com\/wp-content\/uploads\/2020\/10\/NEO-SC-rapport-sur-la-transparence-2019.docx\">Transparence<\/a><\/li>\r\n<li><a href=\"https:\/\/neobrussels.com\/wp-content\/uploads\/2020\/10\/NEO-Tableau-mandataires-pour-rapport-de-transparence-2019.xlsx\" target=\"_blank\" rel=\"noreferrer noopener\" data-type=\"URL\" data-id=\"https:\/\/neobrussels.com\/wp-content\/uploads\/2020\/10\/NEO-Tableau-mandataires-pour-rapport-de-transparence-2019.xlsx\">Table of mandataries (Excel)<\/a><\/li>\r\n<\/ul>\r\n\r\n\r\n\r\n<h2 class=\"wp-block-heading\">2018<\/h2>\r\n\r\n\r\n\r\n<ul class=\"wp-block-list\">\r\n<li><a href=\"https:\/\/neobrussels.com\/wp-content\/uploads\/2020\/10\/Final-NEO-SCRL-sur-la-transparence-2018.docx\" target=\"_blank\" rel=\"noreferrer noopener\" data-type=\"URL\" data-id=\"https:\/\/neobrussels.com\/wp-content\/uploads\/2020\/10\/Final-NEO-SCRL-sur-la-transparence-2018.docx\">Transparence<\/a><\/li>\r\n<li><a href=\"https:\/\/neobrussels.com\/wp-content\/uploads\/2020\/10\/Final-Tableau-mandataires-pour-rapport-de-transparence-2018.pdf\" data-type=\"URL\" data-id=\"https:\/\/neobrussels.com\/wp-content\/uploads\/2020\/10\/Final-Tableau-mandataires-pour-rapport-de-transparence-2018.pdf\">Table of mandataries<\/a><a href=\"https:\/\/neobrussels.com\/wp-content\/uploads\/2020\/10\/Final-Tableau-mandataires-pour-rapport-de-transparence-2018.pdf\" target=\"_blank\" rel=\"noreferrer noopener\" data-type=\"URL\" data-id=\"https:\/\/neobrussels.com\/wp-content\/uploads\/2020\/10\/Final-Tableau-mandataires-pour-rapport-de-transparence-2018.pdf\"> (PDF)<\/a><\/li>\r\n<li><a href=\"https:\/\/neobrussels.com\/wp-content\/uploads\/2020\/10\/Final-Tableau-mandataires-pour-rapport-de-transparence-2018.xlsx\" target=\"_blank\" rel=\"noreferrer noopener\" data-type=\"URL\" data-id=\"https:\/\/neobrussels.com\/wp-content\/uploads\/2020\/10\/Final-Tableau-mandataires-pour-rapport-de-transparence-2018.xlsx\">Table of mandataries (Excel)<\/a><\/li>\r\n<\/ul>\r\n\r\n\r\n\r\n<h2 class=\"wp-block-heading\">2017<\/h2>\r\n\r\n\r\n\r\n<ul class=\"wp-block-list\">\r\n<li><a href=\"https:\/\/neobrussels.com\/wp-content\/uploads\/2020\/10\/20191115F-NEO-SCRL-rapport-de-remuneration-2017.docx\" target=\"_blank\" rel=\"noreferrer noopener\" data-type=\"URL\" data-id=\"https:\/\/neobrussels.com\/wp-content\/uploads\/2020\/10\/20191115F-NEO-SCRL-rapport-de-remuneration-2017.docx\">Compensation report<\/a><\/li>\r\n<\/ul>\r\n\r\n\r\n\r\n<h2 class=\"wp-block-heading\">2014 &#8211; 2016<\/h2>\r\n\r\n\r\n\r\n<ul class=\"wp-block-list\">\r\n<li><a href=\"https:\/\/neobrussels.com\/wp-content\/uploads\/2020\/10\/NEO-SCRL-rapport-de-re\u00b4mune\u00b4ration-2014-2016-004.pdf\" target=\"_blank\" rel=\"noreferrer noopener\" data-type=\"URL\" data-id=\"https:\/\/neobrussels.com\/wp-content\/uploads\/2020\/10\/NEO-SCRL-rapport-de-re\u00b4mune\u00b4ration-2014-2016-004.pdf\">Compensation report<\/a><\/li>\r\n<\/ul>\r\n","protected":false},"excerpt":{"rendered":"<p>Board of Directors Gaspard Roald AERDEN Anton HOUTHUYS Lieven BARO Rapha\u00ebl JEHOTTE Ischa LAMBRECHTS Eric MERCENIER Bernard RICHELLE Sofie BULLYNCK Philippe CLOSE Alexandre BARSTIJN Benjamin&#8230; <a class=\"more\" href=\"https:\/\/neobrussels.com\/en\/governance\/\">Continue<\/a><\/p>\n","protected":false},"author":1,"featured_media":525,"parent":0,"menu_order":0,"comment_status":"closed","ping_status":"closed","template":"","meta":{"_acf_changed":false,"footnotes":""},"class_list":["post-587","page","type-page","status-publish","has-post-thumbnail","hentry"],"acf":[],"yoast_head":"<!-- This site is optimized with the Yoast SEO plugin v24.2 - https:\/\/yoast.com\/wordpress\/plugins\/seo\/ -->\n<title>Transparence - NEO<\/title>\n<meta name=\"robots\" content=\"index, follow, max-snippet:-1, max-image-preview:large, max-video-preview:-1\" \/>\n<link rel=\"canonical\" href=\"https:\/\/neobrussels.com\/en\/governance\/\" \/>\n<meta property=\"og:locale\" content=\"en_US\" \/>\n<meta property=\"og:type\" content=\"article\" \/>\n<meta property=\"og:title\" content=\"Transparence - NEO\" \/>\n<meta property=\"og:description\" content=\"Board of Directors Gaspard Roald AERDEN Anton HOUTHUYS Lieven BARO Rapha\u00ebl JEHOTTE Ischa LAMBRECHTS Eric MERCENIER Bernard RICHELLE Sofie BULLYNCK Philippe CLOSE Alexandre BARSTIJN Benjamin... Continue\" \/>\n<meta property=\"og:url\" content=\"https:\/\/neobrussels.com\/en\/governance\/\" \/>\n<meta property=\"og:site_name\" content=\"NEO\" \/>\n<meta property=\"article:modified_time\" content=\"2026-03-31T13:39:34+00:00\" \/>\n<meta property=\"og:image\" content=\"https:\/\/neobrussels.com\/wp-content\/uploads\/2020\/08\/mice-2.jpg\" \/>\n\t<meta property=\"og:image:width\" content=\"1500\" \/>\n\t<meta property=\"og:image:height\" content=\"750\" \/>\n\t<meta property=\"og:image:type\" content=\"image\/jpeg\" \/>\n<meta name=\"twitter:card\" content=\"summary_large_image\" \/>\n<meta name=\"twitter:label1\" content=\"Est. reading time\" \/>\n\t<meta name=\"twitter:data1\" content=\"1 minute\" \/>\n<script type=\"application\/ld+json\" class=\"yoast-schema-graph\">{\"@context\":\"https:\/\/schema.org\",\"@graph\":[{\"@type\":\"WebPage\",\"@id\":\"https:\/\/neobrussels.com\/en\/governance\/\",\"url\":\"https:\/\/neobrussels.com\/en\/governance\/\",\"name\":\"Transparence - NEO\",\"isPartOf\":{\"@id\":\"https:\/\/neobrussels.com\/en\/#website\"},\"primaryImageOfPage\":{\"@id\":\"https:\/\/neobrussels.com\/en\/governance\/#primaryimage\"},\"image\":{\"@id\":\"https:\/\/neobrussels.com\/en\/governance\/#primaryimage\"},\"thumbnailUrl\":\"https:\/\/neobrussels.com\/wp-content\/uploads\/2020\/08\/mice-2.jpg\",\"datePublished\":\"2020-07-31T07:56:27+00:00\",\"dateModified\":\"2026-03-31T13:39:34+00:00\",\"breadcrumb\":{\"@id\":\"https:\/\/neobrussels.com\/en\/governance\/#breadcrumb\"},\"inLanguage\":\"en-US\",\"potentialAction\":[{\"@type\":\"ReadAction\",\"target\":[\"https:\/\/neobrussels.com\/en\/governance\/\"]}]},{\"@type\":\"ImageObject\",\"inLanguage\":\"en-US\",\"@id\":\"https:\/\/neobrussels.com\/en\/governance\/#primaryimage\",\"url\":\"https:\/\/neobrussels.com\/wp-content\/uploads\/2020\/08\/mice-2.jpg\",\"contentUrl\":\"https:\/\/neobrussels.com\/wp-content\/uploads\/2020\/08\/mice-2.jpg\",\"width\":1500,\"height\":750},{\"@type\":\"BreadcrumbList\",\"@id\":\"https:\/\/neobrussels.com\/en\/governance\/#breadcrumb\",\"itemListElement\":[{\"@type\":\"ListItem\",\"position\":1,\"name\":\"Accueil\",\"item\":\"https:\/\/neobrussels.com\/en\/\"},{\"@type\":\"ListItem\",\"position\":2,\"name\":\"Transparence\"}]},{\"@type\":\"WebSite\",\"@id\":\"https:\/\/neobrussels.com\/en\/#website\",\"url\":\"https:\/\/neobrussels.com\/en\/\",\"name\":\"NEO Brussels\",\"description\":\"D\u00e9veloppement et r\u00e9am\u00e9nagement du plateau du Heysel. Une nouvelle ambition pour Bruxelles.\",\"publisher\":{\"@id\":\"https:\/\/neobrussels.com\/en\/#organization\"},\"potentialAction\":[{\"@type\":\"SearchAction\",\"target\":{\"@type\":\"EntryPoint\",\"urlTemplate\":\"https:\/\/neobrussels.com\/en\/?s={search_term_string}\"},\"query-input\":{\"@type\":\"PropertyValueSpecification\",\"valueRequired\":true,\"valueName\":\"search_term_string\"}}],\"inLanguage\":\"en-US\"},{\"@type\":\"Organization\",\"@id\":\"https:\/\/neobrussels.com\/en\/#organization\",\"name\":\"NEO\",\"url\":\"https:\/\/neobrussels.com\/en\/\",\"logo\":{\"@type\":\"ImageObject\",\"inLanguage\":\"en-US\",\"@id\":\"https:\/\/neobrussels.com\/en\/#\/schema\/logo\/image\/\",\"url\":\"https:\/\/neobrussels.com\/wp-content\/uploads\/2025\/01\/Sans-titre-2.png\",\"contentUrl\":\"https:\/\/neobrussels.com\/wp-content\/uploads\/2025\/01\/Sans-titre-2.png\",\"width\":186,\"height\":228,\"caption\":\"NEO\"},\"image\":{\"@id\":\"https:\/\/neobrussels.com\/en\/#\/schema\/logo\/image\/\"},\"sameAs\":[\"https:\/\/www.linkedin.com\/company\/103968427\/admin\/dashboard\/\"]}]}<\/script>\n<!-- \/ Yoast SEO plugin. -->","yoast_head_json":{"title":"Transparence - NEO","robots":{"index":"index","follow":"follow","max-snippet":"max-snippet:-1","max-image-preview":"max-image-preview:large","max-video-preview":"max-video-preview:-1"},"canonical":"https:\/\/neobrussels.com\/en\/governance\/","og_locale":"en_US","og_type":"article","og_title":"Transparence - NEO","og_description":"Board of Directors Gaspard Roald AERDEN Anton HOUTHUYS Lieven BARO Rapha\u00ebl JEHOTTE Ischa LAMBRECHTS Eric MERCENIER Bernard RICHELLE Sofie BULLYNCK Philippe CLOSE Alexandre BARSTIJN Benjamin... Continue","og_url":"https:\/\/neobrussels.com\/en\/governance\/","og_site_name":"NEO","article_modified_time":"2026-03-31T13:39:34+00:00","og_image":[{"width":1500,"height":750,"url":"https:\/\/neobrussels.com\/wp-content\/uploads\/2020\/08\/mice-2.jpg","type":"image\/jpeg"}],"twitter_card":"summary_large_image","twitter_misc":{"Est. reading time":"1 minute"},"schema":{"@context":"https:\/\/schema.org","@graph":[{"@type":"WebPage","@id":"https:\/\/neobrussels.com\/en\/governance\/","url":"https:\/\/neobrussels.com\/en\/governance\/","name":"Transparence - NEO","isPartOf":{"@id":"https:\/\/neobrussels.com\/en\/#website"},"primaryImageOfPage":{"@id":"https:\/\/neobrussels.com\/en\/governance\/#primaryimage"},"image":{"@id":"https:\/\/neobrussels.com\/en\/governance\/#primaryimage"},"thumbnailUrl":"https:\/\/neobrussels.com\/wp-content\/uploads\/2020\/08\/mice-2.jpg","datePublished":"2020-07-31T07:56:27+00:00","dateModified":"2026-03-31T13:39:34+00:00","breadcrumb":{"@id":"https:\/\/neobrussels.com\/en\/governance\/#breadcrumb"},"inLanguage":"en-US","potentialAction":[{"@type":"ReadAction","target":["https:\/\/neobrussels.com\/en\/governance\/"]}]},{"@type":"ImageObject","inLanguage":"en-US","@id":"https:\/\/neobrussels.com\/en\/governance\/#primaryimage","url":"https:\/\/neobrussels.com\/wp-content\/uploads\/2020\/08\/mice-2.jpg","contentUrl":"https:\/\/neobrussels.com\/wp-content\/uploads\/2020\/08\/mice-2.jpg","width":1500,"height":750},{"@type":"BreadcrumbList","@id":"https:\/\/neobrussels.com\/en\/governance\/#breadcrumb","itemListElement":[{"@type":"ListItem","position":1,"name":"Accueil","item":"https:\/\/neobrussels.com\/en\/"},{"@type":"ListItem","position":2,"name":"Transparence"}]},{"@type":"WebSite","@id":"https:\/\/neobrussels.com\/en\/#website","url":"https:\/\/neobrussels.com\/en\/","name":"NEO Brussels","description":"D\u00e9veloppement et r\u00e9am\u00e9nagement du plateau du Heysel. Une nouvelle ambition pour Bruxelles.","publisher":{"@id":"https:\/\/neobrussels.com\/en\/#organization"},"potentialAction":[{"@type":"SearchAction","target":{"@type":"EntryPoint","urlTemplate":"https:\/\/neobrussels.com\/en\/?s={search_term_string}"},"query-input":{"@type":"PropertyValueSpecification","valueRequired":true,"valueName":"search_term_string"}}],"inLanguage":"en-US"},{"@type":"Organization","@id":"https:\/\/neobrussels.com\/en\/#organization","name":"NEO","url":"https:\/\/neobrussels.com\/en\/","logo":{"@type":"ImageObject","inLanguage":"en-US","@id":"https:\/\/neobrussels.com\/en\/#\/schema\/logo\/image\/","url":"https:\/\/neobrussels.com\/wp-content\/uploads\/2025\/01\/Sans-titre-2.png","contentUrl":"https:\/\/neobrussels.com\/wp-content\/uploads\/2025\/01\/Sans-titre-2.png","width":186,"height":228,"caption":"NEO"},"image":{"@id":"https:\/\/neobrussels.com\/en\/#\/schema\/logo\/image\/"},"sameAs":["https:\/\/www.linkedin.com\/company\/103968427\/admin\/dashboard\/"]}]}},"_links":{"self":[{"href":"https:\/\/neobrussels.com\/en\/wp-json\/wp\/v2\/pages\/587","targetHints":{"allow":["GET"]}}],"collection":[{"href":"https:\/\/neobrussels.com\/en\/wp-json\/wp\/v2\/pages"}],"about":[{"href":"https:\/\/neobrussels.com\/en\/wp-json\/wp\/v2\/types\/page"}],"author":[{"embeddable":true,"href":"https:\/\/neobrussels.com\/en\/wp-json\/wp\/v2\/users\/1"}],"replies":[{"embeddable":true,"href":"https:\/\/neobrussels.com\/en\/wp-json\/wp\/v2\/comments?post=587"}],"version-history":[{"count":17,"href":"https:\/\/neobrussels.com\/en\/wp-json\/wp\/v2\/pages\/587\/revisions"}],"predecessor-version":[{"id":2830,"href":"https:\/\/neobrussels.com\/en\/wp-json\/wp\/v2\/pages\/587\/revisions\/2830"}],"wp:featuredmedia":[{"embeddable":true,"href":"https:\/\/neobrussels.com\/en\/wp-json\/wp\/v2\/media\/525"}],"wp:attachment":[{"href":"https:\/\/neobrussels.com\/en\/wp-json\/wp\/v2\/media?parent=587"}],"curies":[{"name":"wp","href":"https:\/\/api.w.org\/{rel}","templated":true}]}}