{"id":583,"date":"2020-07-31T09:56:42","date_gmt":"2020-07-31T07:56:42","guid":{"rendered":"http:\/\/localhost:8888\/neo\/contact\/"},"modified":"2020-10-22T08:27:41","modified_gmt":"2020-10-22T06:27:41","slug":"contact","status":"publish","type":"page","link":"https:\/\/neobrussels.com\/en\/contact\/","title":{"rendered":"Contact"},"content":{"rendered":"\n<p><strong>Thomas Simon<\/strong><br><a href=\"mailto:info@neo.brussels\">info@neo.brussels<\/a><br>+32 2 658 45 75<\/p>\n","protected":false},"excerpt":{"rendered":"<p>Thomas Simoninfo@neo.brussels+32 2 658 45 75<\/p>\n","protected":false},"author":1,"featured_media":533,"parent":0,"menu_order":0,"comment_status":"closed","ping_status":"closed","template":"","meta":{"_acf_changed":false,"footnotes":""},"class_list":["post-583","page","type-page","status-publish","has-post-thumbnail","hentry"],"acf":[],"yoast_head":"<!-- This site is optimized with the Yoast SEO plugin v24.2 - https:\/\/yoast.com\/wordpress\/plugins\/seo\/ -->\n<title>Contact - NEO<\/title>\n<meta name=\"robots\" content=\"index, follow, max-snippet:-1, max-image-preview:large, max-video-preview:-1\" \/>\n<link rel=\"canonical\" href=\"https:\/\/neobrussels.com\/en\/contact\/\" \/>\n<meta property=\"og:locale\" content=\"en_US\" \/>\n<meta property=\"og:type\" content=\"article\" \/>\n<meta property=\"og:title\" content=\"Contact - NEO\" \/>\n<meta property=\"og:description\" content=\"Thomas Simoninfo@neo.brussels+32 2 658 45 75\" \/>\n<meta property=\"og:url\" content=\"https:\/\/neobrussels.com\/en\/contact\/\" \/>\n<meta property=\"og:site_name\" content=\"NEO\" \/>\n<meta property=\"article:modified_time\" content=\"2020-10-22T06:27:41+00:00\" \/>\n<meta property=\"og:image\" content=\"https:\/\/neobrussels.com\/wp-content\/uploads\/2020\/08\/Avenue_Houbba_de_Strooper_shopping_frontage.jpg\" \/>\n\t<meta property=\"og:image:width\" content=\"1500\" \/>\n\t<meta property=\"og:image:height\" content=\"1023\" \/>\n\t<meta property=\"og:image:type\" content=\"image\/jpeg\" \/>\n<meta name=\"twitter:card\" content=\"summary_large_image\" \/>\n<script type=\"application\/ld+json\" class=\"yoast-schema-graph\">{\"@context\":\"https:\/\/schema.org\",\"@graph\":[{\"@type\":\"WebPage\",\"@id\":\"https:\/\/neobrussels.com\/en\/contact\/\",\"url\":\"https:\/\/neobrussels.com\/en\/contact\/\",\"name\":\"Contact - NEO\",\"isPartOf\":{\"@id\":\"https:\/\/neobrussels.com\/en\/#website\"},\"primaryImageOfPage\":{\"@id\":\"https:\/\/neobrussels.com\/en\/contact\/#primaryimage\"},\"image\":{\"@id\":\"https:\/\/neobrussels.com\/en\/contact\/#primaryimage\"},\"thumbnailUrl\":\"https:\/\/neobrussels.com\/wp-content\/uploads\/2020\/08\/Avenue_Houbba_de_Strooper_shopping_frontage.jpg\",\"datePublished\":\"2020-07-31T07:56:42+00:00\",\"dateModified\":\"2020-10-22T06:27:41+00:00\",\"breadcrumb\":{\"@id\":\"https:\/\/neobrussels.com\/en\/contact\/#breadcrumb\"},\"inLanguage\":\"en-US\",\"potentialAction\":[{\"@type\":\"ReadAction\",\"target\":[\"https:\/\/neobrussels.com\/en\/contact\/\"]}]},{\"@type\":\"ImageObject\",\"inLanguage\":\"en-US\",\"@id\":\"https:\/\/neobrussels.com\/en\/contact\/#primaryimage\",\"url\":\"https:\/\/neobrussels.com\/wp-content\/uploads\/2020\/08\/Avenue_Houbba_de_Strooper_shopping_frontage.jpg\",\"contentUrl\":\"https:\/\/neobrussels.com\/wp-content\/uploads\/2020\/08\/Avenue_Houbba_de_Strooper_shopping_frontage.jpg\",\"width\":1500,\"height\":1023},{\"@type\":\"BreadcrumbList\",\"@id\":\"https:\/\/neobrussels.com\/en\/contact\/#breadcrumb\",\"itemListElement\":[{\"@type\":\"ListItem\",\"position\":1,\"name\":\"Accueil\",\"item\":\"https:\/\/neobrussels.com\/en\/\"},{\"@type\":\"ListItem\",\"position\":2,\"name\":\"Contact\"}]},{\"@type\":\"WebSite\",\"@id\":\"https:\/\/neobrussels.com\/en\/#website\",\"url\":\"https:\/\/neobrussels.com\/en\/\",\"name\":\"NEO Brussels\",\"description\":\"D\u00e9veloppement et r\u00e9am\u00e9nagement du plateau du Heysel. Une nouvelle ambition pour Bruxelles.\",\"publisher\":{\"@id\":\"https:\/\/neobrussels.com\/en\/#organization\"},\"potentialAction\":[{\"@type\":\"SearchAction\",\"target\":{\"@type\":\"EntryPoint\",\"urlTemplate\":\"https:\/\/neobrussels.com\/en\/?s={search_term_string}\"},\"query-input\":{\"@type\":\"PropertyValueSpecification\",\"valueRequired\":true,\"valueName\":\"search_term_string\"}}],\"inLanguage\":\"en-US\"},{\"@type\":\"Organization\",\"@id\":\"https:\/\/neobrussels.com\/en\/#organization\",\"name\":\"NEO\",\"url\":\"https:\/\/neobrussels.com\/en\/\",\"logo\":{\"@type\":\"ImageObject\",\"inLanguage\":\"en-US\",\"@id\":\"https:\/\/neobrussels.com\/en\/#\/schema\/logo\/image\/\",\"url\":\"https:\/\/neobrussels.com\/wp-content\/uploads\/2025\/01\/Sans-titre-2.png\",\"contentUrl\":\"https:\/\/neobrussels.com\/wp-content\/uploads\/2025\/01\/Sans-titre-2.png\",\"width\":186,\"height\":228,\"caption\":\"NEO\"},\"image\":{\"@id\":\"https:\/\/neobrussels.com\/en\/#\/schema\/logo\/image\/\"},\"sameAs\":[\"https:\/\/www.linkedin.com\/company\/103968427\/admin\/dashboard\/\"]}]}<\/script>\n<!-- \/ Yoast SEO plugin. -->","yoast_head_json":{"title":"Contact - NEO","robots":{"index":"index","follow":"follow","max-snippet":"max-snippet:-1","max-image-preview":"max-image-preview:large","max-video-preview":"max-video-preview:-1"},"canonical":"https:\/\/neobrussels.com\/en\/contact\/","og_locale":"en_US","og_type":"article","og_title":"Contact - NEO","og_description":"Thomas Simoninfo@neo.brussels+32 2 658 45 75","og_url":"https:\/\/neobrussels.com\/en\/contact\/","og_site_name":"NEO","article_modified_time":"2020-10-22T06:27:41+00:00","og_image":[{"width":1500,"height":1023,"url":"https:\/\/neobrussels.com\/wp-content\/uploads\/2020\/08\/Avenue_Houbba_de_Strooper_shopping_frontage.jpg","type":"image\/jpeg"}],"twitter_card":"summary_large_image","schema":{"@context":"https:\/\/schema.org","@graph":[{"@type":"WebPage","@id":"https:\/\/neobrussels.com\/en\/contact\/","url":"https:\/\/neobrussels.com\/en\/contact\/","name":"Contact - NEO","isPartOf":{"@id":"https:\/\/neobrussels.com\/en\/#website"},"primaryImageOfPage":{"@id":"https:\/\/neobrussels.com\/en\/contact\/#primaryimage"},"image":{"@id":"https:\/\/neobrussels.com\/en\/contact\/#primaryimage"},"thumbnailUrl":"https:\/\/neobrussels.com\/wp-content\/uploads\/2020\/08\/Avenue_Houbba_de_Strooper_shopping_frontage.jpg","datePublished":"2020-07-31T07:56:42+00:00","dateModified":"2020-10-22T06:27:41+00:00","breadcrumb":{"@id":"https:\/\/neobrussels.com\/en\/contact\/#breadcrumb"},"inLanguage":"en-US","potentialAction":[{"@type":"ReadAction","target":["https:\/\/neobrussels.com\/en\/contact\/"]}]},{"@type":"ImageObject","inLanguage":"en-US","@id":"https:\/\/neobrussels.com\/en\/contact\/#primaryimage","url":"https:\/\/neobrussels.com\/wp-content\/uploads\/2020\/08\/Avenue_Houbba_de_Strooper_shopping_frontage.jpg","contentUrl":"https:\/\/neobrussels.com\/wp-content\/uploads\/2020\/08\/Avenue_Houbba_de_Strooper_shopping_frontage.jpg","width":1500,"height":1023},{"@type":"BreadcrumbList","@id":"https:\/\/neobrussels.com\/en\/contact\/#breadcrumb","itemListElement":[{"@type":"ListItem","position":1,"name":"Accueil","item":"https:\/\/neobrussels.com\/en\/"},{"@type":"ListItem","position":2,"name":"Contact"}]},{"@type":"WebSite","@id":"https:\/\/neobrussels.com\/en\/#website","url":"https:\/\/neobrussels.com\/en\/","name":"NEO Brussels","description":"D\u00e9veloppement et r\u00e9am\u00e9nagement du plateau du Heysel. Une nouvelle ambition pour Bruxelles.","publisher":{"@id":"https:\/\/neobrussels.com\/en\/#organization"},"potentialAction":[{"@type":"SearchAction","target":{"@type":"EntryPoint","urlTemplate":"https:\/\/neobrussels.com\/en\/?s={search_term_string}"},"query-input":{"@type":"PropertyValueSpecification","valueRequired":true,"valueName":"search_term_string"}}],"inLanguage":"en-US"},{"@type":"Organization","@id":"https:\/\/neobrussels.com\/en\/#organization","name":"NEO","url":"https:\/\/neobrussels.com\/en\/","logo":{"@type":"ImageObject","inLanguage":"en-US","@id":"https:\/\/neobrussels.com\/en\/#\/schema\/logo\/image\/","url":"https:\/\/neobrussels.com\/wp-content\/uploads\/2025\/01\/Sans-titre-2.png","contentUrl":"https:\/\/neobrussels.com\/wp-content\/uploads\/2025\/01\/Sans-titre-2.png","width":186,"height":228,"caption":"NEO"},"image":{"@id":"https:\/\/neobrussels.com\/en\/#\/schema\/logo\/image\/"},"sameAs":["https:\/\/www.linkedin.com\/company\/103968427\/admin\/dashboard\/"]}]}},"_links":{"self":[{"href":"https:\/\/neobrussels.com\/en\/wp-json\/wp\/v2\/pages\/583","targetHints":{"allow":["GET"]}}],"collection":[{"href":"https:\/\/neobrussels.com\/en\/wp-json\/wp\/v2\/pages"}],"about":[{"href":"https:\/\/neobrussels.com\/en\/wp-json\/wp\/v2\/types\/page"}],"author":[{"embeddable":true,"href":"https:\/\/neobrussels.com\/en\/wp-json\/wp\/v2\/users\/1"}],"replies":[{"embeddable":true,"href":"https:\/\/neobrussels.com\/en\/wp-json\/wp\/v2\/comments?post=583"}],"version-history":[{"count":4,"href":"https:\/\/neobrussels.com\/en\/wp-json\/wp\/v2\/pages\/583\/revisions"}],"predecessor-version":[{"id":1755,"href":"https:\/\/neobrussels.com\/en\/wp-json\/wp\/v2\/pages\/583\/revisions\/1755"}],"wp:featuredmedia":[{"embeddable":true,"href":"https:\/\/neobrussels.com\/en\/wp-json\/wp\/v2\/media\/533"}],"wp:attachment":[{"href":"https:\/\/neobrussels.com\/en\/wp-json\/wp\/v2\/media?parent=583"}],"curies":[{"name":"wp","href":"https:\/\/api.w.org\/{rel}","templated":true}]}}